{"id":1446,"date":"2021-12-22T16:29:26","date_gmt":"2021-12-22T16:29:26","guid":{"rendered":"https:\/\/www.naturefresh.eu\/il-progetto\/espera-labeller\/"},"modified":"2022-01-28T08:54:57","modified_gmt":"2022-01-28T08:54:57","slug":"etichettatrice-espera","status":"publish","type":"page","link":"https:\/\/www.naturefresh.eu\/it\/il-progetto\/etichettatrice-espera\/","title":{"rendered":"ETICHETTATRICE ESPERA"},"content":{"rendered":"\t\t<div data-elementor-type=\"wp-page\" data-elementor-id=\"1446\" class=\"elementor elementor-1446\" data-elementor-post-type=\"page\">\n\t\t\t\t\t\t<section class=\"elementor-section elementor-top-section elementor-element elementor-element-dea8705 elementor-section-content-middle elementor-section-boxed elementor-section-height-default elementor-section-height-default\" data-id=\"dea8705\" data-element_type=\"section\" data-e-type=\"section\">\n\t\t\t\t\t\t<div class=\"elementor-container elementor-column-gap-default\">\n\t\t\t\t\t<div class=\"elementor-column elementor-col-50 elementor-top-column elementor-element elementor-element-0d8e2a8\" data-id=\"0d8e2a8\" data-element_type=\"column\" data-e-type=\"column\">\n\t\t\t<div class=\"elementor-widget-wrap elementor-element-populated\">\n\t\t\t\t\t\t<div class=\"elementor-element elementor-element-2f54f51 elementor-widget elementor-widget-heading\" data-id=\"2f54f51\" data-element_type=\"widget\" data-e-type=\"widget\" data-widget_type=\"heading.default\">\n\t\t\t\t<div class=\"elementor-widget-container\">\n\t\t\t\t\t<h1 class=\"elementor-heading-title elementor-size-default\">ETICHETTATRICE ESPERA<\/h1>\t\t\t\t<\/div>\n\t\t\t\t<\/div>\n\t\t\t\t\t<\/div>\n\t\t<\/div>\n\t\t\t\t<div class=\"elementor-column elementor-col-50 elementor-top-column elementor-element elementor-element-0f1471b\" data-id=\"0f1471b\" data-element_type=\"column\" data-e-type=\"column\">\n\t\t\t<div class=\"elementor-widget-wrap elementor-element-populated\">\n\t\t\t\t\t\t<div class=\"elementor-element elementor-element-24db75a elementor-widget elementor-widget-image\" data-id=\"24db75a\" data-element_type=\"widget\" data-e-type=\"widget\" data-widget_type=\"image.default\">\n\t\t\t\t<div class=\"elementor-widget-container\">\n\t\t\t\t\t\t\t\t\t\t\t\t\t\t\t<img fetchpriority=\"high\" decoding=\"async\" width=\"768\" height=\"432\" src=\"https:\/\/www.naturefresh.eu\/wp-content\/uploads\/2021\/12\/Espera-1-768x432.jpg\" class=\"attachment-medium_large size-medium_large wp-image-1088\" alt=\"Espera Labeller\" srcset=\"https:\/\/www.naturefresh.eu\/wp-content\/uploads\/2021\/12\/Espera-1-768x432.jpg 768w, https:\/\/www.naturefresh.eu\/wp-content\/uploads\/2021\/12\/Espera-1-300x169.jpg 300w, https:\/\/www.naturefresh.eu\/wp-content\/uploads\/2021\/12\/Espera-1-1024x576.jpg 1024w, https:\/\/www.naturefresh.eu\/wp-content\/uploads\/2021\/12\/Espera-1.jpg 1280w\" sizes=\"(max-width: 768px) 100vw, 768px\" \/>\t\t\t\t\t\t\t\t\t\t\t\t\t\t\t<\/div>\n\t\t\t\t<\/div>\n\t\t\t\t\t<\/div>\n\t\t<\/div>\n\t\t\t\t\t<\/div>\n\t\t<\/section>\n\t\t\t\t<section class=\"elementor-section elementor-top-section elementor-element elementor-element-4f15389 elementor-section-boxed elementor-section-height-default elementor-section-height-default\" data-id=\"4f15389\" data-element_type=\"section\" data-e-type=\"section\">\n\t\t\t\t\t\t<div class=\"elementor-container elementor-column-gap-default\">\n\t\t\t\t\t<div class=\"elementor-column elementor-col-100 elementor-top-column elementor-element elementor-element-5d1fa23\" data-id=\"5d1fa23\" data-element_type=\"column\" data-e-type=\"column\">\n\t\t\t<div class=\"elementor-widget-wrap elementor-element-populated\">\n\t\t\t\t\t\t<div class=\"elementor-element elementor-element-783c1eb elementor-widget elementor-widget-text-editor\" data-id=\"783c1eb\" data-element_type=\"widget\" data-e-type=\"widget\" data-widget_type=\"text-editor.default\">\n\t\t\t\t<div class=\"elementor-widget-container\">\n\t\t\t\t\t\t\t\t\t<p>Le soluzioni con film compostabile richiedono nuovi adattamenti dei <strong>sistemi di etichettatura<\/strong>. A causa del diverso comportamento del film compostabile rispetto a quello non compostabile, come rispetto all\u2019attrito, all\u2019adesione e alla resistenza alla temperatura, i sistemi di etichettatura e di applicazione dei processi automatizzati sono stati <strong>adattati e modificati in linea con il film \u201cNature Fresh\u201d<\/strong>. Queste modifiche garantiscono una perfetta maneggevolezza e trasportabilit\u00e0 delle confezioni avvolte con il nuovo film Nature Fresh, nonch\u00e9 la possibilit\u00e0 di applicare etichette che si adattano e aderiscono perfettamente ad esso. <strong>La nuova macchina integrata di pesatura, etichettatura e confezionamento combina un approccio completamente compostabile<\/strong> con un\u2019unit\u00e0 di applicazione ed etichettatura ad alta velocit\u00e0, che \u00e8 in grado di gestire al meglio il materiale della pellicola compostabile. Inoltre anche le etichette compostabili (secondo la norma UNI EN 13432) possono essere utilizzate con questo sistema combinato senza limitazioni, anche quando siano colorate o rivestite, perch\u00e9 la biodegradabilit\u00e0 \u00e8 stata valutata per tutti i tipi di etichette. <strong>Le etichette compostabili<\/strong> aprono nuovi orizzonti per quanto riguarda la biodegradabilit\u00e0, perch\u00e9 una confezione completa, dal vassoio, al film, fino all\u2019etichetta che vi \u00e8 applicata, pu\u00f2 essere compostata interamente in un unico gesto e rappresenta pertanto una soluzione unica sul mercato alimentare.<\/p>\t\t\t\t\t\t\t\t<\/div>\n\t\t\t\t<\/div>\n\t\t\t\t\t<\/div>\n\t\t<\/div>\n\t\t\t\t\t<\/div>\n\t\t<\/section>\n\t\t\t\t<\/div>\n\t\t","protected":false},"excerpt":{"rendered":"<p>ETICHETTATRICE ESPERA Le soluzioni con film compostabile richiedono nuovi adattamenti dei sistemi di etichettatura. A causa del diverso comportamento del film compostabile rispetto a quello non compostabile, come rispetto all\u2019attrito, all\u2019adesione e alla resistenza alla temperatura, i sistemi di etichettatura e di applicazione dei processi automatizzati sono stati adattati e modificati in linea con il&hellip;&nbsp;<a href=\"https:\/\/www.naturefresh.eu\/it\/il-progetto\/etichettatrice-espera\/\" rel=\"bookmark\">Leggi tutto &raquo;<span class=\"screen-reader-text\">ETICHETTATRICE ESPERA<\/span><\/a><\/p>\n","protected":false},"author":1,"featured_media":0,"parent":1372,"menu_order":0,"comment_status":"closed","ping_status":"closed","template":"page-templates\/template-pagebuilder-full-width.php","meta":{"neve_meta_sidebar":"","neve_meta_container":"","neve_meta_enable_content_width":"","neve_meta_content_width":0,"neve_meta_title_alignment":"","neve_meta_author_avatar":"","neve_post_elements_order":"","neve_meta_disable_header":"","neve_meta_disable_footer":"","neve_meta_disable_title":"","footnotes":""},"class_list":["post-1446","page","type-page","status-publish","hentry"],"_links":{"self":[{"href":"https:\/\/www.naturefresh.eu\/it\/wp-json\/wp\/v2\/pages\/1446","targetHints":{"allow":["GET"]}}],"collection":[{"href":"https:\/\/www.naturefresh.eu\/it\/wp-json\/wp\/v2\/pages"}],"about":[{"href":"https:\/\/www.naturefresh.eu\/it\/wp-json\/wp\/v2\/types\/page"}],"author":[{"embeddable":true,"href":"https:\/\/www.naturefresh.eu\/it\/wp-json\/wp\/v2\/users\/1"}],"replies":[{"embeddable":true,"href":"https:\/\/www.naturefresh.eu\/it\/wp-json\/wp\/v2\/comments?post=1446"}],"version-history":[{"count":4,"href":"https:\/\/www.naturefresh.eu\/it\/wp-json\/wp\/v2\/pages\/1446\/revisions"}],"predecessor-version":[{"id":1463,"href":"https:\/\/www.naturefresh.eu\/it\/wp-json\/wp\/v2\/pages\/1446\/revisions\/1463"}],"up":[{"embeddable":true,"href":"https:\/\/www.naturefresh.eu\/it\/wp-json\/wp\/v2\/pages\/1372"}],"wp:attachment":[{"href":"https:\/\/www.naturefresh.eu\/it\/wp-json\/wp\/v2\/media?parent=1446"}],"curies":[{"name":"wp","href":"https:\/\/api.w.org\/{rel}","templated":true}]}}