{"id":1781,"date":"2021-12-18T00:13:56","date_gmt":"2021-12-18T00:13:56","guid":{"rendered":"https:\/\/www.naturefresh.eu\/work-packages\/"},"modified":"2022-02-09T11:00:31","modified_gmt":"2022-02-09T11:00:31","slug":"modules-de-travail","status":"publish","type":"page","link":"https:\/\/www.naturefresh.eu\/fr\/modules-de-travail\/","title":{"rendered":"Modules De Travail"},"content":{"rendered":"\t\t<div data-elementor-type=\"wp-page\" data-elementor-id=\"1781\" class=\"elementor elementor-1781 elementor-300\" data-elementor-post-type=\"page\">\n\t\t\t\t\t\t<section class=\"elementor-section elementor-top-section elementor-element elementor-element-d58ea62 elementor-section-content-middle elementor-section-full_width elementor-section-height-min-height elementor-section-height-default elementor-section-items-middle\" data-id=\"d58ea62\" data-element_type=\"section\" data-e-type=\"section\" data-settings=\"{&quot;background_background&quot;:&quot;classic&quot;}\">\n\t\t\t\t\t\t<div class=\"elementor-container elementor-column-gap-default\">\n\t\t\t\t\t<div class=\"elementor-column elementor-col-100 elementor-top-column elementor-element elementor-element-978314f\" data-id=\"978314f\" data-element_type=\"column\" data-e-type=\"column\">\n\t\t\t<div class=\"elementor-widget-wrap elementor-element-populated\">\n\t\t\t\t\t\t<div class=\"elementor-element elementor-element-fe4411c titlePage elementor-widget elementor-widget-heading\" data-id=\"fe4411c\" data-element_type=\"widget\" data-e-type=\"widget\" data-widget_type=\"heading.default\">\n\t\t\t\t<div class=\"elementor-widget-container\">\n\t\t\t\t\t<h1 class=\"elementor-heading-title elementor-size-default\">Modules De Travail<\/h1>\t\t\t\t<\/div>\n\t\t\t\t<\/div>\n\t\t\t\t\t<\/div>\n\t\t<\/div>\n\t\t\t\t\t<\/div>\n\t\t<\/section>\n\t\t\t\t<section class=\"elementor-section elementor-top-section elementor-element elementor-element-4289a2a elementor-section-content-middle elementor-section-boxed elementor-section-height-default elementor-section-height-default\" data-id=\"4289a2a\" data-element_type=\"section\" data-e-type=\"section\" data-settings=\"{&quot;background_background&quot;:&quot;classic&quot;}\">\n\t\t\t\t\t\t<div class=\"elementor-container elementor-column-gap-default\">\n\t\t\t\t\t<div class=\"elementor-column elementor-col-100 elementor-top-column elementor-element elementor-element-b10cbf9\" data-id=\"b10cbf9\" data-element_type=\"column\" data-e-type=\"column\">\n\t\t\t<div class=\"elementor-widget-wrap elementor-element-populated\">\n\t\t\t\t\t\t<div class=\"elementor-element elementor-element-386b95b elementor-widget elementor-widget-text-editor\" data-id=\"386b95b\" data-element_type=\"widget\" data-e-type=\"widget\" data-widget_type=\"text-editor.default\">\n\t\t\t\t<div class=\"elementor-widget-container\">\n\t\t\t\t\t\t\t\t\t<p class=\"p1\" style=\"margin: 0px;\"><span style=\"font-weight: 400;\">Le projet <strong>Nature Fresh<\/strong> comprend diff\u00e9rents Modules de Travail (MT) que le Consortium s&rsquo;engage \u00e0 r\u00e9aliser dans les d\u00e9lais impartis et \u00e0 transmettre par le biais d&rsquo;une s\u00e9rie de livrables et de rapports finaux (\u00e0 mi-parcours et \u00e0 la fin du projet)\u00a0:<\/span><\/p>\t\t\t\t\t\t\t\t<\/div>\n\t\t\t\t<\/div>\n\t\t\t\t<div class=\"elementor-element elementor-element-b16cdb6 elementor-widget elementor-widget-image\" data-id=\"b16cdb6\" data-element_type=\"widget\" data-e-type=\"widget\" data-widget_type=\"image.default\">\n\t\t\t\t<div class=\"elementor-widget-container\">\n\t\t\t\t\t\t\t\t\t\t\t\t\t\t\t<img fetchpriority=\"high\" decoding=\"async\" width=\"1024\" height=\"106\" src=\"https:\/\/www.naturefresh.eu\/wp-content\/uploads\/2021\/12\/Project-2-1024x106.png\" class=\"attachment-large size-large wp-image-507\" alt=\"\" srcset=\"https:\/\/www.naturefresh.eu\/wp-content\/uploads\/2021\/12\/Project-2-1024x106.png 1024w, https:\/\/www.naturefresh.eu\/wp-content\/uploads\/2021\/12\/Project-2-300x31.png 300w, https:\/\/www.naturefresh.eu\/wp-content\/uploads\/2021\/12\/Project-2-768x79.png 768w, https:\/\/www.naturefresh.eu\/wp-content\/uploads\/2021\/12\/Project-2.png 1064w\" sizes=\"(max-width: 1024px) 100vw, 1024px\" \/>\t\t\t\t\t\t\t\t\t\t\t\t\t\t\t<\/div>\n\t\t\t\t<\/div>\n\t\t\t\t<div class=\"elementor-element elementor-element-7747841 elementor-widget elementor-widget-text-editor\" data-id=\"7747841\" data-element_type=\"widget\" data-e-type=\"widget\" data-widget_type=\"text-editor.default\">\n\t\t\t\t<div class=\"elementor-widget-container\">\n\t\t\t\t\t\t\t\t\t<h3><span style=\"color: #076633;\"><br \/>MT1: Optimisation des films compostables<\/span><\/h3><p>De juillet 2019 \u00e0 d\u00e9cembre 2021, \u00e0 travers ce module de travail, le Consortium vise \u00e0 \u00e9valuer les performances cibles du film, le produire, le tester en interne et chez les clients, et l\u2019optimiser si n\u00e9cessaire.<\/p><p><i style=\"color: var(--nv-text-color); font-family: var(--bodyFontFamily),var(--nv-fallback-ff); font-size: var(--bodyFontSize); font-weight: var(--bodyFontWeight); letter-spacing: var(--bodyLetterSpacing); text-transform: var(--bodyTextTransform);\">Partenaire responsable: Fabbri Group, en coop\u00e9ration avec Espera, Teixpac, CTME.<\/i><\/p>\t\t\t\t\t\t\t\t<\/div>\n\t\t\t\t<\/div>\n\t\t\t\t<div class=\"elementor-element elementor-element-5372405 elementor-widget elementor-widget-text-editor\" data-id=\"5372405\" data-element_type=\"widget\" data-e-type=\"widget\" data-widget_type=\"text-editor.default\">\n\t\t\t\t<div class=\"elementor-widget-container\">\n\t\t\t\t\t\t\t\t\t<h3><span style=\"color: #076633;\">MT2: Concevoir et d\u00e9velopper des machines d\u2019emballage<\/span><\/h3><p>De juillet 2019 \u00e0 d\u00e9cembre 2021, le Consortium a pour objectif de concevoir et de construire les machines d\u2019emballage (1 mod\u00e8le pour la vente au d\u00e9tail, 1 mod\u00e8le pour l\u2019industrie), de cr\u00e9er une documentation sur la formation, les proc\u00e9dures d\u2019exploitation et le d\u00e9pannage, et de pr\u00e9parer le dossier technique des produits afin d\u2019obtenir la marque CE.<\/p><p><i style=\"color: var(--nv-text-color); font-family: var(--bodyFontFamily),var(--nv-fallback-ff); font-size: var(--bodyFontSize); font-weight: var(--bodyFontWeight); letter-spacing: var(--bodyLetterSpacing); text-transform: var(--bodyTextTransform);\">Partenaire responsable : Fabbri Group, en coop\u00e9ration avec Teixpac.<\/i><\/p>\t\t\t\t\t\t\t\t<\/div>\n\t\t\t\t<\/div>\n\t\t\t\t<div class=\"elementor-element elementor-element-276f43a elementor-widget elementor-widget-text-editor\" data-id=\"276f43a\" data-element_type=\"widget\" data-e-type=\"widget\" data-widget_type=\"text-editor.default\">\n\t\t\t\t<div class=\"elementor-widget-container\">\n\t\t\t\t\t\t\t\t\t<h3><span style=\"color: #076633;\">MT3: Conception et fabrication de l\u2019\u00e9tiquette compostable et de son syst\u00e8me d&rsquo;application<\/span><\/h3><p>De juillet 2019 \u00e0 f\u00e9vrier 2021, \u00e0 travers ce module de travail, le Consortium vise \u00e0 concevoir et cr\u00e9er l&rsquo;\u00e9tiquette compostable et le syst\u00e8me de pes\u00e9e et d\u2019\u00e9tiquetage, suivi de tests en interne.<\/p><p><i>Partenaire responsable : Teixpac en coop\u00e9ration avec Fabbri Group, Teixpac.<\/i><\/p>\t\t\t\t\t\t\t\t<\/div>\n\t\t\t\t<\/div>\n\t\t\t\t<div class=\"elementor-element elementor-element-c33e1ba elementor-widget elementor-widget-text-editor\" data-id=\"c33e1ba\" data-element_type=\"widget\" data-e-type=\"widget\" data-widget_type=\"text-editor.default\">\n\t\t\t\t<div class=\"elementor-widget-container\">\n\t\t\t\t\t\t\t\t\t<h3><span style=\"color: #076633;\">MT4: Essais de production et tests en interne<\/span><\/h3><p>De janvier 2020 \u00e0 d\u00e9cembre 2021, \u00e0 travers ce module de travail, le Consortium vise \u00e0 d\u00e9finir la check-list et la proc\u00e9dure pour les tests internes afin de v\u00e9rifier la conformit\u00e9 du syst\u00e8me aux r\u00e9glementations europ\u00e9ennes applicables, les fonctions, les performances, l&rsquo;interface humaine, la s\u00e9curit\u00e9. Apr\u00e8s l\u2019optimisation de la machine, les tests seront effectu\u00e9s \u00e0 nouveau.<\/p><p><i>Partenaire responsable : Fabbri Group, en coop\u00e9ration avec Espera, Teixpac, CTME<\/i><\/p>\t\t\t\t\t\t\t\t<\/div>\n\t\t\t\t<\/div>\n\t\t\t\t<div class=\"elementor-element elementor-element-b7fca6e elementor-widget elementor-widget-text-editor\" data-id=\"b7fca6e\" data-element_type=\"widget\" data-e-type=\"widget\" data-widget_type=\"text-editor.default\">\n\t\t\t\t<div class=\"elementor-widget-container\">\n\t\t\t\t\t\t\t\t\t<h3><span style=\"color: #076633;\">MT5: Essais aupr\u00e8s des utilisateurs finaux<\/span><\/h3><p>De juillet 2019 \u00e0 novembre 2021, gr\u00e2ce \u00e0 ce module de travail, le Consortium vise \u00e0 r\u00e9aliser des tests d\u00e9taill\u00e9s des deux types de machines, du syst\u00e8me d\u2019\u00e9tiquetage poids-prix et du film sur les sites des utilisateurs finaux. Les principaux param\u00e8tres d&rsquo;essai comprennent la vitesse d&#8217;emballage, la r\u00e9p\u00e9tabilit\u00e9 de la qualit\u00e9 de l&#8217;emballage, la reproductibilit\u00e9, la machinabilit\u00e9 du film compostable et l&rsquo;esth\u00e9tique g\u00e9n\u00e9rale de l&#8217;emballage. Une deuxi\u00e8me s\u00e9rie de tests doit \u00eatre pr\u00e9vue apr\u00e8s l&rsquo;optimisation. Cela permettra de s\u2019assurer que le consortium a r\u00e9pondu aux besoins exacts des utilisateurs finaux et a obtenu l\u2019approbation finale des premiers utilisateurs.<\/p><p><i>Partenaire responsable : Teixpac en coop\u00e9ration avec Fabbri Group, Espera.<\/i><\/p>\t\t\t\t\t\t\t\t<\/div>\n\t\t\t\t<\/div>\n\t\t\t\t<div class=\"elementor-element elementor-element-286b3af elementor-widget elementor-widget-text-editor\" data-id=\"286b3af\" data-element_type=\"widget\" data-e-type=\"widget\" data-widget_type=\"text-editor.default\">\n\t\t\t\t<div class=\"elementor-widget-container\">\n\t\t\t\t\t\t\t\t\t<h3><span style=\"color: #076633;\">MT6: Approbations r\u00e9glementaires, impact environnemental et analyse du cycle de vie<\/span><\/h3><p>D\u2019ao\u00fbt 2019 \u00e0 d\u00e9cembre 2021, \u00e0 travers ce module de travail, le Consortium vise \u00e0 v\u00e9rifier et \u00e9diter la d\u00e9claration de conformit\u00e9 \u00e0 la loi europ\u00e9enne sur la compostabilit\u00e9 pour le film et l\u2019\u00e9tiquette et \u00e0 \u00e9valuer l\u2019impact environnemental de la solution d\u2019emballage propos\u00e9e selon l\u2019outil d\u2019analyse du cycle de vie (ACV).<\/p><p><i>Partenaire responsable : CTME en coop\u00e9ration avec Fabbri Group, Espera.<\/i><\/p>\t\t\t\t\t\t\t\t<\/div>\n\t\t\t\t<\/div>\n\t\t\t\t<div class=\"elementor-element elementor-element-594bc83 elementor-widget elementor-widget-text-editor\" data-id=\"594bc83\" data-element_type=\"widget\" data-e-type=\"widget\" data-widget_type=\"text-editor.default\">\n\t\t\t\t<div class=\"elementor-widget-container\">\n\t\t\t\t\t\t\t\t\t<h3><span style=\"color: #076633;\">MT7 : Planification de la commercialisation<\/span><\/h3><p>De juillet 2019 \u00e0 d\u00e9cembre 2021, \u00e0 travers ce module de travail, le Consortium vise \u00e0 d\u00e9velopper et \u00e0 r\u00e9aliser la strat\u00e9gie de propri\u00e9t\u00e9 intellectuelle (marques, brevets&#8230;), les accords de la cha\u00eene d&rsquo;approvisionnement (fournisseurs, accords avec les partenaires de fabrication, distributeurs), les contrats commerciaux (y compris les garanties, l&rsquo;entretien, la responsabilit\u00e9, etc.), les mod\u00e8les de prix, les voies d&rsquo;acc\u00e8s au march\u00e9, la fabrication \u00e0 l&rsquo;\u00e9chelle commerciale, le plan de service apr\u00e8s-vente.<\/p><p><i>Responsible partner: Fabbri Group, in co-operation with Espera, Teixpac.<\/i><\/p>\t\t\t\t\t\t\t\t<\/div>\n\t\t\t\t<\/div>\n\t\t\t\t<div class=\"elementor-element elementor-element-54e452b elementor-widget elementor-widget-text-editor\" data-id=\"54e452b\" data-element_type=\"widget\" data-e-type=\"widget\" data-widget_type=\"text-editor.default\">\n\t\t\t\t<div class=\"elementor-widget-container\">\n\t\t\t\t\t\t\t\t\t<h3><span style=\"color: #076633;\">MT8: Marketing et diffusion<\/span><\/h3><p>De juillet 2019 \u00e0 d\u00e9cembre 2021, \u00e0 travers ce module, le Consortium vise \u00e0 prendre en charge les enregistrements de marques et toutes les activit\u00e9s de marketing ax\u00e9es sur les d\u00e9taillants et les transformateurs alimentaires qui visent \u00e0 adopter des emballages alimentaires durables pour r\u00e9pondre aux besoins de leurs utilisateurs finaux (salons, conf\u00e9rences, s\u00e9minaires et autres \u00e9v\u00e9nements, communiqu\u00e9s de presse, livres blancs, vid\u00e9os, mat\u00e9riel num\u00e9rique et imprim\u00e9&#8230;), la formation des \u00e9quipes de vente des distributeurs, l&rsquo;examen final de la performance globale du syst\u00e8me Nature Fresh. Les autres partenaires, Espera, Teixpac, CTME, m\u00e8neront des actions parall\u00e8les avec leur propre portefeuille de clients.<\/p><p><i>Partenaire responsable : Fabbri Group, en coop\u00e9ration avec Espera, Teixpac, CTME.<\/i><\/p>\t\t\t\t\t\t\t\t<\/div>\n\t\t\t\t<\/div>\n\t\t\t\t<div class=\"elementor-element elementor-element-8533ae1 elementor-widget elementor-widget-text-editor\" data-id=\"8533ae1\" data-element_type=\"widget\" data-e-type=\"widget\" data-widget_type=\"text-editor.default\">\n\t\t\t\t<div class=\"elementor-widget-container\">\n\t\t\t\t\t\t\t\t\t<h3><span style=\"color: #076633;\">MT9: Gestion de projet<\/span><\/h3><p>De juillet 2019 \u00e0 d\u00e9cembre 2021, gr\u00e2ce \u00e0 ce module de travail, le consortium vise \u00e0 organiser des r\u00e9unions r\u00e9guli\u00e8res de suivi de l&rsquo;avancement du projet, en veillant \u00e0 ce que tous les \u00e9carts par rapport au plan et les actions correctives n\u00e9cessaires soient enregistr\u00e9s et mis en \u0153uvre, \u00e0 examiner le projet, \u00e0 signaler et \u00e0 surveiller tous les risques, \u00e0 communiquer r\u00e9guli\u00e8rement avec le responsable du suivi de la CE sur les mises \u00e0 jour du projet, \u00e0 pr\u00e9parer et \u00e0 soumettre des rapports \u00e0 l&rsquo;EASME conform\u00e9ment aux exigences de la CE.<\/p><p><i>Partenaire responsable : Fabbri Group, en coop\u00e9ration avec Espera, Teixpac, CTME.<\/i><\/p>\t\t\t\t\t\t\t\t<\/div>\n\t\t\t\t<\/div>\n\t\t\t\t<div class=\"elementor-element elementor-element-bb7cad3 elementor-widget elementor-widget-text-editor\" data-id=\"bb7cad3\" data-element_type=\"widget\" data-e-type=\"widget\" data-widget_type=\"text-editor.default\">\n\t\t\t\t<div class=\"elementor-widget-container\">\n\t\t\t\t\t\t\t\t\t<h3><span style=\"color: #076633;\">MT10: Exigences \u00e9thiques<\/span><\/h3><p>De juillet 2019 \u00e0 d\u00e9cembre 2021, \u00e0 travers ce module de travail, le Consortium vise \u00e0 d\u00e9finir les exigences \u00e9thiques auxquelles le projet doit se conformer (GDPR, s\u00e9curit\u00e9, etc.).<\/p><p><i>Partenaire responsable : Fabbri Group<\/i><\/p>\t\t\t\t\t\t\t\t<\/div>\n\t\t\t\t<\/div>\n\t\t\t\t<div class=\"elementor-element elementor-element-8f2e712 elementor-widget elementor-widget-image\" data-id=\"8f2e712\" data-element_type=\"widget\" data-e-type=\"widget\" data-widget_type=\"image.default\">\n\t\t\t\t<div class=\"elementor-widget-container\">\n\t\t\t\t\t\t\t\t\t\t\t\t\t\t\t<img decoding=\"async\" width=\"788\" height=\"507\" src=\"https:\/\/www.naturefresh.eu\/wp-content\/uploads\/2021\/12\/Project-3.png\" class=\"attachment-large size-large wp-image-511\" alt=\"\" srcset=\"https:\/\/www.naturefresh.eu\/wp-content\/uploads\/2021\/12\/Project-3.png 788w, https:\/\/www.naturefresh.eu\/wp-content\/uploads\/2021\/12\/Project-3-300x193.png 300w, https:\/\/www.naturefresh.eu\/wp-content\/uploads\/2021\/12\/Project-3-768x494.png 768w\" sizes=\"(max-width: 788px) 100vw, 788px\" \/>\t\t\t\t\t\t\t\t\t\t\t\t\t\t\t<\/div>\n\t\t\t\t<\/div>\n\t\t\t\t\t<\/div>\n\t\t<\/div>\n\t\t\t\t\t<\/div>\n\t\t<\/section>\n\t\t\t\t<\/div>\n\t\t","protected":false},"excerpt":{"rendered":"<p>Modules De Travail Le projet Nature Fresh comprend diff\u00e9rents Modules de Travail (MT) que le Consortium s&rsquo;engage \u00e0 r\u00e9aliser dans les d\u00e9lais impartis et \u00e0 transmettre par le biais d&rsquo;une s\u00e9rie de livrables et de rapports finaux (\u00e0 mi-parcours et \u00e0 la fin du projet)\u00a0: MT1: Optimisation des films compostables De juillet 2019 \u00e0 d\u00e9cembre&hellip;&nbsp;<a href=\"https:\/\/www.naturefresh.eu\/fr\/modules-de-travail\/\" rel=\"bookmark\">Lire la suite &raquo;<span class=\"screen-reader-text\">Modules De Travail<\/span><\/a><\/p>\n","protected":false},"author":1,"featured_media":0,"parent":0,"menu_order":0,"comment_status":"closed","ping_status":"closed","template":"elementor_header_footer","meta":{"neve_meta_sidebar":"full-width","neve_meta_container":"","neve_meta_enable_content_width":"on","neve_meta_content_width":100,"neve_meta_title_alignment":"","neve_meta_author_avatar":"","neve_post_elements_order":"","neve_meta_disable_header":"","neve_meta_disable_footer":"","neve_meta_disable_title":"","footnotes":""},"class_list":["post-1781","page","type-page","status-publish","hentry"],"_links":{"self":[{"href":"https:\/\/www.naturefresh.eu\/fr\/wp-json\/wp\/v2\/pages\/1781","targetHints":{"allow":["GET"]}}],"collection":[{"href":"https:\/\/www.naturefresh.eu\/fr\/wp-json\/wp\/v2\/pages"}],"about":[{"href":"https:\/\/www.naturefresh.eu\/fr\/wp-json\/wp\/v2\/types\/page"}],"author":[{"embeddable":true,"href":"https:\/\/www.naturefresh.eu\/fr\/wp-json\/wp\/v2\/users\/1"}],"replies":[{"embeddable":true,"href":"https:\/\/www.naturefresh.eu\/fr\/wp-json\/wp\/v2\/comments?post=1781"}],"version-history":[{"count":4,"href":"https:\/\/www.naturefresh.eu\/fr\/wp-json\/wp\/v2\/pages\/1781\/revisions"}],"predecessor-version":[{"id":1786,"href":"https:\/\/www.naturefresh.eu\/fr\/wp-json\/wp\/v2\/pages\/1781\/revisions\/1786"}],"wp:attachment":[{"href":"https:\/\/www.naturefresh.eu\/fr\/wp-json\/wp\/v2\/media?parent=1781"}],"curies":[{"name":"wp","href":"https:\/\/api.w.org\/{rel}","templated":true}]}}