{"id":1769,"date":"2022-01-26T18:21:56","date_gmt":"2022-01-26T18:21:56","guid":{"rendered":"https:\/\/www.naturefresh.eu\/the-consortium\/"},"modified":"2022-02-09T10:48:38","modified_gmt":"2022-02-09T10:48:38","slug":"le-consortium","status":"publish","type":"page","link":"https:\/\/www.naturefresh.eu\/fr\/le-consortium\/","title":{"rendered":"Le Consortium"},"content":{"rendered":"\t\t<div data-elementor-type=\"wp-page\" data-elementor-id=\"1769\" class=\"elementor elementor-1769 elementor-1397\" data-elementor-post-type=\"page\">\n\t\t\t\t\t\t<section class=\"elementor-section elementor-top-section elementor-element elementor-element-d58ea62 elementor-section-content-middle elementor-section-full_width elementor-section-height-min-height elementor-section-height-default elementor-section-items-middle\" data-id=\"d58ea62\" data-element_type=\"section\" data-e-type=\"section\" data-settings=\"{&quot;background_background&quot;:&quot;classic&quot;}\">\n\t\t\t\t\t\t<div class=\"elementor-container elementor-column-gap-default\">\n\t\t\t\t\t<div class=\"elementor-column elementor-col-100 elementor-top-column elementor-element elementor-element-978314f\" data-id=\"978314f\" data-element_type=\"column\" data-e-type=\"column\">\n\t\t\t<div class=\"elementor-widget-wrap elementor-element-populated\">\n\t\t\t\t\t\t<div class=\"elementor-element elementor-element-fe4411c titlePage elementor-widget elementor-widget-heading\" data-id=\"fe4411c\" data-element_type=\"widget\" data-e-type=\"widget\" data-widget_type=\"heading.default\">\n\t\t\t\t<div class=\"elementor-widget-container\">\n\t\t\t\t\t<h1 class=\"elementor-heading-title elementor-size-default\">Le Consortium<\/h1>\t\t\t\t<\/div>\n\t\t\t\t<\/div>\n\t\t\t\t\t<\/div>\n\t\t<\/div>\n\t\t\t\t\t<\/div>\n\t\t<\/section>\n\t\t\t\t<section class=\"elementor-section elementor-top-section elementor-element elementor-element-4289a2a elementor-section-content-middle elementor-section-full_width elementor-section-height-default elementor-section-height-default\" data-id=\"4289a2a\" data-element_type=\"section\" data-e-type=\"section\" data-settings=\"{&quot;background_background&quot;:&quot;classic&quot;}\">\n\t\t\t\t\t\t<div class=\"elementor-container elementor-column-gap-default\">\n\t\t\t\t\t<div class=\"elementor-column elementor-col-100 elementor-top-column elementor-element elementor-element-b10cbf9\" data-id=\"b10cbf9\" data-element_type=\"column\" data-e-type=\"column\">\n\t\t\t<div class=\"elementor-widget-wrap elementor-element-populated\">\n\t\t\t\t\t\t<div class=\"elementor-element elementor-element-386b95b elementor-widget elementor-widget-text-editor\" data-id=\"386b95b\" data-element_type=\"widget\" data-e-type=\"widget\" data-widget_type=\"text-editor.default\">\n\t\t\t\t<div class=\"elementor-widget-container\">\n\t\t\t\t\t\t\t\t\t<p class=\"p1\" style=\"text-align: center; font-size: 20px;\"><span style=\"font-weight: 400;\">Le chef de file du projet <strong>Nature Fresh<\/strong> est Fabbri Group, qui d\u00e9veloppe et promeut la nouvelle solution d&#8217;emballage en collaboration avec 3 autres partenaires europ\u00e9ens :<\/span><\/p>\t\t\t\t\t\t\t\t<\/div>\n\t\t\t\t<\/div>\n\t\t\t\t<section class=\"elementor-section elementor-inner-section elementor-element elementor-element-d0c076f elementor-section-content-middle elementor-section-boxed elementor-section-height-default elementor-section-height-default\" data-id=\"d0c076f\" data-element_type=\"section\" data-e-type=\"section\">\n\t\t\t\t\t\t<div class=\"elementor-container elementor-column-gap-default\">\n\t\t\t\t\t<div class=\"elementor-column elementor-col-50 elementor-inner-column elementor-element elementor-element-5f1551f\" data-id=\"5f1551f\" data-element_type=\"column\" data-e-type=\"column\">\n\t\t\t<div class=\"elementor-widget-wrap elementor-element-populated\">\n\t\t\t\t\t\t<div class=\"elementor-element elementor-element-08b7422 elementor-widget elementor-widget-text-editor\" data-id=\"08b7422\" data-element_type=\"widget\" data-e-type=\"widget\" data-widget_type=\"text-editor.default\">\n\t\t\t\t<div class=\"elementor-widget-container\">\n\t\t\t\t\t\t\t\t\t<h3 class=\"p1\" style=\"color: #076633;\">Leader du groupe<\/h3><p><span style=\"font-weight: 400;\">Leader international dans la production de machines, de films et de logiciels pour l&#8217;emballage des aliments frais, le Fabbri Group est charg\u00e9 du d\u00e9veloppement et de la commercialisation de la technologie de base \u00ab Nature Fresh \u00bb. <\/span><span style=\"font-weight: 400;\">Il d\u00e9veloppe le nouveau film compostable et les banderoleuses industrielles et de d\u00e9tail capables de l&rsquo;utiliser.<\/span><\/p><p class=\"p2\"><span class=\"s1\"><i>&gt;&gt; <span style=\"font-weight: 400;\">En savoir plus sur<\/span> <a href=\"http:\/\/www.gruppofabbri.com\" target=\"_blank\" rel=\"noopener\"><span class=\"s2\">www.gruppofabbri.com<\/span><\/a><span class=\"Apple-converted-space\">\u00a0<\/span><\/i><\/span><\/p>\t\t\t\t\t\t\t\t<\/div>\n\t\t\t\t<\/div>\n\t\t\t\t\t<\/div>\n\t\t<\/div>\n\t\t\t\t<div class=\"elementor-column elementor-col-50 elementor-inner-column elementor-element elementor-element-7691d1c\" data-id=\"7691d1c\" data-element_type=\"column\" data-e-type=\"column\">\n\t\t\t<div class=\"elementor-widget-wrap elementor-element-populated\">\n\t\t\t\t\t\t<div class=\"elementor-element elementor-element-f40a66f elementor-widget elementor-widget-image\" data-id=\"f40a66f\" data-element_type=\"widget\" data-e-type=\"widget\" data-widget_type=\"image.default\">\n\t\t\t\t<div class=\"elementor-widget-container\">\n\t\t\t\t\t\t\t\t\t\t\t\t\t\t\t<img fetchpriority=\"high\" decoding=\"async\" width=\"981\" height=\"167\" src=\"https:\/\/www.naturefresh.eu\/wp-content\/uploads\/2021\/12\/Logo_FabbriGroup.png\" class=\"attachment-large size-large wp-image-451\" alt=\"\" srcset=\"https:\/\/www.naturefresh.eu\/wp-content\/uploads\/2021\/12\/Logo_FabbriGroup.png 981w, https:\/\/www.naturefresh.eu\/wp-content\/uploads\/2021\/12\/Logo_FabbriGroup-300x51.png 300w, https:\/\/www.naturefresh.eu\/wp-content\/uploads\/2021\/12\/Logo_FabbriGroup-768x131.png 768w\" sizes=\"(max-width: 981px) 100vw, 981px\" \/>\t\t\t\t\t\t\t\t\t\t\t\t\t\t\t<\/div>\n\t\t\t\t<\/div>\n\t\t\t\t\t<\/div>\n\t\t<\/div>\n\t\t\t\t\t<\/div>\n\t\t<\/section>\n\t\t\t\t<div class=\"elementor-element elementor-element-b606387 elementor-widget-divider--view-line elementor-widget elementor-widget-divider\" data-id=\"b606387\" data-element_type=\"widget\" data-e-type=\"widget\" data-widget_type=\"divider.default\">\n\t\t\t\t<div class=\"elementor-widget-container\">\n\t\t\t\t\t\t\t<div class=\"elementor-divider\">\n\t\t\t<span class=\"elementor-divider-separator\">\n\t\t\t\t\t\t<\/span>\n\t\t<\/div>\n\t\t\t\t\t\t<\/div>\n\t\t\t\t<\/div>\n\t\t\t\t<section class=\"elementor-section elementor-inner-section elementor-element elementor-element-6a4b431 elementor-section-content-middle elementor-section-boxed elementor-section-height-default elementor-section-height-default\" data-id=\"6a4b431\" data-element_type=\"section\" data-e-type=\"section\">\n\t\t\t\t\t\t<div class=\"elementor-container elementor-column-gap-default\">\n\t\t\t\t\t<div class=\"elementor-column elementor-col-50 elementor-inner-column elementor-element elementor-element-953c5c6\" data-id=\"953c5c6\" data-element_type=\"column\" data-e-type=\"column\">\n\t\t\t<div class=\"elementor-widget-wrap elementor-element-populated\">\n\t\t\t\t\t\t<div class=\"elementor-element elementor-element-af4597c elementor-widget elementor-widget-text-editor\" data-id=\"af4597c\" data-element_type=\"widget\" data-e-type=\"widget\" data-widget_type=\"text-editor.default\">\n\t\t\t\t<div class=\"elementor-widget-container\">\n\t\t\t\t\t\t\t\t\t<h3 class=\"p1\" style=\"color: #076633;\">Partenaire<\/h3><p class=\"p1\"><span style=\"font-weight: 400;\">Leader international du march\u00e9 de la production de syst\u00e8mes d\u2019\u00e9tiquetage poids-prix pour les aliments emball\u00e9s, Espera dirigera la conception, le d\u00e9veloppement et les tests des \u00e9tiquettes compostables et de leur syst\u00e8me d&rsquo;application.<\/span><\/p><p class=\"p1\"><i>&gt;&gt; <span style=\"font-weight: 400;\">En savoir plus sur<\/span> <a href=\"http:\/\/www.espera.com\" target=\"_blank\" rel=\"noopener\"><span class=\"s1\">www.espera.com<\/span><\/a><span class=\"Apple-converted-space\">\u00a0<\/span><\/i><\/p>\t\t\t\t\t\t\t\t<\/div>\n\t\t\t\t<\/div>\n\t\t\t\t\t<\/div>\n\t\t<\/div>\n\t\t\t\t<div class=\"elementor-column elementor-col-50 elementor-inner-column elementor-element elementor-element-79f5824\" data-id=\"79f5824\" data-element_type=\"column\" data-e-type=\"column\">\n\t\t\t<div class=\"elementor-widget-wrap elementor-element-populated\">\n\t\t\t\t\t\t<div class=\"elementor-element elementor-element-dd709f9 elementor-widget elementor-widget-image\" data-id=\"dd709f9\" data-element_type=\"widget\" data-e-type=\"widget\" data-widget_type=\"image.default\">\n\t\t\t\t<div class=\"elementor-widget-container\">\n\t\t\t\t\t\t\t\t\t\t\t\t\t\t\t<img decoding=\"async\" width=\"680\" height=\"104\" src=\"https:\/\/www.naturefresh.eu\/wp-content\/uploads\/2021\/12\/espera-logo.jpg\" class=\"attachment-large size-large wp-image-463\" alt=\"\" srcset=\"https:\/\/www.naturefresh.eu\/wp-content\/uploads\/2021\/12\/espera-logo.jpg 680w, https:\/\/www.naturefresh.eu\/wp-content\/uploads\/2021\/12\/espera-logo-300x46.jpg 300w\" sizes=\"(max-width: 680px) 100vw, 680px\" \/>\t\t\t\t\t\t\t\t\t\t\t\t\t\t\t<\/div>\n\t\t\t\t<\/div>\n\t\t\t\t\t<\/div>\n\t\t<\/div>\n\t\t\t\t\t<\/div>\n\t\t<\/section>\n\t\t\t\t<div class=\"elementor-element elementor-element-7ba1914 elementor-widget-divider--view-line elementor-widget elementor-widget-divider\" data-id=\"7ba1914\" data-element_type=\"widget\" data-e-type=\"widget\" data-widget_type=\"divider.default\">\n\t\t\t\t<div class=\"elementor-widget-container\">\n\t\t\t\t\t\t\t<div class=\"elementor-divider\">\n\t\t\t<span class=\"elementor-divider-separator\">\n\t\t\t\t\t\t<\/span>\n\t\t<\/div>\n\t\t\t\t\t\t<\/div>\n\t\t\t\t<\/div>\n\t\t\t\t<section class=\"elementor-section elementor-inner-section elementor-element elementor-element-3801dc7 elementor-section-content-middle elementor-section-boxed elementor-section-height-default elementor-section-height-default\" data-id=\"3801dc7\" data-element_type=\"section\" data-e-type=\"section\">\n\t\t\t\t\t\t<div class=\"elementor-container elementor-column-gap-default\">\n\t\t\t\t\t<div class=\"elementor-column elementor-col-50 elementor-inner-column elementor-element elementor-element-1869940\" data-id=\"1869940\" data-element_type=\"column\" data-e-type=\"column\">\n\t\t\t<div class=\"elementor-widget-wrap elementor-element-populated\">\n\t\t\t\t\t\t<div class=\"elementor-element elementor-element-b994cc2 elementor-widget elementor-widget-text-editor\" data-id=\"b994cc2\" data-element_type=\"widget\" data-e-type=\"widget\" data-widget_type=\"text-editor.default\">\n\t\t\t\t<div class=\"elementor-widget-container\">\n\t\t\t\t\t\t\t\t\t<h3 class=\"p1\" style=\"color: #076633;\">Partenaire<\/h3><p class=\"p1\"><span style=\"font-weight: 400;\">Leader dans la distribution de machines et de mat\u00e9riaux d&#8217;emballage en Espagne, au Portugal, en Afrique du Nord et en Am\u00e9rique latine depuis plus de 30 ans, Teixpac dirigera les tests de la solution Nature Fresh chez le client.<\/span><\/p><p class=\"p1\"><i>&gt;&gt; <span style=\"font-weight: 400;\">En savoir plus sur<\/span> <a href=\"http:\/\/www.teixpac.com\" target=\"_blank\" rel=\"noopener\"><span class=\"s1\">www.teixpac.com<\/span><\/a><span class=\"Apple-converted-space\">\u00a0<\/span><\/i><\/p>\t\t\t\t\t\t\t\t<\/div>\n\t\t\t\t<\/div>\n\t\t\t\t\t<\/div>\n\t\t<\/div>\n\t\t\t\t<div class=\"elementor-column elementor-col-50 elementor-inner-column elementor-element elementor-element-a8043e7\" data-id=\"a8043e7\" data-element_type=\"column\" data-e-type=\"column\">\n\t\t\t<div class=\"elementor-widget-wrap elementor-element-populated\">\n\t\t\t\t\t\t<div class=\"elementor-element elementor-element-b341064 elementor-widget elementor-widget-image\" data-id=\"b341064\" data-element_type=\"widget\" data-e-type=\"widget\" data-widget_type=\"image.default\">\n\t\t\t\t<div class=\"elementor-widget-container\">\n\t\t\t\t\t\t\t\t\t\t\t\t\t\t\t<img decoding=\"async\" width=\"1024\" height=\"362\" src=\"https:\/\/www.naturefresh.eu\/wp-content\/uploads\/2021\/12\/teixpac_logo-1024x362.jpg\" class=\"attachment-large size-large wp-image-951\" alt=\"\" srcset=\"https:\/\/www.naturefresh.eu\/wp-content\/uploads\/2021\/12\/teixpac_logo-1024x362.jpg 1024w, https:\/\/www.naturefresh.eu\/wp-content\/uploads\/2021\/12\/teixpac_logo-300x106.jpg 300w, https:\/\/www.naturefresh.eu\/wp-content\/uploads\/2021\/12\/teixpac_logo-768x271.jpg 768w, https:\/\/www.naturefresh.eu\/wp-content\/uploads\/2021\/12\/teixpac_logo.jpg 1528w\" sizes=\"(max-width: 1024px) 100vw, 1024px\" \/>\t\t\t\t\t\t\t\t\t\t\t\t\t\t\t<\/div>\n\t\t\t\t<\/div>\n\t\t\t\t\t<\/div>\n\t\t<\/div>\n\t\t\t\t\t<\/div>\n\t\t<\/section>\n\t\t\t\t<div class=\"elementor-element elementor-element-44c14aa elementor-widget-divider--view-line elementor-widget elementor-widget-divider\" data-id=\"44c14aa\" data-element_type=\"widget\" data-e-type=\"widget\" data-widget_type=\"divider.default\">\n\t\t\t\t<div class=\"elementor-widget-container\">\n\t\t\t\t\t\t\t<div class=\"elementor-divider\">\n\t\t\t<span class=\"elementor-divider-separator\">\n\t\t\t\t\t\t<\/span>\n\t\t<\/div>\n\t\t\t\t\t\t<\/div>\n\t\t\t\t<\/div>\n\t\t\t\t<section class=\"elementor-section elementor-inner-section elementor-element elementor-element-cbc03a6 elementor-section-content-middle elementor-section-boxed elementor-section-height-default elementor-section-height-default\" data-id=\"cbc03a6\" data-element_type=\"section\" data-e-type=\"section\">\n\t\t\t\t\t\t<div class=\"elementor-container elementor-column-gap-default\">\n\t\t\t\t\t<div class=\"elementor-column elementor-col-50 elementor-inner-column elementor-element elementor-element-175231d\" data-id=\"175231d\" data-element_type=\"column\" data-e-type=\"column\">\n\t\t\t<div class=\"elementor-widget-wrap elementor-element-populated\">\n\t\t\t\t\t\t<div class=\"elementor-element elementor-element-6076681 elementor-widget elementor-widget-text-editor\" data-id=\"6076681\" data-element_type=\"widget\" data-e-type=\"widget\" data-widget_type=\"text-editor.default\">\n\t\t\t\t<div class=\"elementor-widget-container\">\n\t\t\t\t\t\t\t\t\t<h3 style=\"color: #076633;\">Partenaire<\/h3><p><span style=\"font-weight: 400;\">En tant qu&rsquo;association de recherche ind\u00e9pendante et sans but lucratif, visant \u00e0 soutenir le d\u00e9veloppement technologique des entreprises par le biais d&rsquo;activit\u00e9s de R&amp;D&amp;I et de diffusion de la technologie, CTME fournira des tests et une validation des produits afin de confirmer toutes les conformit\u00e9s r\u00e9glementaires et \u00e9valuera l&rsquo;impact environnemental de la solution d&#8217;emballage propos\u00e9e selon l&rsquo;outil d&rsquo;analyse du cycle de vie (ACV).<\/span><\/p><p><i><span style=\"color: var(--nv-text-color); font-family: var(--bodyFontFamily),var(--nv-fallback-ff); font-size: var(--bodyFontSize); font-weight: var(--bodyFontWeight); letter-spacing: var(--bodyLetterSpacing); text-transform: var(--bodyTextTransform);\">&gt;&gt; <span style=\"font-weight: 400;\">En savoir plus sur<\/span> <\/span><a style=\"font-family: var(--bodyFontFamily),var(--nv-fallback-ff); font-size: var(--bodyFontSize); font-weight: var(--bodyFontWeight); letter-spacing: var(--bodyLetterSpacing); text-transform: var(--bodyTextTransform);\" href=\"http:\/\/www.ctme.es\" target=\"_blank\" rel=\"noopener\">www.ctme.es<\/a><\/i><\/p>\t\t\t\t\t\t\t\t<\/div>\n\t\t\t\t<\/div>\n\t\t\t\t\t<\/div>\n\t\t<\/div>\n\t\t\t\t<div class=\"elementor-column elementor-col-50 elementor-inner-column elementor-element elementor-element-84bd4e1\" data-id=\"84bd4e1\" data-element_type=\"column\" data-e-type=\"column\">\n\t\t\t<div class=\"elementor-widget-wrap elementor-element-populated\">\n\t\t\t\t\t\t<div class=\"elementor-element elementor-element-7839786 elementor-widget elementor-widget-image\" data-id=\"7839786\" data-element_type=\"widget\" data-e-type=\"widget\" data-widget_type=\"image.default\">\n\t\t\t\t<div class=\"elementor-widget-container\">\n\t\t\t\t\t\t\t\t\t\t\t\t\t\t\t<img loading=\"lazy\" decoding=\"async\" width=\"565\" height=\"89\" src=\"https:\/\/www.naturefresh.eu\/wp-content\/uploads\/2021\/12\/CTME.jpeg\" class=\"attachment-large size-large wp-image-455\" alt=\"\" srcset=\"https:\/\/www.naturefresh.eu\/wp-content\/uploads\/2021\/12\/CTME.jpeg 565w, https:\/\/www.naturefresh.eu\/wp-content\/uploads\/2021\/12\/CTME-300x47.jpeg 300w\" sizes=\"(max-width: 565px) 100vw, 565px\" \/>\t\t\t\t\t\t\t\t\t\t\t\t\t\t\t<\/div>\n\t\t\t\t<\/div>\n\t\t\t\t\t<\/div>\n\t\t<\/div>\n\t\t\t\t\t<\/div>\n\t\t<\/section>\n\t\t\t\t\t<\/div>\n\t\t<\/div>\n\t\t\t\t\t<\/div>\n\t\t<\/section>\n\t\t\t\t<\/div>\n\t\t","protected":false},"excerpt":{"rendered":"<p>Le Consortium Le chef de file du projet Nature Fresh est Fabbri Group, qui d\u00e9veloppe et promeut la nouvelle solution d&#8217;emballage en collaboration avec 3 autres partenaires europ\u00e9ens : Leader du groupe Leader international dans la production de machines, de films et de logiciels pour l&#8217;emballage des aliments frais, le Fabbri Group est charg\u00e9 du&hellip;&nbsp;<a href=\"https:\/\/www.naturefresh.eu\/fr\/le-consortium\/\" rel=\"bookmark\">Lire la suite &raquo;<span class=\"screen-reader-text\">Le Consortium<\/span><\/a><\/p>\n","protected":false},"author":1,"featured_media":0,"parent":0,"menu_order":0,"comment_status":"closed","ping_status":"closed","template":"elementor_header_footer","meta":{"neve_meta_sidebar":"full-width","neve_meta_container":"","neve_meta_enable_content_width":"on","neve_meta_content_width":100,"neve_meta_title_alignment":"","neve_meta_author_avatar":"","neve_post_elements_order":"","neve_meta_disable_header":"","neve_meta_disable_footer":"","neve_meta_disable_title":"","footnotes":""},"class_list":["post-1769","page","type-page","status-publish","hentry"],"_links":{"self":[{"href":"https:\/\/www.naturefresh.eu\/fr\/wp-json\/wp\/v2\/pages\/1769","targetHints":{"allow":["GET"]}}],"collection":[{"href":"https:\/\/www.naturefresh.eu\/fr\/wp-json\/wp\/v2\/pages"}],"about":[{"href":"https:\/\/www.naturefresh.eu\/fr\/wp-json\/wp\/v2\/types\/page"}],"author":[{"embeddable":true,"href":"https:\/\/www.naturefresh.eu\/fr\/wp-json\/wp\/v2\/users\/1"}],"replies":[{"embeddable":true,"href":"https:\/\/www.naturefresh.eu\/fr\/wp-json\/wp\/v2\/comments?post=1769"}],"version-history":[{"count":10,"href":"https:\/\/www.naturefresh.eu\/fr\/wp-json\/wp\/v2\/pages\/1769\/revisions"}],"predecessor-version":[{"id":1780,"href":"https:\/\/www.naturefresh.eu\/fr\/wp-json\/wp\/v2\/pages\/1769\/revisions\/1780"}],"wp:attachment":[{"href":"https:\/\/www.naturefresh.eu\/fr\/wp-json\/wp\/v2\/media?parent=1769"}],"curies":[{"name":"wp","href":"https:\/\/api.w.org\/{rel}","templated":true}]}}