{"id":1749,"date":"2021-12-21T10:08:27","date_gmt":"2021-12-21T10:08:27","guid":{"rendered":"https:\/\/www.naturefresh.eu\/le-projet\/nature-fresh-certified-compostable-cling-film\/"},"modified":"2022-02-09T10:37:14","modified_gmt":"2022-02-09T10:37:14","slug":"film-etirable-certifie-compostable-nature-fresh","status":"publish","type":"page","link":"https:\/\/www.naturefresh.eu\/fr\/le-projet\/film-etirable-certifie-compostable-nature-fresh\/","title":{"rendered":"FILM \u00c9TIRABLE CERTIFI\u00c9 COMPOSTABLE NATURE FRESH"},"content":{"rendered":"\t\t<div data-elementor-type=\"wp-page\" data-elementor-id=\"1749\" class=\"elementor elementor-1749 elementor-1447\" data-elementor-post-type=\"page\">\n\t\t\t\t\t\t<section class=\"elementor-section elementor-top-section elementor-element elementor-element-aeb7994 elementor-section-content-middle elementor-section-boxed elementor-section-height-default elementor-section-height-default\" data-id=\"aeb7994\" data-element_type=\"section\" data-e-type=\"section\">\n\t\t\t\t\t\t<div class=\"elementor-container elementor-column-gap-default\">\n\t\t\t\t\t<div class=\"elementor-column elementor-col-50 elementor-top-column elementor-element elementor-element-72d9140\" data-id=\"72d9140\" data-element_type=\"column\" data-e-type=\"column\">\n\t\t\t<div class=\"elementor-widget-wrap elementor-element-populated\">\n\t\t\t\t\t\t<div class=\"elementor-element elementor-element-6d57cee elementor-widget elementor-widget-heading\" data-id=\"6d57cee\" data-element_type=\"widget\" data-e-type=\"widget\" data-widget_type=\"heading.default\">\n\t\t\t\t<div class=\"elementor-widget-container\">\n\t\t\t\t\t<h1 class=\"elementor-heading-title elementor-size-default\">FILM \u00c9TIRABLE CERTIFI\u00c9 COMPOSTABLE NATURE FRESH<\/h1>\t\t\t\t<\/div>\n\t\t\t\t<\/div>\n\t\t\t\t\t<\/div>\n\t\t<\/div>\n\t\t\t\t<div class=\"elementor-column elementor-col-50 elementor-top-column elementor-element elementor-element-716c8f5\" data-id=\"716c8f5\" data-element_type=\"column\" data-e-type=\"column\">\n\t\t\t<div class=\"elementor-widget-wrap elementor-element-populated\">\n\t\t\t\t\t\t<div class=\"elementor-element elementor-element-c0f78e6 elementor-widget elementor-widget-image\" data-id=\"c0f78e6\" data-element_type=\"widget\" data-e-type=\"widget\" data-widget_type=\"image.default\">\n\t\t\t\t<div class=\"elementor-widget-container\">\n\t\t\t\t\t\t\t\t\t\t\t\t\t\t\t<img fetchpriority=\"high\" decoding=\"async\" width=\"1024\" height=\"683\" src=\"https:\/\/www.naturefresh.eu\/wp-content\/uploads\/2021\/12\/NatureFresh0071-LR-1024x683.jpg\" class=\"attachment-large size-large wp-image-904\" alt=\"\" srcset=\"https:\/\/www.naturefresh.eu\/wp-content\/uploads\/2021\/12\/NatureFresh0071-LR-1024x683.jpg 1024w, https:\/\/www.naturefresh.eu\/wp-content\/uploads\/2021\/12\/NatureFresh0071-LR-300x200.jpg 300w, https:\/\/www.naturefresh.eu\/wp-content\/uploads\/2021\/12\/NatureFresh0071-LR-768x512.jpg 768w, https:\/\/www.naturefresh.eu\/wp-content\/uploads\/2021\/12\/NatureFresh0071-LR-1536x1024.jpg 1536w, https:\/\/www.naturefresh.eu\/wp-content\/uploads\/2021\/12\/NatureFresh0071-LR-2048x1366.jpg 2048w, https:\/\/www.naturefresh.eu\/wp-content\/uploads\/2021\/12\/NatureFresh0071-LR-930x620.jpg 930w\" sizes=\"(max-width: 1024px) 100vw, 1024px\" \/>\t\t\t\t\t\t\t\t\t\t\t\t\t\t\t<\/div>\n\t\t\t\t<\/div>\n\t\t\t\t\t<\/div>\n\t\t<\/div>\n\t\t\t\t\t<\/div>\n\t\t<\/section>\n\t\t\t\t<section class=\"elementor-section elementor-top-section elementor-element elementor-element-4cd7ae9 elementor-section-boxed elementor-section-height-default elementor-section-height-default\" data-id=\"4cd7ae9\" data-element_type=\"section\" data-e-type=\"section\">\n\t\t\t\t\t\t<div class=\"elementor-container elementor-column-gap-default\">\n\t\t\t\t\t<div class=\"elementor-column elementor-col-100 elementor-top-column elementor-element elementor-element-79e7c0b\" data-id=\"79e7c0b\" data-element_type=\"column\" data-e-type=\"column\">\n\t\t\t<div class=\"elementor-widget-wrap elementor-element-populated\">\n\t\t\t\t\t\t<div class=\"elementor-element elementor-element-1f8a1d2 elementor-widget elementor-widget-text-editor\" data-id=\"1f8a1d2\" data-element_type=\"widget\" data-e-type=\"widget\" data-widget_type=\"text-editor.default\">\n\t\t\t\t<div class=\"elementor-widget-container\">\n\t\t\t\t\t\t\t\t\t<p><span style=\"font-weight: 400;\">Nature Fresh est le nouveau <\/span><b>film \u00e9tirable certifi\u00e9 compostable<\/b><span style=\"font-weight: 400;\"> \u00e0 usage domestique et industriel (norme EN 13432) d\u00e9velopp\u00e9 par Fabbri Group pour r\u00e9pondre \u00e0 la demande de plus en plus pressante des consommateurs, de l&rsquo;industrie et des institutions, pour des mat\u00e9riaux d&#8217;emballage ayant un <\/span><b>impact minimal sur l&rsquo;environnement.<\/b><span style=\"font-weight: 400;\"> \u00c9tant un film compostable, Nature Fresh combine ses caract\u00e9ristiques de <\/span><b>biod\u00e9gradabilit\u00e9 <\/b><span style=\"font-weight: 400;\">avec les propri\u00e9t\u00e9s de <\/span><b>transparence, d&rsquo;\u00e9lasticit\u00e9, de respirabilit\u00e9<\/b><span style=\"font-weight: 400;\"> et de <\/span><b>r\u00e9sistance m\u00e9canique<\/b><span style=\"font-weight: 400;\"> des mat\u00e9riaux plastiques.\u00a0<\/span><\/p><p class=\"p1\"><span style=\"font-weight: 400;\">Moins d&rsquo;un an apr\u00e8s son lancement, Nature Fresh \u00e9tait d\u00e9j\u00e0 produit en <\/span><b>centaines de tonnes<\/b><span style=\"font-weight: 400;\">, apportant des <\/span><b>millions d&#8217;emballages alimentaires compostables<\/b><span style=\"font-weight: 400;\"> sur le march\u00e9 mondial. Et la tendance se poursuit encore aujourd&rsquo;hui.<\/span><\/p>\t\t\t\t\t\t\t\t<\/div>\n\t\t\t\t<\/div>\n\t\t\t\t\t<\/div>\n\t\t<\/div>\n\t\t\t\t\t<\/div>\n\t\t<\/section>\n\t\t\t\t<\/div>\n\t\t","protected":false},"excerpt":{"rendered":"<p>FILM \u00c9TIRABLE CERTIFI\u00c9 COMPOSTABLE NATURE FRESH Nature Fresh est le nouveau film \u00e9tirable certifi\u00e9 compostable \u00e0 usage domestique et industriel (norme EN 13432) d\u00e9velopp\u00e9 par Fabbri Group pour r\u00e9pondre \u00e0 la demande de plus en plus pressante des consommateurs, de l&rsquo;industrie et des institutions, pour des mat\u00e9riaux d&#8217;emballage ayant un impact minimal sur l&rsquo;environnement. \u00c9tant&hellip;&nbsp;<a href=\"https:\/\/www.naturefresh.eu\/fr\/le-projet\/film-etirable-certifie-compostable-nature-fresh\/\" rel=\"bookmark\">Lire la suite &raquo;<span class=\"screen-reader-text\">FILM \u00c9TIRABLE CERTIFI\u00c9 COMPOSTABLE NATURE FRESH<\/span><\/a><\/p>\n","protected":false},"author":1,"featured_media":0,"parent":1741,"menu_order":0,"comment_status":"closed","ping_status":"closed","template":"page-templates\/template-pagebuilder-full-width.php","meta":{"neve_meta_sidebar":"","neve_meta_container":"","neve_meta_enable_content_width":"","neve_meta_content_width":0,"neve_meta_title_alignment":"","neve_meta_author_avatar":"","neve_post_elements_order":"","neve_meta_disable_header":"","neve_meta_disable_footer":"","neve_meta_disable_title":"","footnotes":""},"class_list":["post-1749","page","type-page","status-publish","hentry"],"_links":{"self":[{"href":"https:\/\/www.naturefresh.eu\/fr\/wp-json\/wp\/v2\/pages\/1749","targetHints":{"allow":["GET"]}}],"collection":[{"href":"https:\/\/www.naturefresh.eu\/fr\/wp-json\/wp\/v2\/pages"}],"about":[{"href":"https:\/\/www.naturefresh.eu\/fr\/wp-json\/wp\/v2\/types\/page"}],"author":[{"embeddable":true,"href":"https:\/\/www.naturefresh.eu\/fr\/wp-json\/wp\/v2\/users\/1"}],"replies":[{"embeddable":true,"href":"https:\/\/www.naturefresh.eu\/fr\/wp-json\/wp\/v2\/comments?post=1749"}],"version-history":[{"count":4,"href":"https:\/\/www.naturefresh.eu\/fr\/wp-json\/wp\/v2\/pages\/1749\/revisions"}],"predecessor-version":[{"id":1753,"href":"https:\/\/www.naturefresh.eu\/fr\/wp-json\/wp\/v2\/pages\/1749\/revisions\/1753"}],"up":[{"embeddable":true,"href":"https:\/\/www.naturefresh.eu\/fr\/wp-json\/wp\/v2\/pages\/1741"}],"wp:attachment":[{"href":"https:\/\/www.naturefresh.eu\/fr\/wp-json\/wp\/v2\/media?parent=1749"}],"curies":[{"name":"wp","href":"https:\/\/api.w.org\/{rel}","templated":true}]}}