{"id":1748,"date":"2021-12-22T16:29:26","date_gmt":"2021-12-22T16:29:26","guid":{"rendered":"https:\/\/www.naturefresh.eu\/le-projet\/espera-labeller\/"},"modified":"2022-02-09T10:39:05","modified_gmt":"2022-02-09T10:39:05","slug":"etiqueteuse-espera","status":"publish","type":"page","link":"https:\/\/www.naturefresh.eu\/fr\/le-projet\/etiqueteuse-espera\/","title":{"rendered":"\u00c9TIQUETEUSE ESPERA"},"content":{"rendered":"\t\t<div data-elementor-type=\"wp-page\" data-elementor-id=\"1748\" class=\"elementor elementor-1748 elementor-1446\" data-elementor-post-type=\"page\">\n\t\t\t\t\t\t<section class=\"elementor-section elementor-top-section elementor-element elementor-element-dea8705 elementor-section-content-middle elementor-section-boxed elementor-section-height-default elementor-section-height-default\" data-id=\"dea8705\" data-element_type=\"section\" data-e-type=\"section\">\n\t\t\t\t\t\t<div class=\"elementor-container elementor-column-gap-default\">\n\t\t\t\t\t<div class=\"elementor-column elementor-col-50 elementor-top-column elementor-element elementor-element-0d8e2a8\" data-id=\"0d8e2a8\" data-element_type=\"column\" data-e-type=\"column\">\n\t\t\t<div class=\"elementor-widget-wrap elementor-element-populated\">\n\t\t\t\t\t\t<div class=\"elementor-element elementor-element-2f54f51 elementor-widget elementor-widget-heading\" data-id=\"2f54f51\" data-element_type=\"widget\" data-e-type=\"widget\" data-widget_type=\"heading.default\">\n\t\t\t\t<div class=\"elementor-widget-container\">\n\t\t\t\t\t<h1 class=\"elementor-heading-title elementor-size-default\">\u00c9TIQUETEUSE ESPERA<\/h1>\t\t\t\t<\/div>\n\t\t\t\t<\/div>\n\t\t\t\t\t<\/div>\n\t\t<\/div>\n\t\t\t\t<div class=\"elementor-column elementor-col-50 elementor-top-column elementor-element elementor-element-0f1471b\" data-id=\"0f1471b\" data-element_type=\"column\" data-e-type=\"column\">\n\t\t\t<div class=\"elementor-widget-wrap elementor-element-populated\">\n\t\t\t\t\t\t<div class=\"elementor-element elementor-element-24db75a elementor-widget elementor-widget-image\" data-id=\"24db75a\" data-element_type=\"widget\" data-e-type=\"widget\" data-widget_type=\"image.default\">\n\t\t\t\t<div class=\"elementor-widget-container\">\n\t\t\t\t\t\t\t\t\t\t\t\t\t\t\t<img fetchpriority=\"high\" decoding=\"async\" width=\"768\" height=\"432\" src=\"https:\/\/www.naturefresh.eu\/wp-content\/uploads\/2021\/12\/Espera-1-768x432.jpg\" class=\"attachment-medium_large size-medium_large wp-image-1086\" alt=\"Espera Labeller\" srcset=\"https:\/\/www.naturefresh.eu\/wp-content\/uploads\/2021\/12\/Espera-1-768x432.jpg 768w, https:\/\/www.naturefresh.eu\/wp-content\/uploads\/2021\/12\/Espera-1-300x169.jpg 300w, https:\/\/www.naturefresh.eu\/wp-content\/uploads\/2021\/12\/Espera-1-1024x576.jpg 1024w, https:\/\/www.naturefresh.eu\/wp-content\/uploads\/2021\/12\/Espera-1.jpg 1280w\" sizes=\"(max-width: 768px) 100vw, 768px\" \/>\t\t\t\t\t\t\t\t\t\t\t\t\t\t\t<\/div>\n\t\t\t\t<\/div>\n\t\t\t\t\t<\/div>\n\t\t<\/div>\n\t\t\t\t\t<\/div>\n\t\t<\/section>\n\t\t\t\t<section class=\"elementor-section elementor-top-section elementor-element elementor-element-4f15389 elementor-section-boxed elementor-section-height-default elementor-section-height-default\" data-id=\"4f15389\" data-element_type=\"section\" data-e-type=\"section\">\n\t\t\t\t\t\t<div class=\"elementor-container elementor-column-gap-default\">\n\t\t\t\t\t<div class=\"elementor-column elementor-col-100 elementor-top-column elementor-element elementor-element-5d1fa23\" data-id=\"5d1fa23\" data-element_type=\"column\" data-e-type=\"column\">\n\t\t\t<div class=\"elementor-widget-wrap elementor-element-populated\">\n\t\t\t\t\t\t<div class=\"elementor-element elementor-element-783c1eb elementor-widget elementor-widget-text-editor\" data-id=\"783c1eb\" data-element_type=\"widget\" data-e-type=\"widget\" data-widget_type=\"text-editor.default\">\n\t\t\t\t<div class=\"elementor-widget-container\">\n\t\t\t\t\t\t\t\t\t<p class=\"p1\"><span style=\"font-weight: 400;\">Les solutions avec film compostable n\u00e9cessitent de nouvelles adaptations des <\/span><b>syst\u00e8mes d&rsquo;\u00e9tiquetage.<\/b><span style=\"font-weight: 400;\"> En raison du comportement diff\u00e9rent du film compostable, compar\u00e9 au film non compostable, comme la friction, l&rsquo;adh\u00e9sion et la r\u00e9sistance \u00e0 la temp\u00e9rature, les syst\u00e8mes d&rsquo;\u00e9tiquetage et d&rsquo;application pour les processus automatis\u00e9s ont \u00e9t\u00e9 <\/span><b>adapt\u00e9s et modifi\u00e9s en combinaison avec le film Nature Fresh.<\/b><span style=\"font-weight: 400;\"> Ces adaptations garantissent une manipulation et une transportabilit\u00e9 parfaites des emballages emball\u00e9s dans le nouveau film Nature Fresh, ainsi que la possibilit\u00e9 d&rsquo;appliquer des \u00e9tiquettes qui s&rsquo;y adaptent et s&rsquo;y collent parfaitement. La <\/span><b>nouvelle machine int\u00e9gr\u00e9e de pesage, d&rsquo;\u00e9tiquetage et d&#8217;emballage combine une approche enti\u00e8rement compostable<\/b><span style=\"font-weight: 400;\">, avec une unit\u00e9 d&rsquo;application et d&rsquo;\u00e9tiquetage \u00e0 grande vitesse capable de traiter au mieux le mat\u00e9riau du film compostable. En outre, les <\/span><b>\u00e9tiquettes compostables<\/b><span style=\"font-weight: 400;\"> (norme EN 13432) peuvent \u00e9galement \u00eatre utilis\u00e9es avec ce syst\u00e8me combin\u00e9 sans aucune limite. Que les \u00e9tiquettes soient color\u00e9es ou enduites. La biod\u00e9gradation a \u00e9t\u00e9 prise en compte pour tous les types d&rsquo;\u00e9tiquettes. Les \u00e9tiquettes compostables ouvrent de nouveaux horizons en mati\u00e8re de biod\u00e9gradabilit\u00e9, car un emballage complet, de la barquette au film en passant par l&rsquo;\u00e9tiquette qui y est coll\u00e9e, peut \u00eatre compos\u00e9 en une seule fois, ce qui en fait une solution unique sur le march\u00e9 de la production de produits frais.\u00a0<\/span><\/p>\t\t\t\t\t\t\t\t<\/div>\n\t\t\t\t<\/div>\n\t\t\t\t\t<\/div>\n\t\t<\/div>\n\t\t\t\t\t<\/div>\n\t\t<\/section>\n\t\t\t\t<\/div>\n\t\t","protected":false},"excerpt":{"rendered":"<p>\u00c9TIQUETEUSE ESPERA Les solutions avec film compostable n\u00e9cessitent de nouvelles adaptations des syst\u00e8mes d&rsquo;\u00e9tiquetage. En raison du comportement diff\u00e9rent du film compostable, compar\u00e9 au film non compostable, comme la friction, l&rsquo;adh\u00e9sion et la r\u00e9sistance \u00e0 la temp\u00e9rature, les syst\u00e8mes d&rsquo;\u00e9tiquetage et d&rsquo;application pour les processus automatis\u00e9s ont \u00e9t\u00e9 adapt\u00e9s et modifi\u00e9s en combinaison avec le&hellip;&nbsp;<a href=\"https:\/\/www.naturefresh.eu\/fr\/le-projet\/etiqueteuse-espera\/\" rel=\"bookmark\">Lire la suite &raquo;<span class=\"screen-reader-text\">\u00c9TIQUETEUSE ESPERA<\/span><\/a><\/p>\n","protected":false},"author":1,"featured_media":0,"parent":1741,"menu_order":0,"comment_status":"closed","ping_status":"closed","template":"page-templates\/template-pagebuilder-full-width.php","meta":{"neve_meta_sidebar":"","neve_meta_container":"","neve_meta_enable_content_width":"","neve_meta_content_width":0,"neve_meta_title_alignment":"","neve_meta_author_avatar":"","neve_post_elements_order":"","neve_meta_disable_header":"","neve_meta_disable_footer":"","neve_meta_disable_title":"","footnotes":""},"class_list":["post-1748","page","type-page","status-publish","hentry"],"_links":{"self":[{"href":"https:\/\/www.naturefresh.eu\/fr\/wp-json\/wp\/v2\/pages\/1748","targetHints":{"allow":["GET"]}}],"collection":[{"href":"https:\/\/www.naturefresh.eu\/fr\/wp-json\/wp\/v2\/pages"}],"about":[{"href":"https:\/\/www.naturefresh.eu\/fr\/wp-json\/wp\/v2\/types\/page"}],"author":[{"embeddable":true,"href":"https:\/\/www.naturefresh.eu\/fr\/wp-json\/wp\/v2\/users\/1"}],"replies":[{"embeddable":true,"href":"https:\/\/www.naturefresh.eu\/fr\/wp-json\/wp\/v2\/comments?post=1748"}],"version-history":[{"count":4,"href":"https:\/\/www.naturefresh.eu\/fr\/wp-json\/wp\/v2\/pages\/1748\/revisions"}],"predecessor-version":[{"id":1765,"href":"https:\/\/www.naturefresh.eu\/fr\/wp-json\/wp\/v2\/pages\/1748\/revisions\/1765"}],"up":[{"embeddable":true,"href":"https:\/\/www.naturefresh.eu\/fr\/wp-json\/wp\/v2\/pages\/1741"}],"wp:attachment":[{"href":"https:\/\/www.naturefresh.eu\/fr\/wp-json\/wp\/v2\/media?parent=1748"}],"curies":[{"name":"wp","href":"https:\/\/api.w.org\/{rel}","templated":true}]}}