{"id":1746,"date":"2021-12-21T10:18:22","date_gmt":"2021-12-21T10:18:22","guid":{"rendered":"https:\/\/www.naturefresh.eu\/le-projet\/arya\/"},"modified":"2022-02-09T10:38:27","modified_gmt":"2022-02-09T10:38:27","slug":"banderoleuse-integree-arya","status":"publish","type":"page","link":"https:\/\/www.naturefresh.eu\/fr\/le-projet\/banderoleuse-integree-arya\/","title":{"rendered":"BANDEROLEUSE INT\u00c9GR\u00c9E ARYA"},"content":{"rendered":"\t\t<div data-elementor-type=\"wp-page\" data-elementor-id=\"1746\" class=\"elementor elementor-1746 elementor-1444\" data-elementor-post-type=\"page\">\n\t\t\t\t\t\t<section class=\"elementor-section elementor-top-section elementor-element elementor-element-0ea3939 elementor-section-content-middle elementor-section-boxed elementor-section-height-default elementor-section-height-default\" data-id=\"0ea3939\" data-element_type=\"section\" data-e-type=\"section\">\n\t\t\t\t\t\t<div class=\"elementor-container elementor-column-gap-default\">\n\t\t\t\t\t<div class=\"elementor-column elementor-col-50 elementor-top-column elementor-element elementor-element-a7582c9\" data-id=\"a7582c9\" data-element_type=\"column\" data-e-type=\"column\">\n\t\t\t<div class=\"elementor-widget-wrap elementor-element-populated\">\n\t\t\t\t\t\t<div class=\"elementor-element elementor-element-066be17 elementor-widget elementor-widget-heading\" data-id=\"066be17\" data-element_type=\"widget\" data-e-type=\"widget\" data-widget_type=\"heading.default\">\n\t\t\t\t<div class=\"elementor-widget-container\">\n\t\t\t\t\t<h1 class=\"elementor-heading-title elementor-size-default\">BANDEROLEUSE INT\u00c9GR\u00c9E ARYA<\/h1>\t\t\t\t<\/div>\n\t\t\t\t<\/div>\n\t\t\t\t\t<\/div>\n\t\t<\/div>\n\t\t\t\t<div class=\"elementor-column elementor-col-50 elementor-top-column elementor-element elementor-element-bb7457c\" data-id=\"bb7457c\" data-element_type=\"column\" data-e-type=\"column\">\n\t\t\t<div class=\"elementor-widget-wrap elementor-element-populated\">\n\t\t\t\t\t\t<div class=\"elementor-element elementor-element-3cd2706 elementor-widget elementor-widget-image\" data-id=\"3cd2706\" data-element_type=\"widget\" data-e-type=\"widget\" data-widget_type=\"image.default\">\n\t\t\t\t<div class=\"elementor-widget-container\">\n\t\t\t\t\t\t\t\t\t\t\t\t\t\t\t<img decoding=\"async\" src=\"https:\/\/www.naturefresh.eu\/wp-content\/uploads\/elementor\/thumbs\/Arya-scaled-qnewt5j8ajajtl5dmuywoqrclfc0wqz90vp86xy7g6.jpg\" title=\"converted PNM file\" alt=\"converted PNM file\" loading=\"lazy\" \/>\t\t\t\t\t\t\t\t\t\t\t\t\t\t\t<\/div>\n\t\t\t\t<\/div>\n\t\t\t\t\t<\/div>\n\t\t<\/div>\n\t\t\t\t\t<\/div>\n\t\t<\/section>\n\t\t\t\t<section class=\"elementor-section elementor-top-section elementor-element elementor-element-3272faa elementor-section-boxed elementor-section-height-default elementor-section-height-default\" data-id=\"3272faa\" data-element_type=\"section\" data-e-type=\"section\">\n\t\t\t\t\t\t<div class=\"elementor-container elementor-column-gap-default\">\n\t\t\t\t\t<div class=\"elementor-column elementor-col-100 elementor-top-column elementor-element elementor-element-fb89839\" data-id=\"fb89839\" data-element_type=\"column\" data-e-type=\"column\">\n\t\t\t<div class=\"elementor-widget-wrap elementor-element-populated\">\n\t\t\t\t\t\t<div class=\"elementor-element elementor-element-abd2913 elementor-widget elementor-widget-text-editor\" data-id=\"abd2913\" data-element_type=\"widget\" data-e-type=\"widget\" data-widget_type=\"text-editor.default\">\n\t\t\t\t<div class=\"elementor-widget-container\">\n\t\t\t\t\t\t\t\t\t<p><span style=\"font-weight: 400;\">Nouvelle <\/span><b>banderoleuse int\u00e9gr\u00e9e con\u00e7ue<\/b><span style=\"font-weight: 400;\"> et d\u00e9velopp\u00e9e par le Fabbri Group en collaboration avec ESPERA.<\/span><\/p><p class=\"p1\"><span style=\"font-weight: 400;\">Arya est une <\/span><b>banderoleuse, peseuse et \u00e9tiqueteuse enti\u00e8rement<\/b><span style=\"font-weight: 400;\"> automatique qui fonctionnera en combinaison avec du film \u00e9tirable compostable certifi\u00e9 <\/span><b>Nature Fresh<\/b><span style=\"font-weight: 400;\"> (norme EN 13432) d\u00e9velopp\u00e9 par Fabbri Group et avec des <\/span><b>\u00e9tiquettes compostables<\/b><span style=\"font-weight: 400;\"> identifi\u00e9es et test\u00e9es par Espera par rapport aux \u00e9tiquettes conventionnelles non compostables. Cette machine offre une <\/span><b>solution d&#8217;emballage enti\u00e8rement compostable.<\/b><\/p>\t\t\t\t\t\t\t\t<\/div>\n\t\t\t\t<\/div>\n\t\t\t\t\t<\/div>\n\t\t<\/div>\n\t\t\t\t\t<\/div>\n\t\t<\/section>\n\t\t\t\t<\/div>\n\t\t","protected":false},"excerpt":{"rendered":"<p>BANDEROLEUSE INT\u00c9GR\u00c9E ARYA Nouvelle banderoleuse int\u00e9gr\u00e9e con\u00e7ue et d\u00e9velopp\u00e9e par le Fabbri Group en collaboration avec ESPERA. Arya est une banderoleuse, peseuse et \u00e9tiqueteuse enti\u00e8rement automatique qui fonctionnera en combinaison avec du film \u00e9tirable compostable certifi\u00e9 Nature Fresh (norme EN 13432) d\u00e9velopp\u00e9 par Fabbri Group et avec des \u00e9tiquettes compostables identifi\u00e9es et test\u00e9es par Espera&hellip;&nbsp;<a href=\"https:\/\/www.naturefresh.eu\/fr\/le-projet\/banderoleuse-integree-arya\/\" rel=\"bookmark\">Lire la suite &raquo;<span class=\"screen-reader-text\">BANDEROLEUSE INT\u00c9GR\u00c9E ARYA<\/span><\/a><\/p>\n","protected":false},"author":1,"featured_media":0,"parent":1741,"menu_order":0,"comment_status":"closed","ping_status":"closed","template":"page-templates\/template-pagebuilder-full-width.php","meta":{"neve_meta_sidebar":"","neve_meta_container":"","neve_meta_enable_content_width":"","neve_meta_content_width":0,"neve_meta_title_alignment":"","neve_meta_author_avatar":"","neve_post_elements_order":"","neve_meta_disable_header":"","neve_meta_disable_footer":"","neve_meta_disable_title":"","footnotes":""},"class_list":["post-1746","page","type-page","status-publish","hentry"],"_links":{"self":[{"href":"https:\/\/www.naturefresh.eu\/fr\/wp-json\/wp\/v2\/pages\/1746","targetHints":{"allow":["GET"]}}],"collection":[{"href":"https:\/\/www.naturefresh.eu\/fr\/wp-json\/wp\/v2\/pages"}],"about":[{"href":"https:\/\/www.naturefresh.eu\/fr\/wp-json\/wp\/v2\/types\/page"}],"author":[{"embeddable":true,"href":"https:\/\/www.naturefresh.eu\/fr\/wp-json\/wp\/v2\/users\/1"}],"replies":[{"embeddable":true,"href":"https:\/\/www.naturefresh.eu\/fr\/wp-json\/wp\/v2\/comments?post=1746"}],"version-history":[{"count":4,"href":"https:\/\/www.naturefresh.eu\/fr\/wp-json\/wp\/v2\/pages\/1746\/revisions"}],"predecessor-version":[{"id":1761,"href":"https:\/\/www.naturefresh.eu\/fr\/wp-json\/wp\/v2\/pages\/1746\/revisions\/1761"}],"up":[{"embeddable":true,"href":"https:\/\/www.naturefresh.eu\/fr\/wp-json\/wp\/v2\/pages\/1741"}],"wp:attachment":[{"href":"https:\/\/www.naturefresh.eu\/fr\/wp-json\/wp\/v2\/media?parent=1746"}],"curies":[{"name":"wp","href":"https:\/\/api.w.org\/{rel}","templated":true}]}}