{"id":1741,"date":"2021-12-17T15:26:04","date_gmt":"2021-12-17T15:26:04","guid":{"rendered":"https:\/\/www.naturefresh.eu\/the-project\/"},"modified":"2022-02-09T10:40:37","modified_gmt":"2022-02-09T10:40:37","slug":"le-projet","status":"publish","type":"page","link":"https:\/\/www.naturefresh.eu\/fr\/le-projet\/","title":{"rendered":"Le Projet"},"content":{"rendered":"\t\t<div data-elementor-type=\"wp-page\" data-elementor-id=\"1741\" class=\"elementor elementor-1741 elementor-28\" data-elementor-post-type=\"page\">\n\t\t\t\t\t\t<section class=\"elementor-section elementor-top-section elementor-element elementor-element-d58ea62 elementor-section-content-middle elementor-section-full_width elementor-section-height-min-height elementor-section-height-default elementor-section-items-middle\" data-id=\"d58ea62\" data-element_type=\"section\" data-e-type=\"section\" data-settings=\"{&quot;background_background&quot;:&quot;classic&quot;}\">\n\t\t\t\t\t\t<div class=\"elementor-container elementor-column-gap-default\">\n\t\t\t\t\t<div class=\"elementor-column elementor-col-100 elementor-top-column elementor-element elementor-element-978314f\" data-id=\"978314f\" data-element_type=\"column\" data-e-type=\"column\">\n\t\t\t<div class=\"elementor-widget-wrap elementor-element-populated\">\n\t\t\t\t\t\t<div class=\"elementor-element elementor-element-fe4411c titlePage elementor-widget elementor-widget-heading\" data-id=\"fe4411c\" data-element_type=\"widget\" data-e-type=\"widget\" data-widget_type=\"heading.default\">\n\t\t\t\t<div class=\"elementor-widget-container\">\n\t\t\t\t\t<h1 class=\"elementor-heading-title elementor-size-default\">Le Projet<\/h1>\t\t\t\t<\/div>\n\t\t\t\t<\/div>\n\t\t\t\t\t<\/div>\n\t\t<\/div>\n\t\t\t\t\t<\/div>\n\t\t<\/section>\n\t\t\t\t<section class=\"elementor-section elementor-top-section elementor-element elementor-element-4289a2a elementor-section-content-middle elementor-section-boxed elementor-section-height-default elementor-section-height-default\" data-id=\"4289a2a\" data-element_type=\"section\" data-e-type=\"section\" data-settings=\"{&quot;background_background&quot;:&quot;classic&quot;}\">\n\t\t\t\t\t\t<div class=\"elementor-container elementor-column-gap-default\">\n\t\t\t\t\t<div class=\"elementor-column elementor-col-100 elementor-top-column elementor-element elementor-element-b10cbf9\" data-id=\"b10cbf9\" data-element_type=\"column\" data-e-type=\"column\">\n\t\t\t<div class=\"elementor-widget-wrap elementor-element-populated\">\n\t\t\t\t\t\t<div class=\"elementor-element elementor-element-5e04df4 elementor-widget elementor-widget-text-editor\" data-id=\"5e04df4\" data-element_type=\"widget\" data-e-type=\"widget\" data-widget_type=\"text-editor.default\">\n\t\t\t\t<div class=\"elementor-widget-container\">\n\t\t\t\t\t\t\t\t\t<p>\u00c0 la lumi\u00e8re du document r\u00e9cemment publi\u00e9 \u00ab A European Strategy for Plastics in a Circular Economy \u00bb, toutes<br \/>les parties prenantes impliqu\u00e9es dans le cycle de vie des emballages plastiques s\u2019efforcent de trouver une solution qui pourrait \u00e9viter une \u00e9ventuelle pollution plastique.<\/p><p>Toute \u00e9tude de march\u00e9 sur le sujet montre aujourd&rsquo;hui que les consommateurs et les d\u00e9taillants demandent aux producteurs d&rsquo;agir pour r\u00e9duire l&rsquo;utilisation des plastiques dans les emballages.<\/p><p><img fetchpriority=\"high\" decoding=\"async\" class=\"size-full wp-image-868 aligncenter\" src=\"https:\/\/www.naturefresh.eu\/wp-content\/uploads\/2021\/12\/Packaging-and-Sustainability-in-Europe-1.jpg\" alt=\"\" width=\"1209\" height=\"654\" srcset=\"https:\/\/www.naturefresh.eu\/wp-content\/uploads\/2021\/12\/Packaging-and-Sustainability-in-Europe-1.jpg 1209w, https:\/\/www.naturefresh.eu\/wp-content\/uploads\/2021\/12\/Packaging-and-Sustainability-in-Europe-1-300x162.jpg 300w, https:\/\/www.naturefresh.eu\/wp-content\/uploads\/2021\/12\/Packaging-and-Sustainability-in-Europe-1-1024x554.jpg 1024w, https:\/\/www.naturefresh.eu\/wp-content\/uploads\/2021\/12\/Packaging-and-Sustainability-in-Europe-1-768x415.jpg 768w\" sizes=\"(max-width: 1209px) 100vw, 1209px\" \/><\/p>\t\t\t\t\t\t\t\t<\/div>\n\t\t\t\t<\/div>\n\t\t\t\t\t<\/div>\n\t\t<\/div>\n\t\t\t\t\t<\/div>\n\t\t<\/section>\n\t\t\t\t<section class=\"elementor-section elementor-top-section elementor-element elementor-element-3ba47cd elementor-section-content-middle elementor-section-boxed elementor-section-height-default elementor-section-height-default\" data-id=\"3ba47cd\" data-element_type=\"section\" data-e-type=\"section\" data-settings=\"{&quot;background_background&quot;:&quot;classic&quot;}\">\n\t\t\t\t\t\t<div class=\"elementor-container elementor-column-gap-default\">\n\t\t\t\t\t<div class=\"elementor-column elementor-col-100 elementor-top-column elementor-element elementor-element-1d6aef9\" data-id=\"1d6aef9\" data-element_type=\"column\" data-e-type=\"column\">\n\t\t\t<div class=\"elementor-widget-wrap elementor-element-populated\">\n\t\t\t\t\t\t<div class=\"elementor-element elementor-element-5a86f5a elementor-widget elementor-widget-text-editor\" data-id=\"5a86f5a\" data-element_type=\"widget\" data-e-type=\"widget\" data-widget_type=\"text-editor.default\">\n\t\t\t\t<div class=\"elementor-widget-container\">\n\t\t\t\t\t\t\t\t\t<p><span style=\"font-weight: 400;\">Un pourcentage consid\u00e9rable de consommateurs europ\u00e9ens confirme \u00eatre pr\u00eat \u00e0 d\u00e9penser davantage pour disposer d&rsquo;un film d&#8217;emballage recyclable \u00e0 100 % ou pouvant \u00eatre enti\u00e8rement d\u00e9compos\u00e9 biologiquement.\u00a0\u00a0<\/span><\/p><p><span style=\"font-weight: 400;\">Plus pr\u00e9cis\u00e9ment, les d\u00e9taillants et l&rsquo;industrie de l&#8217;emballage demandent une solution d&#8217;emballage totalement compostable, mais performante, ainsi que des machines d&#8217;emballage rentables, faciles \u00e0 utiliser et \u00e0 entretenir.<\/span><\/p><p><span style=\"font-weight: 400;\">Aujourd&rsquo;hui, les principaux mots-cl\u00e9s sur lesquels repose toute innovation en mati\u00e8re d&#8217;emballage alimentaire sont les suivants\u00a0:<\/span><\/p><ul class=\"ul1\" style=\"margin-left: 30px; margin-bottom: 15px;\"><li class=\"li1\" style=\"list-style-type: circle;\"><span style=\"font-weight: 400;\">Emballage compostable<\/span><\/li><li class=\"li1\" style=\"list-style-type: circle;\"><span style=\"font-weight: 400;\">\u00c9conomie circulaire<\/span><\/li><li class=\"li1\" style=\"list-style-type: circle;\"><span style=\"font-weight: 400;\">Ressources renouvelables<\/span><\/li><li class=\"li1\" style=\"list-style-type: circle;\"><span style=\"font-weight: 400;\">Efficacit\u00e9 des ressources<\/span><\/li><li class=\"li1\" style=\"list-style-type: circle;\"><span style=\"font-weight: 400;\">Recyclabilit\u00e9<\/span><\/li><\/ul><p class=\"p1\"><span style=\"font-weight: 400;\">Le <\/span><span style=\"text-decoration: underline;\"><span style=\"font-weight: 400;\">Consortium <\/span><\/span><span style=\"font-weight: 400;\">Nature Fresh, dirig\u00e9 par le <\/span><span style=\"text-decoration: underline;\"><span style=\"font-weight: 400;\">Fabbri Group<\/span><\/span><span style=\"font-weight: 400;\">, fonde ses travaux sur la consid\u00e9ration que les plastiques compostables ont la capacit\u00e9 de se d\u00e9composer, de mani\u00e8re s\u00fbre et relativement rapide, par des moyens biologiques, en mati\u00e8res premi\u00e8res de la nature et d&rsquo;\u00eatre utiles \u00e0 l&rsquo;environnement (sol) en tant que compost enrichissant. <\/span><\/p><p><img decoding=\"async\" class=\"size-full wp-image-596 aligncenter\" src=\"https:\/\/www.naturefresh.eu\/wp-content\/uploads\/2021\/12\/Circoli-organic-recycling-bis-Progetto-Europeo.jpg\" alt=\"\" width=\"688\" height=\"384\" srcset=\"https:\/\/www.naturefresh.eu\/wp-content\/uploads\/2021\/12\/Circoli-organic-recycling-bis-Progetto-Europeo.jpg 688w, https:\/\/www.naturefresh.eu\/wp-content\/uploads\/2021\/12\/Circoli-organic-recycling-bis-Progetto-Europeo-300x167.jpg 300w\" sizes=\"(max-width: 688px) 100vw, 688px\" \/><\/p>\t\t\t\t\t\t\t\t<\/div>\n\t\t\t\t<\/div>\n\t\t\t\t\t<\/div>\n\t\t<\/div>\n\t\t\t\t\t<\/div>\n\t\t<\/section>\n\t\t\t\t<section class=\"elementor-section elementor-top-section elementor-element elementor-element-f99658b elementor-section-boxed elementor-section-height-default elementor-section-height-default\" data-id=\"f99658b\" data-element_type=\"section\" data-e-type=\"section\">\n\t\t\t\t\t\t<div class=\"elementor-container elementor-column-gap-default\">\n\t\t\t\t\t<div class=\"elementor-column elementor-col-100 elementor-top-column elementor-element elementor-element-687f561\" data-id=\"687f561\" data-element_type=\"column\" data-e-type=\"column\">\n\t\t\t<div class=\"elementor-widget-wrap elementor-element-populated\">\n\t\t\t\t\t\t<div class=\"elementor-element elementor-element-9cb46fc elementor-widget elementor-widget-text-editor\" data-id=\"9cb46fc\" data-element_type=\"widget\" data-e-type=\"widget\" data-widget_type=\"text-editor.default\">\n\t\t\t\t<div class=\"elementor-widget-container\">\n\t\t\t\t\t\t\t\t\t<p style=\"padding-bottom: 0px; margin-bottom: 0px;\"><span style=\"font-weight: 400;\">Dans un d\u00e9lai de 30 mois (de juillet 2019 \u00e0 d\u00e9cembre 2021), le Consortium a d\u00e9velopp\u00e9 une nouvelle technologie de plateforme bas\u00e9e sur\u00a0:<\/span><\/p><ul style=\"margin-left: 30px; margin-bottom: 15px;\"><li style=\"list-style-type: circle;\"><span style=\"font-weight: 400;\">Un <\/span><span style=\"font-weight: 400;\">film \u00e9tirable certifi\u00e9 compostable<\/span><\/li><li style=\"list-style-type: circle;\"><span style=\"font-weight: 400;\">Une <\/span><span style=\"font-weight: 400;\">machine d&#8217;emballage industrielle<\/span><span style=\"font-weight: 400;\"> compatible avec le film, les barquettes, les \u00e9tiquettes compostables et leur <\/span><span style=\"font-weight: 400;\">\u00e9tiqueteuse <\/span><span style=\"font-weight: 400;\">correspondante<\/span><\/li><li style=\"list-style-type: circle;\"><span style=\"font-weight: 400;\">Une<\/span><span style=\"font-weight: 400;\"> machine d&#8217;emballage int\u00e9gr\u00e9e<\/span><span style=\"font-weight: 400;\"> pour la vente au d\u00e9tail, \u00e9galement compatible avec les \u00e9l\u00e9ments ci-dessus<\/span><\/li><\/ul><p><span style=\"font-weight: 400;\">Le projet Nature Fresh s&rsquo;adresse sp\u00e9cifiquement \u00e0 l&rsquo;ensemble du march\u00e9 de l&#8217;emballage des aliments frais (viande blanche et rouge, poisson, produits laitiers, fruits, l\u00e9gumes, prot\u00e9ines alternatives, plats cuisin\u00e9s&#8230;). <\/span><\/p>\t\t\t\t\t\t\t\t<\/div>\n\t\t\t\t<\/div>\n\t\t\t\t<div class=\"elementor-element elementor-element-d60957b elementor-widget elementor-widget-image\" data-id=\"d60957b\" data-element_type=\"widget\" data-e-type=\"widget\" data-widget_type=\"image.default\">\n\t\t\t\t<div class=\"elementor-widget-container\">\n\t\t\t\t\t\t\t\t\t\t\t\t<figure class=\"wp-caption\">\n\t\t\t\t\t\t\t\t\t\t<img decoding=\"async\" src=\"https:\/\/www.naturefresh.eu\/wp-content\/uploads\/elementor\/thumbs\/Nature_Fresh_ProdottiEtichettati-qnewt6h3p83palxgk7k8u7j5uaytibbinbg1snv25c.png\" title=\"Nature_Fresh_ProdottiEtichettati\" alt=\"Nature_Fresh_ProdottiEtichettati\" loading=\"lazy\" \/>\t\t\t\t\t\t\t\t\t\t\t<figcaption class=\"widget-image-caption wp-caption-text\"><\/figcaption>\n\t\t\t\t\t\t\t\t\t\t<\/figure>\n\t\t\t\t\t\t\t\t\t<\/div>\n\t\t\t\t<\/div>\n\t\t\t\t\t<\/div>\n\t\t<\/div>\n\t\t\t\t\t<\/div>\n\t\t<\/section>\n\t\t\t\t<section class=\"elementor-section elementor-top-section elementor-element elementor-element-834445e elementor-section-boxed elementor-section-height-default elementor-section-height-default\" data-id=\"834445e\" data-element_type=\"section\" data-e-type=\"section\" data-settings=\"{&quot;background_background&quot;:&quot;classic&quot;}\">\n\t\t\t\t\t\t<div class=\"elementor-container elementor-column-gap-default\">\n\t\t\t\t\t<div class=\"elementor-column elementor-col-100 elementor-top-column elementor-element elementor-element-fc1d2b8\" data-id=\"fc1d2b8\" data-element_type=\"column\" data-e-type=\"column\">\n\t\t\t<div class=\"elementor-widget-wrap elementor-element-populated\">\n\t\t\t\t\t\t<div class=\"elementor-element elementor-element-a409329 elementor-arrows-position-outside elementor-pagination-position-outside elementor-widget elementor-widget-image-carousel\" data-id=\"a409329\" data-element_type=\"widget\" data-e-type=\"widget\" data-settings=\"{&quot;navigation&quot;:&quot;both&quot;,&quot;autoplay&quot;:&quot;yes&quot;,&quot;pause_on_hover&quot;:&quot;yes&quot;,&quot;pause_on_interaction&quot;:&quot;yes&quot;,&quot;autoplay_speed&quot;:5000,&quot;infinite&quot;:&quot;yes&quot;,&quot;speed&quot;:500,&quot;image_spacing_custom&quot;:{&quot;unit&quot;:&quot;px&quot;,&quot;size&quot;:20,&quot;sizes&quot;:[]},&quot;image_spacing_custom_tablet&quot;:{&quot;unit&quot;:&quot;px&quot;,&quot;size&quot;:&quot;&quot;,&quot;sizes&quot;:[]},&quot;image_spacing_custom_mobile&quot;:{&quot;unit&quot;:&quot;px&quot;,&quot;size&quot;:&quot;&quot;,&quot;sizes&quot;:[]}}\" data-widget_type=\"image-carousel.default\">\n\t\t\t\t<div class=\"elementor-widget-container\">\n\t\t\t\t\t\t\t<div class=\"elementor-image-carousel-wrapper swiper\" role=\"region\" aria-roledescription=\"carousel\" aria-label=\"Carrousel d\u2019images\" dir=\"ltr\">\n\t\t\t<div class=\"elementor-image-carousel swiper-wrapper\" aria-live=\"off\">\n\t\t\t\t\t\t\t\t<div class=\"swiper-slide\" role=\"group\" aria-roledescription=\"slide\" aria-label=\"1 sur 6\"><figure class=\"swiper-slide-inner\"><img decoding=\"async\" class=\"swiper-slide-image\" src=\"https:\/\/www.naturefresh.eu\/wp-content\/uploads\/2021\/12\/MeleGialle_NF_etichetta.png\" alt=\"MeleGialle_NF_etichetta\" \/><\/figure><\/div><div class=\"swiper-slide\" role=\"group\" aria-roledescription=\"slide\" aria-label=\"2 sur 6\"><figure class=\"swiper-slide-inner\"><img decoding=\"async\" class=\"swiper-slide-image\" src=\"https:\/\/www.naturefresh.eu\/wp-content\/uploads\/2021\/12\/Carote_NF_etichetta.png\" alt=\"Carote_NF_etichetta\" \/><\/figure><\/div><div class=\"swiper-slide\" role=\"group\" aria-roledescription=\"slide\" aria-label=\"3 sur 6\"><figure class=\"swiper-slide-inner\"><img decoding=\"async\" class=\"swiper-slide-image\" src=\"https:\/\/www.naturefresh.eu\/wp-content\/uploads\/2021\/12\/Hamburger_NF_etichetta.png\" alt=\"Hamburger_NF_etichetta\" \/><\/figure><\/div><div class=\"swiper-slide\" role=\"group\" aria-roledescription=\"slide\" aria-label=\"4 sur 6\"><figure class=\"swiper-slide-inner\"><img decoding=\"async\" class=\"swiper-slide-image\" src=\"https:\/\/www.naturefresh.eu\/wp-content\/uploads\/2021\/12\/Pollo_NF_etichetta.png\" alt=\"Pollo_NF_etichetta\" \/><\/figure><\/div><div class=\"swiper-slide\" role=\"group\" aria-roledescription=\"slide\" aria-label=\"5 sur 6\"><figure class=\"swiper-slide-inner\"><img decoding=\"async\" class=\"swiper-slide-image\" src=\"https:\/\/www.naturefresh.eu\/wp-content\/uploads\/2021\/12\/Pesce_NF_etichetta.png\" alt=\"Pesce_NF_etichetta\" \/><\/figure><\/div><div class=\"swiper-slide\" role=\"group\" aria-roledescription=\"slide\" aria-label=\"6 sur 6\"><figure class=\"swiper-slide-inner\"><img decoding=\"async\" class=\"swiper-slide-image\" src=\"https:\/\/www.naturefresh.eu\/wp-content\/uploads\/2021\/12\/Formaggio_NF_etichetta.png\" alt=\"Formaggio_NF_etichetta\" \/><\/figure><\/div>\t\t\t<\/div>\n\t\t\t\t\t\t\t\t\t\t\t\t<div class=\"elementor-swiper-button elementor-swiper-button-prev\" role=\"button\" tabindex=\"0\">\n\t\t\t\t\t\t<i aria-hidden=\"true\" class=\"eicon-chevron-left\"><\/i>\t\t\t\t\t<\/div>\n\t\t\t\t\t<div class=\"elementor-swiper-button elementor-swiper-button-next\" role=\"button\" tabindex=\"0\">\n\t\t\t\t\t\t<i aria-hidden=\"true\" class=\"eicon-chevron-right\"><\/i>\t\t\t\t\t<\/div>\n\t\t\t\t\n\t\t\t\t\t\t\t\t\t<div class=\"swiper-pagination\"><\/div>\n\t\t\t\t\t\t\t\t\t<\/div>\n\t\t\t\t\t\t<\/div>\n\t\t\t\t<\/div>\n\t\t\t\t\t<\/div>\n\t\t<\/div>\n\t\t\t\t\t<\/div>\n\t\t<\/section>\n\t\t\t\t<section class=\"elementor-section elementor-top-section elementor-element elementor-element-2d66745 elementor-section-content-middle elementor-section-boxed elementor-section-height-default elementor-section-height-default\" data-id=\"2d66745\" data-element_type=\"section\" data-e-type=\"section\" data-settings=\"{&quot;background_background&quot;:&quot;classic&quot;}\">\n\t\t\t\t\t\t<div class=\"elementor-container elementor-column-gap-default\">\n\t\t\t\t\t<div class=\"elementor-column elementor-col-100 elementor-top-column elementor-element elementor-element-f9a72fe\" data-id=\"f9a72fe\" data-element_type=\"column\" data-e-type=\"column\">\n\t\t\t<div class=\"elementor-widget-wrap elementor-element-populated\">\n\t\t\t\t\t\t<div class=\"elementor-element elementor-element-68374ff elementor-widget elementor-widget-text-editor\" data-id=\"68374ff\" data-element_type=\"widget\" data-e-type=\"widget\" data-widget_type=\"text-editor.default\">\n\t\t\t\t<div class=\"elementor-widget-container\">\n\t\t\t\t\t\t\t\t\t<p class=\"p2\"><span style=\"font-weight: 400;\">Dans le cadre de ce projet FTI, le consortium r\u00e9alisera toutes les activit\u00e9s pertinentes pour cr\u00e9er et promouvoir la solution Nature Fresh, telles que la fabrication \u00e0 l&rsquo;\u00e9chelle <\/span><b>commerciale du film compostable<\/b><span style=\"font-weight: 400;\">,<\/span><b> la conception et le d\u00e9veloppement des machines d&#8217;emballage automatique<\/b><span style=\"font-weight: 400;\">,<\/span><b> la conception et le d\u00e9veloppement de l&rsquo;applicateur d&rsquo;\u00e9tiquettes compostables<\/b><span style=\"font-weight: 400;\">, l&rsquo;obtention des <\/span><b>autorisations r\u00e9glementaires<\/b><span style=\"font-weight: 400;\"> et la r\u00e9alisation d&rsquo;<\/span><b>essais aupr\u00e8s des utilisateurs finaux<\/b><span style=\"font-weight: 400;\"> pour obtenir l&rsquo;acceptation du march\u00e9 et une entr\u00e9e rapide sur le march\u00e9 d&rsquo;ici le <\/span><b>deuxi\u00e8me trimestre de 2022<\/b><span style=\"font-weight: 400;\">.<\/span><\/p>\t\t\t\t\t\t\t\t<\/div>\n\t\t\t\t<\/div>\n\t\t\t\t<div class=\"elementor-element elementor-element-ecc7d56 elementor-widget elementor-widget-image\" data-id=\"ecc7d56\" data-element_type=\"widget\" data-e-type=\"widget\" data-widget_type=\"image.default\">\n\t\t\t\t<div class=\"elementor-widget-container\">\n\t\t\t\t\t\t\t\t\t\t\t\t\t\t\t<img decoding=\"async\" width=\"1010\" height=\"585\" src=\"https:\/\/www.naturefresh.eu\/wp-content\/uploads\/2021\/12\/Nature-Fresh.png\" class=\"attachment-large size-large wp-image-491\" alt=\"\" srcset=\"https:\/\/www.naturefresh.eu\/wp-content\/uploads\/2021\/12\/Nature-Fresh.png 1010w, https:\/\/www.naturefresh.eu\/wp-content\/uploads\/2021\/12\/Nature-Fresh-300x174.png 300w, https:\/\/www.naturefresh.eu\/wp-content\/uploads\/2021\/12\/Nature-Fresh-768x445.png 768w\" sizes=\"(max-width: 1010px) 100vw, 1010px\" \/>\t\t\t\t\t\t\t\t\t\t\t\t\t\t\t<\/div>\n\t\t\t\t<\/div>\n\t\t\t\t<div class=\"elementor-element elementor-element-edbb0cf elementor-widget elementor-widget-text-editor\" data-id=\"edbb0cf\" data-element_type=\"widget\" data-e-type=\"widget\" data-widget_type=\"text-editor.default\">\n\t\t\t\t<div class=\"elementor-widget-container\">\n\t\t\t\t\t\t\t\t\t<p><span style=\"font-weight: 400;\">Deux ans apr\u00e8s son lancement officiel sur le march\u00e9, le film \u00e9tirable compostable certifi\u00e9 Nature Fresh du Fabbri Group a prouv\u00e9 qu&rsquo;il avait de bonnes \u00e0 tr\u00e8s bonnes performances en termes de r\u00e9sistance, de transparence, de perm\u00e9abilit\u00e9, d&rsquo;extensibilit\u00e9 et de vente au niveau europ\u00e9en, et qu&rsquo;il contribuait \u00e9galement \u00e0 limiter le gaspillage alimentaire.\u00a0<\/span><\/p><p><span style=\"font-weight: 400;\">Le projet Nature Fresh offre donc aux d\u00e9taillants, aux transformateurs alimentaires et au grand public des avantages directs sur le plan environnemental et humanitaire et permet de r\u00e9duire l&rsquo;utilisation du plastique.\u00a0<\/span><\/p><p><span style=\"font-weight: 400;\">En m\u00eame temps, la nouvelle solution aidera les entreprises clientes \u00e0 respecter les initiatives et les rapports de durabilit\u00e9.<\/span><\/p><ul style=\"margin-top: 20px; margin-left: 30px; margin-bottom: 15px;\"><li style=\"list-style-type: circle;\"><b><a href=\"\/fr\/le-projet\/film-etirable-certifie-compostable-nature-fresh\/\">FILM \u00c9TIRABLE CERTIFI\u00c9 COMPOSTABLE NATURE FRESH &gt;&gt;<\/a><\/b><\/li><li class=\"li1\" style=\"list-style-type: circle;\"><b><a href=\"\/fr\/le-projet\/machines-automac-dual-et-automac-industrial\/\">MACHINES AUTOMAC DUAL ET AUTOMAC INDUSTRIAL &gt;&gt;<\/a><\/b><\/li><li class=\"li1\" style=\"list-style-type: circle;\"><b><a href=\"\/fr\/le-projet\/banderoleuse-integree-arya\/\">BANDEROLEUSE INT\u00c9GR\u00c9E ARYA &gt;&gt;<\/a><\/b><\/li><li class=\"li1\" style=\"list-style-type: circle;\"><b><a href=\"\/fr\/le-projet\/etiqueteuse-espera\/\">\u00c9TIQUETEUSE ESPERA &gt;&gt;<\/a><\/b><\/li><\/ul>\t\t\t\t\t\t\t\t<\/div>\n\t\t\t\t<\/div>\n\t\t\t\t<div class=\"elementor-element elementor-element-b063457 elementor-widget elementor-widget-image\" data-id=\"b063457\" data-element_type=\"widget\" data-e-type=\"widget\" data-widget_type=\"image.default\">\n\t\t\t\t<div class=\"elementor-widget-container\">\n\t\t\t\t\t\t\t\t\t\t\t\t\t\t\t<img loading=\"lazy\" decoding=\"async\" width=\"1024\" height=\"427\" src=\"https:\/\/www.naturefresh.eu\/wp-content\/uploads\/2021\/12\/Composting-Nature_Fresh-1024x427.jpg\" class=\"attachment-large size-large wp-image-443\" alt=\"\" srcset=\"https:\/\/www.naturefresh.eu\/wp-content\/uploads\/2021\/12\/Composting-Nature_Fresh-1024x427.jpg 1024w, https:\/\/www.naturefresh.eu\/wp-content\/uploads\/2021\/12\/Composting-Nature_Fresh-300x125.jpg 300w, https:\/\/www.naturefresh.eu\/wp-content\/uploads\/2021\/12\/Composting-Nature_Fresh-768x320.jpg 768w, https:\/\/www.naturefresh.eu\/wp-content\/uploads\/2021\/12\/Composting-Nature_Fresh-1536x640.jpg 1536w, https:\/\/www.naturefresh.eu\/wp-content\/uploads\/2021\/12\/Composting-Nature_Fresh.jpg 1656w\" sizes=\"(max-width: 1024px) 100vw, 1024px\" \/>\t\t\t\t\t\t\t\t\t\t\t\t\t\t\t<\/div>\n\t\t\t\t<\/div>\n\t\t\t\t\t<\/div>\n\t\t<\/div>\n\t\t\t\t\t<\/div>\n\t\t<\/section>\n\t\t\t\t<\/div>\n\t\t","protected":false},"excerpt":{"rendered":"<p>Le Projet \u00c0 la lumi\u00e8re du document r\u00e9cemment publi\u00e9 \u00ab A European Strategy for Plastics in a Circular Economy \u00bb, toutesles parties prenantes impliqu\u00e9es dans le cycle de vie des emballages plastiques s\u2019efforcent de trouver une solution qui pourrait \u00e9viter une \u00e9ventuelle pollution plastique. Toute \u00e9tude de march\u00e9 sur le sujet montre aujourd&rsquo;hui que les&hellip;&nbsp;<a href=\"https:\/\/www.naturefresh.eu\/fr\/le-projet\/\" rel=\"bookmark\">Lire la suite &raquo;<span class=\"screen-reader-text\">Le Projet<\/span><\/a><\/p>\n","protected":false},"author":1,"featured_media":0,"parent":0,"menu_order":0,"comment_status":"closed","ping_status":"closed","template":"elementor_header_footer","meta":{"neve_meta_sidebar":"full-width","neve_meta_container":"","neve_meta_enable_content_width":"on","neve_meta_content_width":100,"neve_meta_title_alignment":"","neve_meta_author_avatar":"","neve_post_elements_order":"","neve_meta_disable_header":"","neve_meta_disable_footer":"","neve_meta_disable_title":"","footnotes":""},"class_list":["post-1741","page","type-page","status-publish","hentry"],"_links":{"self":[{"href":"https:\/\/www.naturefresh.eu\/fr\/wp-json\/wp\/v2\/pages\/1741","targetHints":{"allow":["GET"]}}],"collection":[{"href":"https:\/\/www.naturefresh.eu\/fr\/wp-json\/wp\/v2\/pages"}],"about":[{"href":"https:\/\/www.naturefresh.eu\/fr\/wp-json\/wp\/v2\/types\/page"}],"author":[{"embeddable":true,"href":"https:\/\/www.naturefresh.eu\/fr\/wp-json\/wp\/v2\/users\/1"}],"replies":[{"embeddable":true,"href":"https:\/\/www.naturefresh.eu\/fr\/wp-json\/wp\/v2\/comments?post=1741"}],"version-history":[{"count":7,"href":"https:\/\/www.naturefresh.eu\/fr\/wp-json\/wp\/v2\/pages\/1741\/revisions"}],"predecessor-version":[{"id":1768,"href":"https:\/\/www.naturefresh.eu\/fr\/wp-json\/wp\/v2\/pages\/1741\/revisions\/1768"}],"wp:attachment":[{"href":"https:\/\/www.naturefresh.eu\/fr\/wp-json\/wp\/v2\/media?parent=1741"}],"curies":[{"name":"wp","href":"https:\/\/api.w.org\/{rel}","templated":true}]}}