{"id":1683,"date":"2021-12-18T00:13:56","date_gmt":"2021-12-18T00:13:56","guid":{"rendered":"https:\/\/www.naturefresh.eu\/work-packages\/"},"modified":"2022-02-06T20:41:56","modified_gmt":"2022-02-06T20:41:56","slug":"paquetes-de-trabajo","status":"publish","type":"page","link":"https:\/\/www.naturefresh.eu\/es\/paquetes-de-trabajo\/","title":{"rendered":"Paquetes De Trabajo"},"content":{"rendered":"\t\t<div data-elementor-type=\"wp-page\" data-elementor-id=\"1683\" class=\"elementor elementor-1683 elementor-300\" data-elementor-post-type=\"page\">\n\t\t\t\t\t\t<section class=\"elementor-section elementor-top-section elementor-element elementor-element-d58ea62 elementor-section-content-middle elementor-section-full_width elementor-section-height-min-height elementor-section-height-default elementor-section-items-middle\" data-id=\"d58ea62\" data-element_type=\"section\" data-e-type=\"section\" data-settings=\"{&quot;background_background&quot;:&quot;classic&quot;}\">\n\t\t\t\t\t\t<div class=\"elementor-container elementor-column-gap-default\">\n\t\t\t\t\t<div class=\"elementor-column elementor-col-100 elementor-top-column elementor-element elementor-element-978314f\" data-id=\"978314f\" data-element_type=\"column\" data-e-type=\"column\">\n\t\t\t<div class=\"elementor-widget-wrap elementor-element-populated\">\n\t\t\t\t\t\t<div class=\"elementor-element elementor-element-fe4411c titlePage elementor-widget elementor-widget-heading\" data-id=\"fe4411c\" data-element_type=\"widget\" data-e-type=\"widget\" data-widget_type=\"heading.default\">\n\t\t\t\t<div class=\"elementor-widget-container\">\n\t\t\t\t\t<h1 class=\"elementor-heading-title elementor-size-default\">Paquetes De Trabajo<\/h1>\t\t\t\t<\/div>\n\t\t\t\t<\/div>\n\t\t\t\t\t<\/div>\n\t\t<\/div>\n\t\t\t\t\t<\/div>\n\t\t<\/section>\n\t\t\t\t<section class=\"elementor-section elementor-top-section elementor-element elementor-element-4289a2a elementor-section-content-middle elementor-section-boxed elementor-section-height-default elementor-section-height-default\" data-id=\"4289a2a\" data-element_type=\"section\" data-e-type=\"section\" data-settings=\"{&quot;background_background&quot;:&quot;classic&quot;}\">\n\t\t\t\t\t\t<div class=\"elementor-container elementor-column-gap-default\">\n\t\t\t\t\t<div class=\"elementor-column elementor-col-100 elementor-top-column elementor-element elementor-element-b10cbf9\" data-id=\"b10cbf9\" data-element_type=\"column\" data-e-type=\"column\">\n\t\t\t<div class=\"elementor-widget-wrap elementor-element-populated\">\n\t\t\t\t\t\t<div class=\"elementor-element elementor-element-386b95b elementor-widget elementor-widget-text-editor\" data-id=\"386b95b\" data-element_type=\"widget\" data-e-type=\"widget\" data-widget_type=\"text-editor.default\">\n\t\t\t\t<div class=\"elementor-widget-container\">\n\t\t\t\t\t\t\t\t\t<p class=\"p1\" style=\"margin: 0px;\"><span style=\"font-weight: 400;\">El proyecto <strong>Nature Fresh<\/strong> incluye diferentes paquetes de trabajo, que el Consorcio se compromete a llevar a cabo en el plazo previsto y a remitirse a los mismos a trav\u00e9s de una amplia serie de Resultados e Informes finales (a mitad y final del proyecto):<\/span><\/p>\t\t\t\t\t\t\t\t<\/div>\n\t\t\t\t<\/div>\n\t\t\t\t<div class=\"elementor-element elementor-element-b16cdb6 elementor-widget elementor-widget-image\" data-id=\"b16cdb6\" data-element_type=\"widget\" data-e-type=\"widget\" data-widget_type=\"image.default\">\n\t\t\t\t<div class=\"elementor-widget-container\">\n\t\t\t\t\t\t\t\t\t\t\t\t\t\t\t<img fetchpriority=\"high\" decoding=\"async\" width=\"1024\" height=\"106\" src=\"https:\/\/www.naturefresh.eu\/wp-content\/uploads\/2021\/12\/Project-2-1024x106.png\" class=\"attachment-large size-large wp-image-510\" alt=\"\" srcset=\"https:\/\/www.naturefresh.eu\/wp-content\/uploads\/2021\/12\/Project-2-1024x106.png 1024w, https:\/\/www.naturefresh.eu\/wp-content\/uploads\/2021\/12\/Project-2-300x31.png 300w, https:\/\/www.naturefresh.eu\/wp-content\/uploads\/2021\/12\/Project-2-768x79.png 768w, https:\/\/www.naturefresh.eu\/wp-content\/uploads\/2021\/12\/Project-2.png 1064w\" sizes=\"(max-width: 1024px) 100vw, 1024px\" \/>\t\t\t\t\t\t\t\t\t\t\t\t\t\t\t<\/div>\n\t\t\t\t<\/div>\n\t\t\t\t<div class=\"elementor-element elementor-element-7747841 elementor-widget elementor-widget-text-editor\" data-id=\"7747841\" data-element_type=\"widget\" data-e-type=\"widget\" data-widget_type=\"text-editor.default\">\n\t\t\t\t<div class=\"elementor-widget-container\">\n\t\t\t\t\t\t\t\t\t<h3><span style=\"color: #076633;\"><br \/>WP1: Optimizaci\u00f3n del film compostable<\/span><\/h3><p><span style=\"font-weight: 400;\">De julio de 2019 a diciembre de 2021, a trav\u00e9s de este paquete de trabajo, el Consorcio pretende evaluar las prestaciones del film objetivo, producirlo, probarlo en la empresa y en los establecimientos de los clientes y, si es necesario, a optimizarlo.<\/span><\/p><p><i style=\"color: var(--nv-text-color); font-family: var(--bodyFontFamily),var(--nv-fallback-ff); font-size: var(--bodyFontSize); font-weight: var(--bodyFontWeight); letter-spacing: var(--bodyLetterSpacing); text-transform: var(--bodyTextTransform);\">Socio responsable: Fabbri Group, en cooperaci\u00f3n con Espera, Teixpac, CTME.<\/i><\/p>\t\t\t\t\t\t\t\t<\/div>\n\t\t\t\t<\/div>\n\t\t\t\t<div class=\"elementor-element elementor-element-5372405 elementor-widget elementor-widget-text-editor\" data-id=\"5372405\" data-element_type=\"widget\" data-e-type=\"widget\" data-widget_type=\"text-editor.default\">\n\t\t\t\t<div class=\"elementor-widget-container\">\n\t\t\t\t\t\t\t\t\t<h3><span style=\"color: #076633;\">WP2: Dise\u00f1ar y desarrollar m\u00e1quinas envolvedoras<\/span><\/h3><p>De julio de 2019 a diciembre de 2021, a trav\u00e9s de este paquete de trabajo, el Consorcio pretende dise\u00f1ar y construir las m\u00e1quinas envolvedoras (1 modelo para el comercio minorista, 1 modelo para la industria), crear la formaci\u00f3n, el procedimiento operativo y la documentaci\u00f3n de resoluci\u00f3n de problemas y obtener el marcado CE.<\/p><p><i>Socio responsable: Fabbri Group, en cooperaci\u00f3n con Teixpac.<\/i><\/p>\t\t\t\t\t\t\t\t<\/div>\n\t\t\t\t<\/div>\n\t\t\t\t<div class=\"elementor-element elementor-element-276f43a elementor-widget elementor-widget-text-editor\" data-id=\"276f43a\" data-element_type=\"widget\" data-e-type=\"widget\" data-widget_type=\"text-editor.default\">\n\t\t\t\t<div class=\"elementor-widget-container\">\n\t\t\t\t\t\t\t\t\t<h3><span style=\"color: #076633;\">WP3: Dise\u00f1o y fabricaci\u00f3n de la etiqueta compostable y su sistema de aplicaci\u00f3n<\/span><\/h3><p>De julio de 2019 a febrero de 2021, a trav\u00e9s de este paquete de trabajo, el Consorcio pretende dise\u00f1ar y crear la etiqueta compostable y el sistema de aplicaci\u00f3n de la balanza y la etiqueta, seguidos de pruebas internas.<\/p><p><i>Socio responsable: Espera en cooperaci\u00f3n con el Fabbri Group, Teixpac.<\/i><\/p>\t\t\t\t\t\t\t\t<\/div>\n\t\t\t\t<\/div>\n\t\t\t\t<div class=\"elementor-element elementor-element-c33e1ba elementor-widget elementor-widget-text-editor\" data-id=\"c33e1ba\" data-element_type=\"widget\" data-e-type=\"widget\" data-widget_type=\"text-editor.default\">\n\t\t\t\t<div class=\"elementor-widget-container\">\n\t\t\t\t\t\t\t\t\t<h3><span style=\"color: #076633;\">WP4: Ensayos de producci\u00f3n y pruebas internas<\/span><\/h3><p>De enero de 2020 a diciembre de 2021, a trav\u00e9s de este paquete de trabajo, el Consorcio pretende definir la lista de comprobaci\u00f3n y el procedimiento para las pruebas internas para controlar que el sistema cumpla con la normativa europea aplicable, las funciones, el rendimiento, la interfaz humana y la seguridad. Despu\u00e9s de la optimizaci\u00f3n de la m\u00e1quina, las pruebas se llevar\u00e1n a cabo de nuevo.<\/p><p><i>Socio responsable: Fabbri Group, en cooperaci\u00f3n con Espera, Teixpac, CTME<\/i><\/p>\t\t\t\t\t\t\t\t<\/div>\n\t\t\t\t<\/div>\n\t\t\t\t<div class=\"elementor-element elementor-element-b7fca6e elementor-widget elementor-widget-text-editor\" data-id=\"b7fca6e\" data-element_type=\"widget\" data-e-type=\"widget\" data-widget_type=\"text-editor.default\">\n\t\t\t\t<div class=\"elementor-widget-container\">\n\t\t\t\t\t\t\t\t\t<h3><span style=\"color: #076633;\">WP5: Pruebas con usuarios finales<\/span><\/h3><p>De julio de 2019 a noviembre de 2021, a trav\u00e9s de este paquete de trabajo, el Consorcio pretende llevar a cabo pruebas detalladas de ambos tipos de m\u00e1quinas, del sistema WPL y del film en las instalaciones del usuario final. Los par\u00e1metros clave de las pruebas incluyen la velocidad de envasado, la repetibilidad de la calidad del envase, la reproducibilidad, la maquinabilidad del film compostable y la est\u00e9tica general del envase. Tras la optimizaci\u00f3n, debe preverse una segunda prueba. Esto garantizar\u00e1 que el consorcio ha respondido a las necesidades exactas del usuario final y ha obtenido la aprobaci\u00f3n final de los primeros usuarios.<\/p><p><i>Socio responsable: Teixpac en cooperaci\u00f3n con Fabbri Group, Espera.<\/i><\/p>\t\t\t\t\t\t\t\t<\/div>\n\t\t\t\t<\/div>\n\t\t\t\t<div class=\"elementor-element elementor-element-286b3af elementor-widget elementor-widget-text-editor\" data-id=\"286b3af\" data-element_type=\"widget\" data-e-type=\"widget\" data-widget_type=\"text-editor.default\">\n\t\t\t\t<div class=\"elementor-widget-container\">\n\t\t\t\t\t\t\t\t\t<h3><span style=\"color: #076633;\">WP6: Aprobaciones regulatorias, impacto ambiental y an\u00e1lisis del ciclo de vida<\/span><\/h3><p>De agosto de 2019 a diciembre de 2021, a trav\u00e9s de este paquete de trabajo, el Consorcio pretende comprobar y editar la declaraci\u00f3n de conformidad con la ley europea sobre compostabilidad para el film y la etiqueta, evaluar el impacto ambiental de la soluci\u00f3n de envasado propuesta seg\u00fan la herramienta de An\u00e1lisis del Ciclo de Vida (ACV).<\/p><p><i>Socio responsable: CTME en cooperaci\u00f3n con Fabbri Group, Espera.<\/i><\/p>\t\t\t\t\t\t\t\t<\/div>\n\t\t\t\t<\/div>\n\t\t\t\t<div class=\"elementor-element elementor-element-594bc83 elementor-widget elementor-widget-text-editor\" data-id=\"594bc83\" data-element_type=\"widget\" data-e-type=\"widget\" data-widget_type=\"text-editor.default\">\n\t\t\t\t<div class=\"elementor-widget-container\">\n\t\t\t\t\t\t\t\t\t<h3><span style=\"color: #076633;\">WP7: Planificaci\u00f3n de la comercializaci\u00f3n<\/span><\/h3><p>De julio de 2019 a diciembre de 2021, a trav\u00e9s de este paquete de trabajo, el Consorcio pretende desarrollar y llevar a cabo la estrategia de PI (marcas, patentes&#8230;), los acuerdos de la cadena de suministro (proveedores, acuerdos con socios de fabricaci\u00f3n, distribuidores), los contratos comerciales (incluyendo las garant\u00edas, el servicio, la responsabilidad, etc.), los modelos de precios, las rutas de comercializaci\u00f3n, la fabricaci\u00f3n a escala comercial, el plan de servicio posventa.<\/p><p><i>Socio responsable: Fabbri Group, en cooperaci\u00f3n con Espera, Teixpac.<\/i><\/p>\t\t\t\t\t\t\t\t<\/div>\n\t\t\t\t<\/div>\n\t\t\t\t<div class=\"elementor-element elementor-element-54e452b elementor-widget elementor-widget-text-editor\" data-id=\"54e452b\" data-element_type=\"widget\" data-e-type=\"widget\" data-widget_type=\"text-editor.default\">\n\t\t\t\t<div class=\"elementor-widget-container\">\n\t\t\t\t\t\t\t\t\t<h3><span style=\"color: #076633;\">WP8: Comercializaci\u00f3n y difusi\u00f3n<\/span><\/h3><p>De julio de 2019 a diciembre de 2021, a trav\u00e9s de este paquete de trabajo, el Consorcio pretende encargarse de los registros de marca y de todas las actividades de marketing enfocadas a los minoristas y a los procesadores de alimentos que pretenden adoptar envases alimentarios sostenibles para satisfacer las necesidades de los usuarios finales (ferias, conferencias, seminarios y otros eventos, comunicados de prensa, libros blancos, v\u00eddeos, materiales digitales e impresos&#8230;), formaci\u00f3n de los equipos de ventas de los distribuidores, revisi\u00f3n final del rendimiento general del sistema Nature Fresh. Los otros socios Espera, Teixpac, CTME proceder\u00e1n mediante acciones paralelas con su propia cartera de clientes.<\/p><p><i>Socio responsable: Fabbri Group, en cooperaci\u00f3n con Espera, Teixpac, CTME.<\/i><\/p>\t\t\t\t\t\t\t\t<\/div>\n\t\t\t\t<\/div>\n\t\t\t\t<div class=\"elementor-element elementor-element-8533ae1 elementor-widget elementor-widget-text-editor\" data-id=\"8533ae1\" data-element_type=\"widget\" data-e-type=\"widget\" data-widget_type=\"text-editor.default\">\n\t\t\t\t<div class=\"elementor-widget-container\">\n\t\t\t\t\t\t\t\t\t<h3><span style=\"color: #076633;\">WP9: Gesti\u00f3n del proyecto <\/span><\/h3><p>Desde julio de 2019 hasta diciembre de 2021, a trav\u00e9s de este paquete de trabajo, el Consorcio tiene como objetivo celebrar reuniones peri\u00f3dicas de revisi\u00f3n del progreso asegurando que cualquier desviaci\u00f3n respecto del plan y las acciones correctivas requeridas se registren y act\u00faen, revisar el proyecto, informando y supervisando todos los riesgos, mantener una comunicaci\u00f3n regular con el encargado del seguimiento de la CE sobre las actualizaciones del proyecto, preparar y presentar informes a la EASME de acuerdo con los requisitos de la CE.<\/p><p><i>Socio responsable: Fabbri Group, en cooperaci\u00f3n con Espera, Teixpac, CTME.<\/i><\/p>\t\t\t\t\t\t\t\t<\/div>\n\t\t\t\t<\/div>\n\t\t\t\t<div class=\"elementor-element elementor-element-bb7cad3 elementor-widget elementor-widget-text-editor\" data-id=\"bb7cad3\" data-element_type=\"widget\" data-e-type=\"widget\" data-widget_type=\"text-editor.default\">\n\t\t\t\t<div class=\"elementor-widget-container\">\n\t\t\t\t\t\t\t\t\t<h3><span style=\"color: #076633;\">WP10: Requisitos \u00e9ticos<\/span><\/h3><p>De julio de 2019 a diciembre de 2021, a trav\u00e9s de este paquete de trabajo, el Consorcio pretende establecer los requisitos \u00e9ticos que debe cumplir el proyecto (GDPR, seguridad, etc.).<\/p><p><i>Socio responsable: Fabbri Group.<\/i><\/p>\t\t\t\t\t\t\t\t<\/div>\n\t\t\t\t<\/div>\n\t\t\t\t<div class=\"elementor-element elementor-element-8f2e712 elementor-widget elementor-widget-image\" data-id=\"8f2e712\" data-element_type=\"widget\" data-e-type=\"widget\" data-widget_type=\"image.default\">\n\t\t\t\t<div class=\"elementor-widget-container\">\n\t\t\t\t\t\t\t\t\t\t\t\t\t\t\t<img decoding=\"async\" width=\"788\" height=\"507\" src=\"https:\/\/www.naturefresh.eu\/wp-content\/uploads\/2021\/12\/Project-3.png\" class=\"attachment-large size-large wp-image-514\" alt=\"\" srcset=\"https:\/\/www.naturefresh.eu\/wp-content\/uploads\/2021\/12\/Project-3.png 788w, https:\/\/www.naturefresh.eu\/wp-content\/uploads\/2021\/12\/Project-3-300x193.png 300w, https:\/\/www.naturefresh.eu\/wp-content\/uploads\/2021\/12\/Project-3-768x494.png 768w\" sizes=\"(max-width: 788px) 100vw, 788px\" \/>\t\t\t\t\t\t\t\t\t\t\t\t\t\t\t<\/div>\n\t\t\t\t<\/div>\n\t\t\t\t\t<\/div>\n\t\t<\/div>\n\t\t\t\t\t<\/div>\n\t\t<\/section>\n\t\t\t\t<\/div>\n\t\t","protected":false},"excerpt":{"rendered":"<p>Paquetes De Trabajo El proyecto Nature Fresh incluye diferentes paquetes de trabajo, que el Consorcio se compromete a llevar a cabo en el plazo previsto y a remitirse a los mismos a trav\u00e9s de una amplia serie de Resultados e Informes finales (a mitad y final del proyecto): WP1: Optimizaci\u00f3n del film compostable De julio&hellip;&nbsp;<a href=\"https:\/\/www.naturefresh.eu\/es\/paquetes-de-trabajo\/\" rel=\"bookmark\">Leer m\u00e1s &raquo;<span class=\"screen-reader-text\">Paquetes De Trabajo<\/span><\/a><\/p>\n","protected":false},"author":1,"featured_media":0,"parent":0,"menu_order":0,"comment_status":"closed","ping_status":"closed","template":"elementor_header_footer","meta":{"neve_meta_sidebar":"full-width","neve_meta_container":"","neve_meta_enable_content_width":"on","neve_meta_content_width":100,"neve_meta_title_alignment":"","neve_meta_author_avatar":"","neve_post_elements_order":"","neve_meta_disable_header":"","neve_meta_disable_footer":"","neve_meta_disable_title":"","footnotes":""},"class_list":["post-1683","page","type-page","status-publish","hentry"],"_links":{"self":[{"href":"https:\/\/www.naturefresh.eu\/es\/wp-json\/wp\/v2\/pages\/1683","targetHints":{"allow":["GET"]}}],"collection":[{"href":"https:\/\/www.naturefresh.eu\/es\/wp-json\/wp\/v2\/pages"}],"about":[{"href":"https:\/\/www.naturefresh.eu\/es\/wp-json\/wp\/v2\/types\/page"}],"author":[{"embeddable":true,"href":"https:\/\/www.naturefresh.eu\/es\/wp-json\/wp\/v2\/users\/1"}],"replies":[{"embeddable":true,"href":"https:\/\/www.naturefresh.eu\/es\/wp-json\/wp\/v2\/comments?post=1683"}],"version-history":[{"count":4,"href":"https:\/\/www.naturefresh.eu\/es\/wp-json\/wp\/v2\/pages\/1683\/revisions"}],"predecessor-version":[{"id":1688,"href":"https:\/\/www.naturefresh.eu\/es\/wp-json\/wp\/v2\/pages\/1683\/revisions\/1688"}],"wp:attachment":[{"href":"https:\/\/www.naturefresh.eu\/es\/wp-json\/wp\/v2\/media?parent=1683"}],"curies":[{"name":"wp","href":"https:\/\/api.w.org\/{rel}","templated":true}]}}