{"id":1657,"date":"2021-12-21T10:08:27","date_gmt":"2021-12-21T10:08:27","guid":{"rendered":"https:\/\/www.naturefresh.eu\/el-proyecto\/nature-fresh-certified-compostable-cling-film\/"},"modified":"2022-02-06T20:20:34","modified_gmt":"2022-02-06T20:20:34","slug":"film-transparente-compostable-certificado-nature-fresh","status":"publish","type":"page","link":"https:\/\/www.naturefresh.eu\/es\/el-proyecto\/film-transparente-compostable-certificado-nature-fresh\/","title":{"rendered":"FILM TRANSPARENTE COMPOSTABLE CERTIFICADO NATURE FRESH"},"content":{"rendered":"\t\t<div data-elementor-type=\"wp-page\" data-elementor-id=\"1657\" class=\"elementor elementor-1657 elementor-1447\" data-elementor-post-type=\"page\">\n\t\t\t\t\t\t<section class=\"elementor-section elementor-top-section elementor-element elementor-element-aeb7994 elementor-section-content-middle elementor-section-boxed elementor-section-height-default elementor-section-height-default\" data-id=\"aeb7994\" data-element_type=\"section\" data-e-type=\"section\">\n\t\t\t\t\t\t<div class=\"elementor-container elementor-column-gap-default\">\n\t\t\t\t\t<div class=\"elementor-column elementor-col-50 elementor-top-column elementor-element elementor-element-72d9140\" data-id=\"72d9140\" data-element_type=\"column\" data-e-type=\"column\">\n\t\t\t<div class=\"elementor-widget-wrap elementor-element-populated\">\n\t\t\t\t\t\t<div class=\"elementor-element elementor-element-6d57cee elementor-widget elementor-widget-heading\" data-id=\"6d57cee\" data-element_type=\"widget\" data-e-type=\"widget\" data-widget_type=\"heading.default\">\n\t\t\t\t<div class=\"elementor-widget-container\">\n\t\t\t\t\t<h1 class=\"elementor-heading-title elementor-size-default\">FILM TRANSPARENTE COMPOSTABLE CERTIFICADO NATURE FRESH<\/h1>\t\t\t\t<\/div>\n\t\t\t\t<\/div>\n\t\t\t\t\t<\/div>\n\t\t<\/div>\n\t\t\t\t<div class=\"elementor-column elementor-col-50 elementor-top-column elementor-element elementor-element-716c8f5\" data-id=\"716c8f5\" data-element_type=\"column\" data-e-type=\"column\">\n\t\t\t<div class=\"elementor-widget-wrap elementor-element-populated\">\n\t\t\t\t\t\t<div class=\"elementor-element elementor-element-c0f78e6 elementor-widget elementor-widget-image\" data-id=\"c0f78e6\" data-element_type=\"widget\" data-e-type=\"widget\" data-widget_type=\"image.default\">\n\t\t\t\t<div class=\"elementor-widget-container\">\n\t\t\t\t\t\t\t\t\t\t\t\t\t\t\t<img fetchpriority=\"high\" decoding=\"async\" width=\"1024\" height=\"683\" src=\"https:\/\/www.naturefresh.eu\/wp-content\/uploads\/2021\/12\/NatureFresh0071-LR-1024x683.jpg\" class=\"attachment-large size-large wp-image-907\" alt=\"\" srcset=\"https:\/\/www.naturefresh.eu\/wp-content\/uploads\/2021\/12\/NatureFresh0071-LR-1024x683.jpg 1024w, https:\/\/www.naturefresh.eu\/wp-content\/uploads\/2021\/12\/NatureFresh0071-LR-300x200.jpg 300w, https:\/\/www.naturefresh.eu\/wp-content\/uploads\/2021\/12\/NatureFresh0071-LR-768x512.jpg 768w, https:\/\/www.naturefresh.eu\/wp-content\/uploads\/2021\/12\/NatureFresh0071-LR-1536x1024.jpg 1536w, https:\/\/www.naturefresh.eu\/wp-content\/uploads\/2021\/12\/NatureFresh0071-LR-2048x1366.jpg 2048w, https:\/\/www.naturefresh.eu\/wp-content\/uploads\/2021\/12\/NatureFresh0071-LR-930x620.jpg 930w\" sizes=\"(max-width: 1024px) 100vw, 1024px\" \/>\t\t\t\t\t\t\t\t\t\t\t\t\t\t\t<\/div>\n\t\t\t\t<\/div>\n\t\t\t\t\t<\/div>\n\t\t<\/div>\n\t\t\t\t\t<\/div>\n\t\t<\/section>\n\t\t\t\t<section class=\"elementor-section elementor-top-section elementor-element elementor-element-4cd7ae9 elementor-section-boxed elementor-section-height-default elementor-section-height-default\" data-id=\"4cd7ae9\" data-element_type=\"section\" data-e-type=\"section\">\n\t\t\t\t\t\t<div class=\"elementor-container elementor-column-gap-default\">\n\t\t\t\t\t<div class=\"elementor-column elementor-col-100 elementor-top-column elementor-element elementor-element-79e7c0b\" data-id=\"79e7c0b\" data-element_type=\"column\" data-e-type=\"column\">\n\t\t\t<div class=\"elementor-widget-wrap elementor-element-populated\">\n\t\t\t\t\t\t<div class=\"elementor-element elementor-element-1f8a1d2 elementor-widget elementor-widget-text-editor\" data-id=\"1f8a1d2\" data-element_type=\"widget\" data-e-type=\"widget\" data-widget_type=\"text-editor.default\">\n\t\t\t\t<div class=\"elementor-widget-container\">\n\t\t\t\t\t\t\t\t\t<p><span style=\"font-weight: 400;\">Nature Fresh es el nuevo film pl\u00e1stico transparente compostable certificado con compostabilidad dom\u00e9stica e industrial (norma EN 13432) desarrollado por\u00a0 Fabbri Group para responder a la demanda cada vez m\u00e1s urgente de los consumidores, la industria y las instituciones, de materiales de embalaje con un impacto m\u00ednimo en el medio ambiente. Al ser un film compostable, Nature Fresh combina sus caracter\u00edsticas de biodegradabilidad con las propiedades de transparencia, elasticidad, transpirabilidad y resistencia mec\u00e1nica de los materiales pl\u00e1sticos.\u00a0<\/span><\/p><p><span style=\"font-weight: 400;\">Un a\u00f1o despu\u00e9s de su lanzamiento, Nature Fresh ya se produc\u00eda en cientos de toneladas, aportando millones de envases alimentarios compostables al mercado mundial. Y la tendencia contin\u00faa hasta hoy.<\/span><\/p>\t\t\t\t\t\t\t\t<\/div>\n\t\t\t\t<\/div>\n\t\t\t\t\t<\/div>\n\t\t<\/div>\n\t\t\t\t\t<\/div>\n\t\t<\/section>\n\t\t\t\t<\/div>\n\t\t","protected":false},"excerpt":{"rendered":"<p>FILM TRANSPARENTE COMPOSTABLE CERTIFICADO NATURE FRESH Nature Fresh es el nuevo film pl\u00e1stico transparente compostable certificado con compostabilidad dom\u00e9stica e industrial (norma EN 13432) desarrollado por\u00a0 Fabbri Group para responder a la demanda cada vez m\u00e1s urgente de los consumidores, la industria y las instituciones, de materiales de embalaje con un impacto m\u00ednimo en el&hellip;&nbsp;<a href=\"https:\/\/www.naturefresh.eu\/es\/el-proyecto\/film-transparente-compostable-certificado-nature-fresh\/\" rel=\"bookmark\">Leer m\u00e1s &raquo;<span class=\"screen-reader-text\">FILM TRANSPARENTE COMPOSTABLE CERTIFICADO NATURE FRESH<\/span><\/a><\/p>\n","protected":false},"author":1,"featured_media":0,"parent":1649,"menu_order":0,"comment_status":"closed","ping_status":"closed","template":"page-templates\/template-pagebuilder-full-width.php","meta":{"neve_meta_sidebar":"","neve_meta_container":"","neve_meta_enable_content_width":"","neve_meta_content_width":0,"neve_meta_title_alignment":"","neve_meta_author_avatar":"","neve_post_elements_order":"","neve_meta_disable_header":"","neve_meta_disable_footer":"","neve_meta_disable_title":"","footnotes":""},"class_list":["post-1657","page","type-page","status-publish","hentry"],"_links":{"self":[{"href":"https:\/\/www.naturefresh.eu\/es\/wp-json\/wp\/v2\/pages\/1657","targetHints":{"allow":["GET"]}}],"collection":[{"href":"https:\/\/www.naturefresh.eu\/es\/wp-json\/wp\/v2\/pages"}],"about":[{"href":"https:\/\/www.naturefresh.eu\/es\/wp-json\/wp\/v2\/types\/page"}],"author":[{"embeddable":true,"href":"https:\/\/www.naturefresh.eu\/es\/wp-json\/wp\/v2\/users\/1"}],"replies":[{"embeddable":true,"href":"https:\/\/www.naturefresh.eu\/es\/wp-json\/wp\/v2\/comments?post=1657"}],"version-history":[{"count":4,"href":"https:\/\/www.naturefresh.eu\/es\/wp-json\/wp\/v2\/pages\/1657\/revisions"}],"predecessor-version":[{"id":1661,"href":"https:\/\/www.naturefresh.eu\/es\/wp-json\/wp\/v2\/pages\/1657\/revisions\/1661"}],"up":[{"embeddable":true,"href":"https:\/\/www.naturefresh.eu\/es\/wp-json\/wp\/v2\/pages\/1649"}],"wp:attachment":[{"href":"https:\/\/www.naturefresh.eu\/es\/wp-json\/wp\/v2\/media?parent=1657"}],"curies":[{"name":"wp","href":"https:\/\/api.w.org\/{rel}","templated":true}]}}