{"id":1656,"date":"2021-12-22T16:29:26","date_gmt":"2021-12-22T16:29:26","guid":{"rendered":"https:\/\/www.naturefresh.eu\/el-proyecto\/espera-labeller\/"},"modified":"2022-02-06T20:22:59","modified_gmt":"2022-02-06T20:22:59","slug":"etiquetadora-espera","status":"publish","type":"page","link":"https:\/\/www.naturefresh.eu\/es\/el-proyecto\/etiquetadora-espera\/","title":{"rendered":"ETIQUETADORA ESPERA"},"content":{"rendered":"\t\t<div data-elementor-type=\"wp-page\" data-elementor-id=\"1656\" class=\"elementor elementor-1656 elementor-1446\" data-elementor-post-type=\"page\">\n\t\t\t\t\t\t<section class=\"elementor-section elementor-top-section elementor-element elementor-element-dea8705 elementor-section-content-middle elementor-section-boxed elementor-section-height-default elementor-section-height-default\" data-id=\"dea8705\" data-element_type=\"section\" data-e-type=\"section\">\n\t\t\t\t\t\t<div class=\"elementor-container elementor-column-gap-default\">\n\t\t\t\t\t<div class=\"elementor-column elementor-col-50 elementor-top-column elementor-element elementor-element-0d8e2a8\" data-id=\"0d8e2a8\" data-element_type=\"column\" data-e-type=\"column\">\n\t\t\t<div class=\"elementor-widget-wrap elementor-element-populated\">\n\t\t\t\t\t\t<div class=\"elementor-element elementor-element-2f54f51 elementor-widget elementor-widget-heading\" data-id=\"2f54f51\" data-element_type=\"widget\" data-e-type=\"widget\" data-widget_type=\"heading.default\">\n\t\t\t\t<div class=\"elementor-widget-container\">\n\t\t\t\t\t<h1 class=\"elementor-heading-title elementor-size-default\">ETIQUETADORA ESPERA<\/h1>\t\t\t\t<\/div>\n\t\t\t\t<\/div>\n\t\t\t\t\t<\/div>\n\t\t<\/div>\n\t\t\t\t<div class=\"elementor-column elementor-col-50 elementor-top-column elementor-element elementor-element-0f1471b\" data-id=\"0f1471b\" data-element_type=\"column\" data-e-type=\"column\">\n\t\t\t<div class=\"elementor-widget-wrap elementor-element-populated\">\n\t\t\t\t\t\t<div class=\"elementor-element elementor-element-24db75a elementor-widget elementor-widget-image\" data-id=\"24db75a\" data-element_type=\"widget\" data-e-type=\"widget\" data-widget_type=\"image.default\">\n\t\t\t\t<div class=\"elementor-widget-container\">\n\t\t\t\t\t\t\t\t\t\t\t\t\t\t\t<img fetchpriority=\"high\" decoding=\"async\" width=\"768\" height=\"432\" src=\"https:\/\/www.naturefresh.eu\/wp-content\/uploads\/2021\/12\/Espera-1-768x432.jpg\" class=\"attachment-medium_large size-medium_large wp-image-1089\" alt=\"Espera Labeller\" srcset=\"https:\/\/www.naturefresh.eu\/wp-content\/uploads\/2021\/12\/Espera-1-768x432.jpg 768w, https:\/\/www.naturefresh.eu\/wp-content\/uploads\/2021\/12\/Espera-1-300x169.jpg 300w, https:\/\/www.naturefresh.eu\/wp-content\/uploads\/2021\/12\/Espera-1-1024x576.jpg 1024w, https:\/\/www.naturefresh.eu\/wp-content\/uploads\/2021\/12\/Espera-1.jpg 1280w\" sizes=\"(max-width: 768px) 100vw, 768px\" \/>\t\t\t\t\t\t\t\t\t\t\t\t\t\t\t<\/div>\n\t\t\t\t<\/div>\n\t\t\t\t\t<\/div>\n\t\t<\/div>\n\t\t\t\t\t<\/div>\n\t\t<\/section>\n\t\t\t\t<section class=\"elementor-section elementor-top-section elementor-element elementor-element-4f15389 elementor-section-boxed elementor-section-height-default elementor-section-height-default\" data-id=\"4f15389\" data-element_type=\"section\" data-e-type=\"section\">\n\t\t\t\t\t\t<div class=\"elementor-container elementor-column-gap-default\">\n\t\t\t\t\t<div class=\"elementor-column elementor-col-100 elementor-top-column elementor-element elementor-element-5d1fa23\" data-id=\"5d1fa23\" data-element_type=\"column\" data-e-type=\"column\">\n\t\t\t<div class=\"elementor-widget-wrap elementor-element-populated\">\n\t\t\t\t\t\t<div class=\"elementor-element elementor-element-783c1eb elementor-widget elementor-widget-text-editor\" data-id=\"783c1eb\" data-element_type=\"widget\" data-e-type=\"widget\" data-widget_type=\"text-editor.default\">\n\t\t\t\t<div class=\"elementor-widget-container\">\n\t\t\t\t\t\t\t\t\t<p class=\"p1\"><span style=\"font-weight: 400;\">Las soluciones de film compostable requieren nuevas adaptaciones de los sistemas de etiquetado. Debido al diferente comportamiento del film compostable, comparado con el no compostable, como la fricci\u00f3n, la adhesi\u00f3n y la resistencia a la temperatura, los sistemas de etiquetado y aplicaci\u00f3n para procesos automatizados fueron adaptados y modificados en combinaci\u00f3n con el film Nature Fresh. Estas adaptaciones garantizan una perfecta manipulaci\u00f3n y transportabilidad de los envases envasados en el nuevo film Nature Fresh, as\u00ed como la posibilidad de aplicar etiquetas perfectamente ajustadas y adheridas al mismo. La nueva m\u00e1quina integrada de pesaje, etiquetado y envoltura combina un enfoque totalmente compostable, con una unidad de aplicaci\u00f3n y etiquetado de alta velocidad que es capaz de manejar el material del film compostable de forma \u00f3ptima. Adem\u00e1s, con este sistema combinado tambi\u00e9n se pueden utilizar etiquetas compostables (norma EN 13432) sin limitaciones, tanto si las etiquetas son en color como si est\u00e1n recubiertas. La biodegradaci\u00f3n ha sido considerada para todos los tipos de etiquetas. Las etiquetas compostables abren nuevos horizontes por lo que respecta a la biodegradabilidad, ya que un envase completo, desde la bandeja hasta el film y la etiqueta que se adhiere al mismo, puede componerse todo en uno y establece, por tanto, una soluci\u00f3n \u00fanica en el mercado de la producci\u00f3n de alimentos frescos.<\/span><\/p>\t\t\t\t\t\t\t\t<\/div>\n\t\t\t\t<\/div>\n\t\t\t\t\t<\/div>\n\t\t<\/div>\n\t\t\t\t\t<\/div>\n\t\t<\/section>\n\t\t\t\t<\/div>\n\t\t","protected":false},"excerpt":{"rendered":"<p>ETIQUETADORA ESPERA Las soluciones de film compostable requieren nuevas adaptaciones de los sistemas de etiquetado. Debido al diferente comportamiento del film compostable, comparado con el no compostable, como la fricci\u00f3n, la adhesi\u00f3n y la resistencia a la temperatura, los sistemas de etiquetado y aplicaci\u00f3n para procesos automatizados fueron adaptados y modificados en combinaci\u00f3n con el&hellip;&nbsp;<a href=\"https:\/\/www.naturefresh.eu\/es\/el-proyecto\/etiquetadora-espera\/\" rel=\"bookmark\">Leer m\u00e1s &raquo;<span class=\"screen-reader-text\">ETIQUETADORA ESPERA<\/span><\/a><\/p>\n","protected":false},"author":1,"featured_media":0,"parent":1649,"menu_order":0,"comment_status":"closed","ping_status":"closed","template":"page-templates\/template-pagebuilder-full-width.php","meta":{"neve_meta_sidebar":"","neve_meta_container":"","neve_meta_enable_content_width":"","neve_meta_content_width":0,"neve_meta_title_alignment":"","neve_meta_author_avatar":"","neve_post_elements_order":"","neve_meta_disable_header":"","neve_meta_disable_footer":"","neve_meta_disable_title":"","footnotes":""},"class_list":["post-1656","page","type-page","status-publish","hentry"],"_links":{"self":[{"href":"https:\/\/www.naturefresh.eu\/es\/wp-json\/wp\/v2\/pages\/1656","targetHints":{"allow":["GET"]}}],"collection":[{"href":"https:\/\/www.naturefresh.eu\/es\/wp-json\/wp\/v2\/pages"}],"about":[{"href":"https:\/\/www.naturefresh.eu\/es\/wp-json\/wp\/v2\/types\/page"}],"author":[{"embeddable":true,"href":"https:\/\/www.naturefresh.eu\/es\/wp-json\/wp\/v2\/users\/1"}],"replies":[{"embeddable":true,"href":"https:\/\/www.naturefresh.eu\/es\/wp-json\/wp\/v2\/comments?post=1656"}],"version-history":[{"count":5,"href":"https:\/\/www.naturefresh.eu\/es\/wp-json\/wp\/v2\/pages\/1656\/revisions"}],"predecessor-version":[{"id":1670,"href":"https:\/\/www.naturefresh.eu\/es\/wp-json\/wp\/v2\/pages\/1656\/revisions\/1670"}],"up":[{"embeddable":true,"href":"https:\/\/www.naturefresh.eu\/es\/wp-json\/wp\/v2\/pages\/1649"}],"wp:attachment":[{"href":"https:\/\/www.naturefresh.eu\/es\/wp-json\/wp\/v2\/media?parent=1656"}],"curies":[{"name":"wp","href":"https:\/\/api.w.org\/{rel}","templated":true}]}}