{"id":1655,"date":"2021-12-21T10:14:05","date_gmt":"2021-12-21T10:14:05","guid":{"rendered":"https:\/\/www.naturefresh.eu\/el-proyecto\/automac-dual-automac-industrial-machines\/"},"modified":"2022-02-06T20:21:27","modified_gmt":"2022-02-06T20:21:27","slug":"maquinas-automac-dual-y-automac-industrial","status":"publish","type":"page","link":"https:\/\/www.naturefresh.eu\/es\/el-proyecto\/maquinas-automac-dual-y-automac-industrial\/","title":{"rendered":"M\u00c1QUINAS AUTOMAC DUAL Y AUTOMAC INDUSTRIAL"},"content":{"rendered":"\t\t<div data-elementor-type=\"wp-page\" data-elementor-id=\"1655\" class=\"elementor elementor-1655 elementor-1445\" data-elementor-post-type=\"page\">\n\t\t\t\t\t\t<section class=\"elementor-section elementor-top-section elementor-element elementor-element-dea8705 elementor-section-content-middle elementor-section-boxed elementor-section-height-default elementor-section-height-default\" data-id=\"dea8705\" data-element_type=\"section\" data-e-type=\"section\">\n\t\t\t\t\t\t<div class=\"elementor-container elementor-column-gap-default\">\n\t\t\t\t\t<div class=\"elementor-column elementor-col-50 elementor-top-column elementor-element elementor-element-0d8e2a8\" data-id=\"0d8e2a8\" data-element_type=\"column\" data-e-type=\"column\">\n\t\t\t<div class=\"elementor-widget-wrap elementor-element-populated\">\n\t\t\t\t\t\t<div class=\"elementor-element elementor-element-2f54f51 elementor-widget elementor-widget-heading\" data-id=\"2f54f51\" data-element_type=\"widget\" data-e-type=\"widget\" data-widget_type=\"heading.default\">\n\t\t\t\t<div class=\"elementor-widget-container\">\n\t\t\t\t\t<h1 class=\"elementor-heading-title elementor-size-default\">M\u00c1QUINAS AUTOMAC DUAL Y AUTOMAC INDUSTRIAL<\/h1>\t\t\t\t<\/div>\n\t\t\t\t<\/div>\n\t\t\t\t\t<\/div>\n\t\t<\/div>\n\t\t\t\t<div class=\"elementor-column elementor-col-50 elementor-top-column elementor-element elementor-element-0f1471b\" data-id=\"0f1471b\" data-element_type=\"column\" data-e-type=\"column\">\n\t\t\t<div class=\"elementor-widget-wrap elementor-element-populated\">\n\t\t\t\t\t\t<div class=\"elementor-element elementor-element-24db75a elementor-widget elementor-widget-image\" data-id=\"24db75a\" data-element_type=\"widget\" data-e-type=\"widget\" data-widget_type=\"image.default\">\n\t\t\t\t<div class=\"elementor-widget-container\">\n\t\t\t\t\t\t\t\t\t\t\t\t\t\t\t<img fetchpriority=\"high\" decoding=\"async\" width=\"756\" height=\"698\" src=\"https:\/\/www.naturefresh.eu\/wp-content\/uploads\/2021\/12\/AUTOMAC_DUAL_XR-DEF.jpg\" class=\"attachment-large size-large wp-image-823\" alt=\"\" srcset=\"https:\/\/www.naturefresh.eu\/wp-content\/uploads\/2021\/12\/AUTOMAC_DUAL_XR-DEF.jpg 756w, https:\/\/www.naturefresh.eu\/wp-content\/uploads\/2021\/12\/AUTOMAC_DUAL_XR-DEF-300x277.jpg 300w\" sizes=\"(max-width: 756px) 100vw, 756px\" \/>\t\t\t\t\t\t\t\t\t\t\t\t\t\t\t<\/div>\n\t\t\t\t<\/div>\n\t\t\t\t\t<\/div>\n\t\t<\/div>\n\t\t\t\t\t<\/div>\n\t\t<\/section>\n\t\t\t\t<section class=\"elementor-section elementor-top-section elementor-element elementor-element-4f15389 elementor-section-boxed elementor-section-height-default elementor-section-height-default\" data-id=\"4f15389\" data-element_type=\"section\" data-e-type=\"section\">\n\t\t\t\t\t\t<div class=\"elementor-container elementor-column-gap-default\">\n\t\t\t\t\t<div class=\"elementor-column elementor-col-100 elementor-top-column elementor-element elementor-element-5d1fa23\" data-id=\"5d1fa23\" data-element_type=\"column\" data-e-type=\"column\">\n\t\t\t<div class=\"elementor-widget-wrap elementor-element-populated\">\n\t\t\t\t\t\t<div class=\"elementor-element elementor-element-783c1eb elementor-widget elementor-widget-text-editor\" data-id=\"783c1eb\" data-element_type=\"widget\" data-e-type=\"widget\" data-widget_type=\"text-editor.default\">\n\t\t\t\t<div class=\"elementor-widget-container\">\n\t\t\t\t\t\t\t\t\t<p><span style=\"font-weight: 400;\">Automac Dual y Automac Industrial garantizan el envasado perfecto de productos frescos y muy frescos con cualquier tipo de bandeja (pl\u00e1stico reciclable, biopl\u00e1stico, cart\u00f3n, madera de balsa, pulpa de celulosa, etc.), film extensible neutro o impreso (tradicional, de base biol\u00f3gica, compostable).<\/span><\/p><p><span style=\"font-weight: 400;\">A partir de ahora, adoptar un envase compostable seg\u00fan las necesidades del cliente ya no ser\u00e1 un problema gracias a estas dos m\u00e1quinas.<\/span><\/p>\t\t\t\t\t\t\t\t<\/div>\n\t\t\t\t<\/div>\n\t\t\t\t\t<\/div>\n\t\t<\/div>\n\t\t\t\t\t<\/div>\n\t\t<\/section>\n\t\t\t\t<section class=\"elementor-section elementor-top-section elementor-element elementor-element-b47b6f2 elementor-section-boxed elementor-section-height-default elementor-section-height-default\" data-id=\"b47b6f2\" data-element_type=\"section\" data-e-type=\"section\">\n\t\t\t\t\t\t<div class=\"elementor-container elementor-column-gap-default\">\n\t\t\t\t\t<div class=\"elementor-column elementor-col-100 elementor-top-column elementor-element elementor-element-fc55c6f\" data-id=\"fc55c6f\" data-element_type=\"column\" data-e-type=\"column\">\n\t\t\t<div class=\"elementor-widget-wrap elementor-element-populated\">\n\t\t\t\t\t\t<div class=\"elementor-element elementor-element-1c1be7b elementor-widget elementor-widget-image\" data-id=\"1c1be7b\" data-element_type=\"widget\" data-e-type=\"widget\" data-widget_type=\"image.default\">\n\t\t\t\t<div class=\"elementor-widget-container\">\n\t\t\t\t\t\t\t\t\t\t\t\t\t\t\t<img decoding=\"async\" width=\"1024\" height=\"353\" src=\"https:\/\/www.naturefresh.eu\/wp-content\/uploads\/2021\/12\/Automac_Industrial-1024x353.jpg\" class=\"attachment-large size-large wp-image-828\" alt=\"\" srcset=\"https:\/\/www.naturefresh.eu\/wp-content\/uploads\/2021\/12\/Automac_Industrial-1024x353.jpg 1024w, https:\/\/www.naturefresh.eu\/wp-content\/uploads\/2021\/12\/Automac_Industrial-300x103.jpg 300w, https:\/\/www.naturefresh.eu\/wp-content\/uploads\/2021\/12\/Automac_Industrial-768x265.jpg 768w, https:\/\/www.naturefresh.eu\/wp-content\/uploads\/2021\/12\/Automac_Industrial-1536x529.jpg 1536w, https:\/\/www.naturefresh.eu\/wp-content\/uploads\/2021\/12\/Automac_Industrial-2048x705.jpg 2048w\" sizes=\"(max-width: 1024px) 100vw, 1024px\" \/>\t\t\t\t\t\t\t\t\t\t\t\t\t\t\t<\/div>\n\t\t\t\t<\/div>\n\t\t\t\t\t<\/div>\n\t\t<\/div>\n\t\t\t\t\t<\/div>\n\t\t<\/section>\n\t\t\t\t<\/div>\n\t\t","protected":false},"excerpt":{"rendered":"<p>M\u00c1QUINAS AUTOMAC DUAL Y AUTOMAC INDUSTRIAL Automac Dual y Automac Industrial garantizan el envasado perfecto de productos frescos y muy frescos con cualquier tipo de bandeja (pl\u00e1stico reciclable, biopl\u00e1stico, cart\u00f3n, madera de balsa, pulpa de celulosa, etc.), film extensible neutro o impreso (tradicional, de base biol\u00f3gica, compostable). A partir de ahora, adoptar un envase compostable&hellip;&nbsp;<a href=\"https:\/\/www.naturefresh.eu\/es\/el-proyecto\/maquinas-automac-dual-y-automac-industrial\/\" rel=\"bookmark\">Leer m\u00e1s &raquo;<span class=\"screen-reader-text\">M\u00c1QUINAS AUTOMAC DUAL Y AUTOMAC INDUSTRIAL<\/span><\/a><\/p>\n","protected":false},"author":1,"featured_media":0,"parent":1649,"menu_order":0,"comment_status":"closed","ping_status":"closed","template":"page-templates\/template-pagebuilder-full-width.php","meta":{"neve_meta_sidebar":"","neve_meta_container":"","neve_meta_enable_content_width":"","neve_meta_content_width":0,"neve_meta_title_alignment":"","neve_meta_author_avatar":"","neve_post_elements_order":"","neve_meta_disable_header":"","neve_meta_disable_footer":"","neve_meta_disable_title":"","footnotes":""},"class_list":["post-1655","page","type-page","status-publish","hentry"],"_links":{"self":[{"href":"https:\/\/www.naturefresh.eu\/es\/wp-json\/wp\/v2\/pages\/1655","targetHints":{"allow":["GET"]}}],"collection":[{"href":"https:\/\/www.naturefresh.eu\/es\/wp-json\/wp\/v2\/pages"}],"about":[{"href":"https:\/\/www.naturefresh.eu\/es\/wp-json\/wp\/v2\/types\/page"}],"author":[{"embeddable":true,"href":"https:\/\/www.naturefresh.eu\/es\/wp-json\/wp\/v2\/users\/1"}],"replies":[{"embeddable":true,"href":"https:\/\/www.naturefresh.eu\/es\/wp-json\/wp\/v2\/comments?post=1655"}],"version-history":[{"count":4,"href":"https:\/\/www.naturefresh.eu\/es\/wp-json\/wp\/v2\/pages\/1655\/revisions"}],"predecessor-version":[{"id":1665,"href":"https:\/\/www.naturefresh.eu\/es\/wp-json\/wp\/v2\/pages\/1655\/revisions\/1665"}],"up":[{"embeddable":true,"href":"https:\/\/www.naturefresh.eu\/es\/wp-json\/wp\/v2\/pages\/1649"}],"wp:attachment":[{"href":"https:\/\/www.naturefresh.eu\/es\/wp-json\/wp\/v2\/media?parent=1655"}],"curies":[{"name":"wp","href":"https:\/\/api.w.org\/{rel}","templated":true}]}}