{"id":1649,"date":"2021-12-17T15:26:04","date_gmt":"2021-12-17T15:26:04","guid":{"rendered":"https:\/\/www.naturefresh.eu\/the-project\/"},"modified":"2022-02-06T20:25:06","modified_gmt":"2022-02-06T20:25:06","slug":"el-proyecto","status":"publish","type":"page","link":"https:\/\/www.naturefresh.eu\/es\/el-proyecto\/","title":{"rendered":"El Proyecto"},"content":{"rendered":"\t\t<div data-elementor-type=\"wp-page\" data-elementor-id=\"1649\" class=\"elementor elementor-1649 elementor-28\" data-elementor-post-type=\"page\">\n\t\t\t\t\t\t<section class=\"elementor-section elementor-top-section elementor-element elementor-element-d58ea62 elementor-section-content-middle elementor-section-full_width elementor-section-height-min-height elementor-section-height-default elementor-section-items-middle\" data-id=\"d58ea62\" data-element_type=\"section\" data-e-type=\"section\" data-settings=\"{&quot;background_background&quot;:&quot;classic&quot;}\">\n\t\t\t\t\t\t<div class=\"elementor-container elementor-column-gap-default\">\n\t\t\t\t\t<div class=\"elementor-column elementor-col-100 elementor-top-column elementor-element elementor-element-978314f\" data-id=\"978314f\" data-element_type=\"column\" data-e-type=\"column\">\n\t\t\t<div class=\"elementor-widget-wrap elementor-element-populated\">\n\t\t\t\t\t\t<div class=\"elementor-element elementor-element-fe4411c titlePage elementor-widget elementor-widget-heading\" data-id=\"fe4411c\" data-element_type=\"widget\" data-e-type=\"widget\" data-widget_type=\"heading.default\">\n\t\t\t\t<div class=\"elementor-widget-container\">\n\t\t\t\t\t<h1 class=\"elementor-heading-title elementor-size-default\">El Proyecto<\/h1>\t\t\t\t<\/div>\n\t\t\t\t<\/div>\n\t\t\t\t\t<\/div>\n\t\t<\/div>\n\t\t\t\t\t<\/div>\n\t\t<\/section>\n\t\t\t\t<section class=\"elementor-section elementor-top-section elementor-element elementor-element-4289a2a elementor-section-content-middle elementor-section-boxed elementor-section-height-default elementor-section-height-default\" data-id=\"4289a2a\" data-element_type=\"section\" data-e-type=\"section\" data-settings=\"{&quot;background_background&quot;:&quot;classic&quot;}\">\n\t\t\t\t\t\t<div class=\"elementor-container elementor-column-gap-default\">\n\t\t\t\t\t<div class=\"elementor-column elementor-col-100 elementor-top-column elementor-element elementor-element-b10cbf9\" data-id=\"b10cbf9\" data-element_type=\"column\" data-e-type=\"column\">\n\t\t\t<div class=\"elementor-widget-wrap elementor-element-populated\">\n\t\t\t\t\t\t<div class=\"elementor-element elementor-element-5e04df4 elementor-widget elementor-widget-text-editor\" data-id=\"5e04df4\" data-element_type=\"widget\" data-e-type=\"widget\" data-widget_type=\"text-editor.default\">\n\t\t\t\t<div class=\"elementor-widget-container\">\n\t\t\t\t\t\t\t\t\t<p><span style=\"font-weight: 400;\">A la luz del documento recientemente publicado \u201c<\/span><span style=\"font-weight: 400;\">A European Strategy for Plastics in a Circular Economy<\/span><span style=\"font-weight: 400;\">\u201d, todas las partes implicadas en el ciclo de vida de los envases de pl\u00e1stico se esfuerzan por lograr una soluci\u00f3n que evite la posible contaminaci\u00f3n por pl\u00e1sticos.<\/span><\/p><p><span style=\"font-weight: 400;\">Cualquier estudio de mercado sobre el tema muestra hoy f\u00e1cilmente que tanto los consumidores como los minoristas piden a los fabricantes que act\u00faen para reducir el uso de pl\u00e1sticos en los envases.<\/span><\/p><p><img fetchpriority=\"high\" decoding=\"async\" class=\"size-full wp-image-868 aligncenter\" src=\"https:\/\/www.naturefresh.eu\/wp-content\/uploads\/2021\/12\/Packaging-and-Sustainability-in-Europe-1.jpg\" alt=\"\" width=\"1209\" height=\"654\" srcset=\"https:\/\/www.naturefresh.eu\/wp-content\/uploads\/2021\/12\/Packaging-and-Sustainability-in-Europe-1.jpg 1209w, https:\/\/www.naturefresh.eu\/wp-content\/uploads\/2021\/12\/Packaging-and-Sustainability-in-Europe-1-300x162.jpg 300w, https:\/\/www.naturefresh.eu\/wp-content\/uploads\/2021\/12\/Packaging-and-Sustainability-in-Europe-1-1024x554.jpg 1024w, https:\/\/www.naturefresh.eu\/wp-content\/uploads\/2021\/12\/Packaging-and-Sustainability-in-Europe-1-768x415.jpg 768w\" sizes=\"(max-width: 1209px) 100vw, 1209px\" \/><\/p>\t\t\t\t\t\t\t\t<\/div>\n\t\t\t\t<\/div>\n\t\t\t\t\t<\/div>\n\t\t<\/div>\n\t\t\t\t\t<\/div>\n\t\t<\/section>\n\t\t\t\t<section class=\"elementor-section elementor-top-section elementor-element elementor-element-3ba47cd elementor-section-content-middle elementor-section-boxed elementor-section-height-default elementor-section-height-default\" data-id=\"3ba47cd\" data-element_type=\"section\" data-e-type=\"section\" data-settings=\"{&quot;background_background&quot;:&quot;classic&quot;}\">\n\t\t\t\t\t\t<div class=\"elementor-container elementor-column-gap-default\">\n\t\t\t\t\t<div class=\"elementor-column elementor-col-100 elementor-top-column elementor-element elementor-element-1d6aef9\" data-id=\"1d6aef9\" data-element_type=\"column\" data-e-type=\"column\">\n\t\t\t<div class=\"elementor-widget-wrap elementor-element-populated\">\n\t\t\t\t\t\t<div class=\"elementor-element elementor-element-5a86f5a elementor-widget elementor-widget-text-editor\" data-id=\"5a86f5a\" data-element_type=\"widget\" data-e-type=\"widget\" data-widget_type=\"text-editor.default\">\n\t\t\t\t<div class=\"elementor-widget-container\">\n\t\t\t\t\t\t\t\t\t<p><span style=\"font-weight: 400;\">Un porcentaje considerable de los consumidores europeos confirma estar dispuesto a gastar m\u00e1s para disponer de un film de envasado que pueda reciclarse al 100% o descomponerse completamente de forma biol\u00f3gica.\u00a0<\/span><\/p><p><span style=\"font-weight: 400;\">M\u00e1s concretamente, los minoristas y la industria del envasado piden una soluci\u00f3n de envasado totalmente compostable, pero con un buen rendimiento, junto con m\u00e1quinas de envasado f\u00e1ciles de usar y de mantener.<\/span><\/p><p><span style=\"font-weight: 400;\">Hoy en d\u00eda, las principales palabras clave sobre las que se basa cualquier innovaci\u00f3n en materia de envases alimentarios son:<\/span><\/p><ul class=\"ul1\" style=\"margin-left: 30px; margin-bottom: 15px;\"><li class=\"li1\" style=\"list-style-type: circle;\"><span style=\"font-weight: 400;\">Envases compostables<\/span><\/li><li class=\"li1\" style=\"list-style-type: circle;\"><span style=\"font-weight: 400;\">Econom\u00eda circular<\/span><\/li><li class=\"li1\" style=\"list-style-type: circle;\"><span style=\"font-weight: 400;\">Recursos renovables<\/span><\/li><li class=\"li1\" style=\"list-style-type: circle;\"><span style=\"font-weight: 400;\">Eficiencia de los recursos<\/span><\/li><li class=\"li1\" style=\"list-style-type: circle;\"><span style=\"font-weight: 400;\">Reciclabilidad<\/span><\/li><\/ul><p class=\"p1\"><span style=\"font-weight: 400;\">El <\/span><span style=\"font-weight: 400;\">Consorcio<\/span><span style=\"font-weight: 400;\"> Nature Fresh, liderado por <\/span><span style=\"font-weight: 400;\">Fabbri Group<\/span><span style=\"font-weight: 400;\">, basa sus trabajos en la consideraci\u00f3n de que los pl\u00e1sticos compostables tienen la capacidad de descomponerse, de forma segura y relativamente r\u00e1pida, por medios biol\u00f3gicos, en las materias primas de la naturaleza y ser \u00fatiles para el medio ambiente (suelo) como compost enriquecedor.<\/span><\/p><p><img decoding=\"async\" class=\"size-full wp-image-596 aligncenter\" src=\"https:\/\/www.naturefresh.eu\/wp-content\/uploads\/2021\/12\/Circoli-organic-recycling-bis-Progetto-Europeo.jpg\" alt=\"\" width=\"688\" height=\"384\" srcset=\"https:\/\/www.naturefresh.eu\/wp-content\/uploads\/2021\/12\/Circoli-organic-recycling-bis-Progetto-Europeo.jpg 688w, https:\/\/www.naturefresh.eu\/wp-content\/uploads\/2021\/12\/Circoli-organic-recycling-bis-Progetto-Europeo-300x167.jpg 300w\" sizes=\"(max-width: 688px) 100vw, 688px\" \/><\/p>\t\t\t\t\t\t\t\t<\/div>\n\t\t\t\t<\/div>\n\t\t\t\t\t<\/div>\n\t\t<\/div>\n\t\t\t\t\t<\/div>\n\t\t<\/section>\n\t\t\t\t<section class=\"elementor-section elementor-top-section elementor-element elementor-element-f99658b elementor-section-boxed elementor-section-height-default elementor-section-height-default\" data-id=\"f99658b\" data-element_type=\"section\" data-e-type=\"section\">\n\t\t\t\t\t\t<div class=\"elementor-container elementor-column-gap-default\">\n\t\t\t\t\t<div class=\"elementor-column elementor-col-100 elementor-top-column elementor-element elementor-element-687f561\" data-id=\"687f561\" data-element_type=\"column\" data-e-type=\"column\">\n\t\t\t<div class=\"elementor-widget-wrap elementor-element-populated\">\n\t\t\t\t\t\t<div class=\"elementor-element elementor-element-9cb46fc elementor-widget elementor-widget-text-editor\" data-id=\"9cb46fc\" data-element_type=\"widget\" data-e-type=\"widget\" data-widget_type=\"text-editor.default\">\n\t\t\t\t<div class=\"elementor-widget-container\">\n\t\t\t\t\t\t\t\t\t<p style=\"padding-bottom: 0px; margin-bottom: 0px;\"><span style=\"font-weight: 400;\">En un plazo de 30 meses (de julio de 2019 a diciembre de 2021), el Consorcio est\u00e1 desarrollando una nueva tecnolog\u00eda de plataforma basada en:<\/span><\/p><ul class=\"ul1\" style=\"margin-left: 30px; margin-bottom: 15px;\"><li class=\"li1\" style=\"list-style-type: circle;\"><span class=\"Apple-converted-space\"><span style=\"font-weight: 400;\">Un film <\/span><span style=\"font-weight: 400;\">compostable certificado<\/span> <\/span><\/li><li class=\"li1\" style=\"list-style-type: circle;\"><span style=\"font-weight: 400;\">Una <\/span><span style=\"font-weight: 400;\">m\u00e1quina de envasado industrial<\/span><span style=\"font-weight: 400;\"> compatible con el film compostable, las bandejas, las etiquetas y su correspondiente etiquetadora<\/span><\/li><li class=\"li1\" style=\"list-style-type: circle;\"><span style=\"font-weight: 400;\">Una <\/span><span style=\"font-weight: 400;\">m\u00e1quina de envasado integrada<\/span><span style=\"font-weight: 400;\"> para la venta al por menor, tambi\u00e9n compatible con todo lo anterior<\/span><\/li><\/ul><p class=\"p1\"><span style=\"font-weight: 400;\">El proyecto Nature Fresh se dirige espec\u00edficamente a todo el mercado del envasado de alimentos frescos (carnes blancas y rojas, pescado, l\u00e1cteos, frutas, verduras, prote\u00ednas alternativas, platos preparados&#8230;).<\/span><\/p>\t\t\t\t\t\t\t\t<\/div>\n\t\t\t\t<\/div>\n\t\t\t\t<div class=\"elementor-element elementor-element-d60957b elementor-widget elementor-widget-image\" data-id=\"d60957b\" data-element_type=\"widget\" data-e-type=\"widget\" data-widget_type=\"image.default\">\n\t\t\t\t<div class=\"elementor-widget-container\">\n\t\t\t\t\t\t\t\t\t\t\t\t<figure class=\"wp-caption\">\n\t\t\t\t\t\t\t\t\t\t<img decoding=\"async\" src=\"https:\/\/www.naturefresh.eu\/wp-content\/uploads\/elementor\/thumbs\/Nature_Fresh_ProdottiEtichettati-qnewt6h3p83palxgk7k8u7j5uaytibbinbg1snv25c.png\" title=\"Nature_Fresh_ProdottiEtichettati\" alt=\"Nature_Fresh_ProdottiEtichettati\" loading=\"lazy\" \/>\t\t\t\t\t\t\t\t\t\t\t<figcaption class=\"widget-image-caption wp-caption-text\"><\/figcaption>\n\t\t\t\t\t\t\t\t\t\t<\/figure>\n\t\t\t\t\t\t\t\t\t<\/div>\n\t\t\t\t<\/div>\n\t\t\t\t\t<\/div>\n\t\t<\/div>\n\t\t\t\t\t<\/div>\n\t\t<\/section>\n\t\t\t\t<section class=\"elementor-section elementor-top-section elementor-element elementor-element-834445e elementor-section-boxed elementor-section-height-default elementor-section-height-default\" data-id=\"834445e\" data-element_type=\"section\" data-e-type=\"section\" data-settings=\"{&quot;background_background&quot;:&quot;classic&quot;}\">\n\t\t\t\t\t\t<div class=\"elementor-container elementor-column-gap-default\">\n\t\t\t\t\t<div class=\"elementor-column elementor-col-100 elementor-top-column elementor-element elementor-element-fc1d2b8\" data-id=\"fc1d2b8\" data-element_type=\"column\" data-e-type=\"column\">\n\t\t\t<div class=\"elementor-widget-wrap elementor-element-populated\">\n\t\t\t\t\t\t<div class=\"elementor-element elementor-element-a409329 elementor-arrows-position-outside elementor-pagination-position-outside elementor-widget elementor-widget-image-carousel\" data-id=\"a409329\" data-element_type=\"widget\" data-e-type=\"widget\" data-settings=\"{&quot;navigation&quot;:&quot;both&quot;,&quot;autoplay&quot;:&quot;yes&quot;,&quot;pause_on_hover&quot;:&quot;yes&quot;,&quot;pause_on_interaction&quot;:&quot;yes&quot;,&quot;autoplay_speed&quot;:5000,&quot;infinite&quot;:&quot;yes&quot;,&quot;speed&quot;:500,&quot;image_spacing_custom&quot;:{&quot;unit&quot;:&quot;px&quot;,&quot;size&quot;:20,&quot;sizes&quot;:[]},&quot;image_spacing_custom_tablet&quot;:{&quot;unit&quot;:&quot;px&quot;,&quot;size&quot;:&quot;&quot;,&quot;sizes&quot;:[]},&quot;image_spacing_custom_mobile&quot;:{&quot;unit&quot;:&quot;px&quot;,&quot;size&quot;:&quot;&quot;,&quot;sizes&quot;:[]}}\" data-widget_type=\"image-carousel.default\">\n\t\t\t\t<div class=\"elementor-widget-container\">\n\t\t\t\t\t\t\t<div class=\"elementor-image-carousel-wrapper swiper\" role=\"region\" aria-roledescription=\"carousel\" aria-label=\"Carrusel de im\u00e1genes\" dir=\"ltr\">\n\t\t\t<div class=\"elementor-image-carousel swiper-wrapper\" aria-live=\"off\">\n\t\t\t\t\t\t\t\t<div class=\"swiper-slide\" role=\"group\" aria-roledescription=\"slide\" aria-label=\"1 de 6\"><figure class=\"swiper-slide-inner\"><img decoding=\"async\" class=\"swiper-slide-image\" src=\"https:\/\/www.naturefresh.eu\/wp-content\/uploads\/2021\/12\/MeleGialle_NF_etichetta.png\" alt=\"MeleGialle_NF_etichetta\" \/><\/figure><\/div><div class=\"swiper-slide\" role=\"group\" aria-roledescription=\"slide\" aria-label=\"2 de 6\"><figure class=\"swiper-slide-inner\"><img decoding=\"async\" class=\"swiper-slide-image\" src=\"https:\/\/www.naturefresh.eu\/wp-content\/uploads\/2021\/12\/Carote_NF_etichetta.png\" alt=\"Carote_NF_etichetta\" \/><\/figure><\/div><div class=\"swiper-slide\" role=\"group\" aria-roledescription=\"slide\" aria-label=\"3 de 6\"><figure class=\"swiper-slide-inner\"><img decoding=\"async\" class=\"swiper-slide-image\" src=\"https:\/\/www.naturefresh.eu\/wp-content\/uploads\/2021\/12\/Hamburger_NF_etichetta.png\" alt=\"Hamburger_NF_etichetta\" \/><\/figure><\/div><div class=\"swiper-slide\" role=\"group\" aria-roledescription=\"slide\" aria-label=\"4 de 6\"><figure class=\"swiper-slide-inner\"><img decoding=\"async\" class=\"swiper-slide-image\" src=\"https:\/\/www.naturefresh.eu\/wp-content\/uploads\/2021\/12\/Pollo_NF_etichetta.png\" alt=\"Pollo_NF_etichetta\" \/><\/figure><\/div><div class=\"swiper-slide\" role=\"group\" aria-roledescription=\"slide\" aria-label=\"5 de 6\"><figure class=\"swiper-slide-inner\"><img decoding=\"async\" class=\"swiper-slide-image\" src=\"https:\/\/www.naturefresh.eu\/wp-content\/uploads\/2021\/12\/Pesce_NF_etichetta.png\" alt=\"Pesce_NF_etichetta\" \/><\/figure><\/div><div class=\"swiper-slide\" role=\"group\" aria-roledescription=\"slide\" aria-label=\"6 de 6\"><figure class=\"swiper-slide-inner\"><img decoding=\"async\" class=\"swiper-slide-image\" src=\"https:\/\/www.naturefresh.eu\/wp-content\/uploads\/2021\/12\/Formaggio_NF_etichetta.png\" alt=\"Formaggio_NF_etichetta\" \/><\/figure><\/div>\t\t\t<\/div>\n\t\t\t\t\t\t\t\t\t\t\t\t<div class=\"elementor-swiper-button elementor-swiper-button-prev\" role=\"button\" tabindex=\"0\">\n\t\t\t\t\t\t<i aria-hidden=\"true\" class=\"eicon-chevron-left\"><\/i>\t\t\t\t\t<\/div>\n\t\t\t\t\t<div class=\"elementor-swiper-button elementor-swiper-button-next\" role=\"button\" tabindex=\"0\">\n\t\t\t\t\t\t<i aria-hidden=\"true\" class=\"eicon-chevron-right\"><\/i>\t\t\t\t\t<\/div>\n\t\t\t\t\n\t\t\t\t\t\t\t\t\t<div class=\"swiper-pagination\"><\/div>\n\t\t\t\t\t\t\t\t\t<\/div>\n\t\t\t\t\t\t<\/div>\n\t\t\t\t<\/div>\n\t\t\t\t\t<\/div>\n\t\t<\/div>\n\t\t\t\t\t<\/div>\n\t\t<\/section>\n\t\t\t\t<section class=\"elementor-section elementor-top-section elementor-element elementor-element-2d66745 elementor-section-content-middle elementor-section-boxed elementor-section-height-default elementor-section-height-default\" data-id=\"2d66745\" data-element_type=\"section\" data-e-type=\"section\" data-settings=\"{&quot;background_background&quot;:&quot;classic&quot;}\">\n\t\t\t\t\t\t<div class=\"elementor-container elementor-column-gap-default\">\n\t\t\t\t\t<div class=\"elementor-column elementor-col-100 elementor-top-column elementor-element elementor-element-f9a72fe\" data-id=\"f9a72fe\" data-element_type=\"column\" data-e-type=\"column\">\n\t\t\t<div class=\"elementor-widget-wrap elementor-element-populated\">\n\t\t\t\t\t\t<div class=\"elementor-element elementor-element-68374ff elementor-widget elementor-widget-text-editor\" data-id=\"68374ff\" data-element_type=\"widget\" data-e-type=\"widget\" data-widget_type=\"text-editor.default\">\n\t\t\t\t<div class=\"elementor-widget-container\">\n\t\t\t\t\t\t\t\t\t<p class=\"p2\"><span style=\"font-weight: 400;\">Dentro de este proyecto de la FTI, el Consorcio llevar\u00e1 a cabo todas las actividades pertinentes para crear y promover la soluci\u00f3n Nature Fresh, como <\/span><b>la fabricaci\u00f3n a escala comercial del film compostable, el dise\u00f1o y el desarrollo de las m\u00e1quinas autom\u00e1ticas de envasado, el dise\u00f1o y el desarrollo del aplicador de etiquetas compostables<\/b><span style=\"font-weight: 400;\">, la obtenci\u00f3n de las <\/span><b>aprobaciones reglamentarias<\/b><span style=\"font-weight: 400;\"> y la <\/span><b>realizaci\u00f3n de <\/b><span style=\"font-weight: 400;\">pruebas con los usuarios finales para obtener la aceptaci\u00f3n del mercado y <\/span><b>una r\u00e1pida comercializaci\u00f3n para el segundo trimestre de 2022<\/b><span style=\"font-weight: 400;\">.<\/span><\/p>\t\t\t\t\t\t\t\t<\/div>\n\t\t\t\t<\/div>\n\t\t\t\t<div class=\"elementor-element elementor-element-ecc7d56 elementor-widget elementor-widget-image\" data-id=\"ecc7d56\" data-element_type=\"widget\" data-e-type=\"widget\" data-widget_type=\"image.default\">\n\t\t\t\t<div class=\"elementor-widget-container\">\n\t\t\t\t\t\t\t\t\t\t\t\t\t\t\t<img decoding=\"async\" width=\"1010\" height=\"585\" src=\"https:\/\/www.naturefresh.eu\/wp-content\/uploads\/2021\/12\/Nature-Fresh.png\" class=\"attachment-large size-large wp-image-494\" alt=\"\" srcset=\"https:\/\/www.naturefresh.eu\/wp-content\/uploads\/2021\/12\/Nature-Fresh.png 1010w, https:\/\/www.naturefresh.eu\/wp-content\/uploads\/2021\/12\/Nature-Fresh-300x174.png 300w, https:\/\/www.naturefresh.eu\/wp-content\/uploads\/2021\/12\/Nature-Fresh-768x445.png 768w\" sizes=\"(max-width: 1010px) 100vw, 1010px\" \/>\t\t\t\t\t\t\t\t\t\t\t\t\t\t\t<\/div>\n\t\t\t\t<\/div>\n\t\t\t\t<div class=\"elementor-element elementor-element-edbb0cf elementor-widget elementor-widget-text-editor\" data-id=\"edbb0cf\" data-element_type=\"widget\" data-e-type=\"widget\" data-widget_type=\"text-editor.default\">\n\t\t\t\t<div class=\"elementor-widget-container\">\n\t\t\t\t\t\t\t\t\t<p><span style=\"font-weight: 400;\">Despu\u00e9s de 2 a\u00f1os desde su lanzamiento oficial al mercado, el film compostable certificado Nature Fresh de Fabbri Group ha demostrado tener un rendimiento que oscila entre bueno y muy bueno por lo que se refiere a resistencia, transparencia, permeabilidad, extensibilidad y ventas a nivel europeo, sirviendo tambi\u00e9n para limitar el desperdicio de alimentos.\u00a0<\/span><\/p><p><span style=\"font-weight: 400;\">El proyecto Nature Fresh ofrece as\u00ed a los minoristas, a los procesadores de alimentos y al p\u00fablico en general beneficios medioambientales y humanitarios directos y aborda una oportunidad actual para reducir el uso del pl\u00e1stico.\u00a0<\/span><\/p><p><span style=\"font-weight: 400;\">Al mismo tiempo, la nueva soluci\u00f3n ayudar\u00e1 a las empresas clientes a cumplir con las iniciativas y los informes de sostenibilidad.<\/span><\/p><ul style=\"margin-top: 20px; margin-left: 30px; margin-bottom: 15px;\"><li style=\"list-style-type: circle;\"><b><a href=\"\/es\/el-proyecto\/film-transparente-compostable-certificado-nature-fresh\/\">FILM TRANSPARENTE COMPOSTABLE CERTIFICADO NATURE FRESH &gt;&gt;<\/a><\/b><\/li><li class=\"li1\" style=\"list-style-type: circle;\"><b><a href=\"\/es\/el-proyecto\/maquinas-automac-dual-y-automac-industrial\/\">M\u00c1QUINAS AUTOMAC DUAL Y AUTOMAC INDUSTRIAL &gt;&gt;<\/a><\/b><\/li><li class=\"li1\" style=\"list-style-type: circle;\"><b><a href=\"\/es\/el-proyecto\/envolvedora-integrada-arya\/\">ENVOLVEDORA INTEGRADA ARYA &gt;&gt;<\/a><\/b><\/li><li class=\"li1\" style=\"list-style-type: circle;\"><b><a href=\"\/es\/el-proyecto\/etiquetadora-espera\/\">ETIQUETADORA ESPERA &gt;&gt;<\/a><\/b><\/li><\/ul>\t\t\t\t\t\t\t\t<\/div>\n\t\t\t\t<\/div>\n\t\t\t\t<div class=\"elementor-element elementor-element-b063457 elementor-widget elementor-widget-image\" data-id=\"b063457\" data-element_type=\"widget\" data-e-type=\"widget\" data-widget_type=\"image.default\">\n\t\t\t\t<div class=\"elementor-widget-container\">\n\t\t\t\t\t\t\t\t\t\t\t\t\t\t\t<img loading=\"lazy\" decoding=\"async\" width=\"1024\" height=\"427\" src=\"https:\/\/www.naturefresh.eu\/wp-content\/uploads\/2021\/12\/Composting-Nature_Fresh-1024x427.jpg\" class=\"attachment-large size-large wp-image-446\" alt=\"\" srcset=\"https:\/\/www.naturefresh.eu\/wp-content\/uploads\/2021\/12\/Composting-Nature_Fresh-1024x427.jpg 1024w, https:\/\/www.naturefresh.eu\/wp-content\/uploads\/2021\/12\/Composting-Nature_Fresh-300x125.jpg 300w, https:\/\/www.naturefresh.eu\/wp-content\/uploads\/2021\/12\/Composting-Nature_Fresh-768x320.jpg 768w, https:\/\/www.naturefresh.eu\/wp-content\/uploads\/2021\/12\/Composting-Nature_Fresh-1536x640.jpg 1536w, https:\/\/www.naturefresh.eu\/wp-content\/uploads\/2021\/12\/Composting-Nature_Fresh.jpg 1656w\" sizes=\"(max-width: 1024px) 100vw, 1024px\" \/>\t\t\t\t\t\t\t\t\t\t\t\t\t\t\t<\/div>\n\t\t\t\t<\/div>\n\t\t\t\t\t<\/div>\n\t\t<\/div>\n\t\t\t\t\t<\/div>\n\t\t<\/section>\n\t\t\t\t<\/div>\n\t\t","protected":false},"excerpt":{"rendered":"<p>El Proyecto A la luz del documento recientemente publicado \u201cA European Strategy for Plastics in a Circular Economy\u201d, todas las partes implicadas en el ciclo de vida de los envases de pl\u00e1stico se esfuerzan por lograr una soluci\u00f3n que evite la posible contaminaci\u00f3n por pl\u00e1sticos. Cualquier estudio de mercado sobre el tema muestra hoy f\u00e1cilmente&hellip;&nbsp;<a href=\"https:\/\/www.naturefresh.eu\/es\/el-proyecto\/\" rel=\"bookmark\">Leer m\u00e1s &raquo;<span class=\"screen-reader-text\">El Proyecto<\/span><\/a><\/p>\n","protected":false},"author":1,"featured_media":0,"parent":0,"menu_order":0,"comment_status":"closed","ping_status":"closed","template":"elementor_header_footer","meta":{"neve_meta_sidebar":"full-width","neve_meta_container":"","neve_meta_enable_content_width":"on","neve_meta_content_width":100,"neve_meta_title_alignment":"","neve_meta_author_avatar":"","neve_post_elements_order":"","neve_meta_disable_header":"","neve_meta_disable_footer":"","neve_meta_disable_title":"","footnotes":""},"class_list":["post-1649","page","type-page","status-publish","hentry"],"_links":{"self":[{"href":"https:\/\/www.naturefresh.eu\/es\/wp-json\/wp\/v2\/pages\/1649","targetHints":{"allow":["GET"]}}],"collection":[{"href":"https:\/\/www.naturefresh.eu\/es\/wp-json\/wp\/v2\/pages"}],"about":[{"href":"https:\/\/www.naturefresh.eu\/es\/wp-json\/wp\/v2\/types\/page"}],"author":[{"embeddable":true,"href":"https:\/\/www.naturefresh.eu\/es\/wp-json\/wp\/v2\/users\/1"}],"replies":[{"embeddable":true,"href":"https:\/\/www.naturefresh.eu\/es\/wp-json\/wp\/v2\/comments?post=1649"}],"version-history":[{"count":7,"href":"https:\/\/www.naturefresh.eu\/es\/wp-json\/wp\/v2\/pages\/1649\/revisions"}],"predecessor-version":[{"id":1677,"href":"https:\/\/www.naturefresh.eu\/es\/wp-json\/wp\/v2\/pages\/1649\/revisions\/1677"}],"wp:attachment":[{"href":"https:\/\/www.naturefresh.eu\/es\/wp-json\/wp\/v2\/media?parent=1649"}],"curies":[{"name":"wp","href":"https:\/\/api.w.org\/{rel}","templated":true}]}}