{"id":1586,"date":"2021-12-18T00:13:56","date_gmt":"2021-12-18T00:13:56","guid":{"rendered":"https:\/\/www.naturefresh.eu\/work-packages\/"},"modified":"2022-02-05T16:01:08","modified_gmt":"2022-02-05T16:01:08","slug":"arbeitspakete","status":"publish","type":"page","link":"https:\/\/www.naturefresh.eu\/de\/arbeitspakete\/","title":{"rendered":"Arbeitspakete"},"content":{"rendered":"\t\t<div data-elementor-type=\"wp-page\" data-elementor-id=\"1586\" class=\"elementor elementor-1586 elementor-300\" data-elementor-post-type=\"page\">\n\t\t\t\t\t\t<section class=\"elementor-section elementor-top-section elementor-element elementor-element-d58ea62 elementor-section-content-middle elementor-section-full_width elementor-section-height-min-height elementor-section-height-default elementor-section-items-middle\" data-id=\"d58ea62\" data-element_type=\"section\" data-e-type=\"section\" data-settings=\"{&quot;background_background&quot;:&quot;classic&quot;}\">\n\t\t\t\t\t\t<div class=\"elementor-container elementor-column-gap-default\">\n\t\t\t\t\t<div class=\"elementor-column elementor-col-100 elementor-top-column elementor-element elementor-element-978314f\" data-id=\"978314f\" data-element_type=\"column\" data-e-type=\"column\">\n\t\t\t<div class=\"elementor-widget-wrap elementor-element-populated\">\n\t\t\t\t\t\t<div class=\"elementor-element elementor-element-fe4411c titlePage elementor-widget elementor-widget-heading\" data-id=\"fe4411c\" data-element_type=\"widget\" data-e-type=\"widget\" data-widget_type=\"heading.default\">\n\t\t\t\t<div class=\"elementor-widget-container\">\n\t\t\t\t\t<h1 class=\"elementor-heading-title elementor-size-default\">Work Packages<\/h1>\t\t\t\t<\/div>\n\t\t\t\t<\/div>\n\t\t\t\t\t<\/div>\n\t\t<\/div>\n\t\t\t\t\t<\/div>\n\t\t<\/section>\n\t\t\t\t<section class=\"elementor-section elementor-top-section elementor-element elementor-element-4289a2a elementor-section-content-middle elementor-section-boxed elementor-section-height-default elementor-section-height-default\" data-id=\"4289a2a\" data-element_type=\"section\" data-e-type=\"section\" data-settings=\"{&quot;background_background&quot;:&quot;classic&quot;}\">\n\t\t\t\t\t\t<div class=\"elementor-container elementor-column-gap-default\">\n\t\t\t\t\t<div class=\"elementor-column elementor-col-100 elementor-top-column elementor-element elementor-element-b10cbf9\" data-id=\"b10cbf9\" data-element_type=\"column\" data-e-type=\"column\">\n\t\t\t<div class=\"elementor-widget-wrap elementor-element-populated\">\n\t\t\t\t\t\t<div class=\"elementor-element elementor-element-386b95b elementor-widget elementor-widget-text-editor\" data-id=\"386b95b\" data-element_type=\"widget\" data-e-type=\"widget\" data-widget_type=\"text-editor.default\">\n\t\t\t\t<div class=\"elementor-widget-container\">\n\t\t\t\t\t\t\t\t\t<p class=\"p1\" style=\"margin: 0px;\">Das Projekt <strong>Nature Fresh<\/strong> umfasst verschiedene Arbeitspakete, die das Konsortium innerhalb einer angemessenen Zeitspanne umsetzen will und \u00fcber die in einer Reihe von Deliverables und Abschlussberichten (Zwischen- und Endbericht) berichtet werden soll:<\/p>\t\t\t\t\t\t\t\t<\/div>\n\t\t\t\t<\/div>\n\t\t\t\t<div class=\"elementor-element elementor-element-b16cdb6 elementor-widget elementor-widget-image\" data-id=\"b16cdb6\" data-element_type=\"widget\" data-e-type=\"widget\" data-widget_type=\"image.default\">\n\t\t\t\t<div class=\"elementor-widget-container\">\n\t\t\t\t\t\t\t\t\t\t\t\t\t\t\t<img fetchpriority=\"high\" decoding=\"async\" width=\"1024\" height=\"106\" src=\"https:\/\/www.naturefresh.eu\/wp-content\/uploads\/2021\/12\/Project-2-1024x106.png\" class=\"attachment-large size-large wp-image-508\" alt=\"\" srcset=\"https:\/\/www.naturefresh.eu\/wp-content\/uploads\/2021\/12\/Project-2-1024x106.png 1024w, https:\/\/www.naturefresh.eu\/wp-content\/uploads\/2021\/12\/Project-2-300x31.png 300w, https:\/\/www.naturefresh.eu\/wp-content\/uploads\/2021\/12\/Project-2-768x79.png 768w, https:\/\/www.naturefresh.eu\/wp-content\/uploads\/2021\/12\/Project-2.png 1064w\" sizes=\"(max-width: 1024px) 100vw, 1024px\" \/>\t\t\t\t\t\t\t\t\t\t\t\t\t\t\t<\/div>\n\t\t\t\t<\/div>\n\t\t\t\t<div class=\"elementor-element elementor-element-7747841 elementor-widget elementor-widget-text-editor\" data-id=\"7747841\" data-element_type=\"widget\" data-e-type=\"widget\" data-widget_type=\"text-editor.default\">\n\t\t\t\t<div class=\"elementor-widget-container\">\n\t\t\t\t\t\t\t\t\t<h3><span style=\"color: #076633;\"><br \/><strong>WP1: Optimierung kompostierbarer Folien<\/strong><br \/><\/span><\/h3><p>Von Juli 2019 bis Dezember 2021 will das Konsortium im Rahmen dieses Arbeitspakets die Zielleistung der Folie bewerten, sie herstellen, sie intern und bei Kunden testen und sie gegebenenfalls optimieren.<\/p><p><em>Verantwortlicher Partner: Fabbri Group, in Zusammenarbeit mit Espera, Teixpac, CTME.<\/em><\/p>\t\t\t\t\t\t\t\t<\/div>\n\t\t\t\t<\/div>\n\t\t\t\t<div class=\"elementor-element elementor-element-5372405 elementor-widget elementor-widget-text-editor\" data-id=\"5372405\" data-element_type=\"widget\" data-e-type=\"widget\" data-widget_type=\"text-editor.default\">\n\t\t\t\t<div class=\"elementor-widget-container\">\n\t\t\t\t\t\t\t\t\t<h3><span style=\"color: #076633;\">WP2: Entwurf und Entwicklung von Wickelmaschinen<\/span><\/h3><p>Von Juli 2019 bis Dezember 2021 zielt das Konsortium mit diesem Arbeitspaket darauf ab, die Verpackungsmaschinen zu entwerfen und zu bauen (1 Modell f\u00fcr den Einzelhandel, 1 Modell f\u00fcr die Industrie), die Dokumentation f\u00fcr Schulung, Betriebsverfahren und Fehlerbehebung zu erstellen und die CE-Kennzeichnung zu erhalten.<\/p><p><i style=\"color: var(--nv-text-color); font-family: var(--bodyFontFamily),var(--nv-fallback-ff); font-size: var(--bodyFontSize); font-weight: var(--bodyFontWeight); letter-spacing: var(--bodyLetterSpacing); text-transform: var(--bodyTextTransform);\">Verantwortlicher Partner: Fabbri Group, in Zusammenarbeit mit Teixpac.<\/i><\/p>\t\t\t\t\t\t\t\t<\/div>\n\t\t\t\t<\/div>\n\t\t\t\t<div class=\"elementor-element elementor-element-276f43a elementor-widget elementor-widget-text-editor\" data-id=\"276f43a\" data-element_type=\"widget\" data-e-type=\"widget\" data-widget_type=\"text-editor.default\">\n\t\t\t\t<div class=\"elementor-widget-container\">\n\t\t\t\t\t\t\t\t\t<h3><span style=\"color: #076633;\">WP3: Entwurf und Herstellung eines kompostierbaren Etiketts und seines Anbringungssystems<\/span><\/h3><p>Von Juli 2019 bis Februar 2021 zielt das Konsortium mit diesem Arbeitspaket darauf ab, das kompostierbare Etikett und das Waagen- und Etikettenanbringungssystem zu entwerfen und herzustellen, gefolgt von internen Tests.<\/p><p><i>Verantwortlicher Partner: Espera in Zusammenarbeit mit Fabbri Group, Teixpac.<\/i><\/p>\t\t\t\t\t\t\t\t<\/div>\n\t\t\t\t<\/div>\n\t\t\t\t<div class=\"elementor-element elementor-element-c33e1ba elementor-widget elementor-widget-text-editor\" data-id=\"c33e1ba\" data-element_type=\"widget\" data-e-type=\"widget\" data-widget_type=\"text-editor.default\">\n\t\t\t\t<div class=\"elementor-widget-container\">\n\t\t\t\t\t\t\t\t\t<h3><span style=\"color: #076633;\">WP4: Produktionsversuche und interne Tests<\/span><\/h3>\nVon Januar 2020 bis Dezember 2021 will das Konsortium im Rahmen dieses Arbeitspakets die Checkliste und das Verfahren f\u00fcr interne Tests festlegen, um die \u00dcbereinstimmung des Systems mit den geltenden europ\u00e4ischen Vorschriften, Funktionen, Leistung, menschliche Schnittstelle und Sicherheit zu pr\u00fcfen. Nach der Optimierung der Maschine werden die Tests erneut stattfinden.\n\n<i>Verantwortlicher Partner: Fabbri Group, in Zusammenarbeit mit Espera, Teixpac, CTME.<\/i>\t\t\t\t\t\t\t\t<\/div>\n\t\t\t\t<\/div>\n\t\t\t\t<div class=\"elementor-element elementor-element-b7fca6e elementor-widget elementor-widget-text-editor\" data-id=\"b7fca6e\" data-element_type=\"widget\" data-e-type=\"widget\" data-widget_type=\"text-editor.default\">\n\t\t\t\t<div class=\"elementor-widget-container\">\n\t\t\t\t\t\t\t\t\t<h3><span style=\"color: #076633;\">WP5: Endnutzertests<\/span><\/h3>\nVon Juli 2019 bis November 2021 will das Konsortium im Rahmen dieses Arbeitspakets detaillierte Tests beider Maschinentypen, des WPL-Systems und der Folie bei den Endnutzern durchf\u00fchren. Zu den wichtigsten Testparametern geh\u00f6ren die Verpackungsgeschwindigkeit, die Wiederholbarkeit der Verpackungsqualit\u00e4t, die Reproduzierbarkeit, die Verarbeitbarkeit der kompostierbaren Folie und die Gesamt\u00e4sthetik der Verpackung. Nach der Optimierung muss ein zweiter Testlauf vorgesehen werden. Damit wird sichergestellt, dass das Konsortium die Bed\u00fcrfnisse der Endverbraucher genau erf\u00fcllt und die endg\u00fcltige Zustimmung der fr\u00fchen Anwender erhalten hat.\n\n<i>Verantwortlicher Partner: Teixpac in Zusammenarbeit mit Fabbri Group, Espera.<\/i>\t\t\t\t\t\t\t\t<\/div>\n\t\t\t\t<\/div>\n\t\t\t\t<div class=\"elementor-element elementor-element-286b3af elementor-widget elementor-widget-text-editor\" data-id=\"286b3af\" data-element_type=\"widget\" data-e-type=\"widget\" data-widget_type=\"text-editor.default\">\n\t\t\t\t<div class=\"elementor-widget-container\">\n\t\t\t\t\t\t\t\t\t<h3><span style=\"color: #076633;\">WP6: Regulatorische Genehmigungen, Umweltauswirkungen und Lebenszyklusanalyse<\/span><\/h3><p>Von August 2019 bis Dezember 2021 zielt das Konsortium mit diesem Arbeitspaket darauf ab, die Konformit\u00e4tserkl\u00e4rung zur europ\u00e4ischen Gesetzgebung \u00fcber die Kompostierbarkeit von Folien und Etiketten zu \u00fcberpr\u00fcfen und zu \u00fcberarbeiten sowie die Umweltauswirkungen der vorgeschlagenen Verpackungsl\u00f6sung gem\u00e4\u00df dem Life Cycle Assessment Tool (LCA) zu bewerten.<\/p><p><i>Verantwortlicher Partner: CTME in Zusammenarbeit mit Fabbri Group, Espera.<\/i><\/p>\t\t\t\t\t\t\t\t<\/div>\n\t\t\t\t<\/div>\n\t\t\t\t<div class=\"elementor-element elementor-element-594bc83 elementor-widget elementor-widget-text-editor\" data-id=\"594bc83\" data-element_type=\"widget\" data-e-type=\"widget\" data-widget_type=\"text-editor.default\">\n\t\t\t\t<div class=\"elementor-widget-container\">\n\t\t\t\t\t\t\t\t\t<h3><span style=\"color: #076633;\">WP7: Planung der Kommerzialisierung<\/span><\/h3>\nVon Juli 2019 bis Dezember 2021 zielt das Konsortium mit diesem Arbeitspaket darauf ab, eine IP-Strategie (Marken, Patente&#8230;), Lieferkettenvereinbarungen (Zulieferer, Produktionspartner, H\u00e4ndler), kommerzielle Vertr\u00e4ge (einschlie\u00dflich Garantien, Wartung, Haftung usw.), Preismodelle, Wege zum Markt, Herstellung im kommerziellen Ma\u00dfstab, Kundendienstplan zu entwickeln und durchzuf\u00fchren.\n\n<i>Verantwortlicher Partner: Fabbri Group, in Zusammenarbeit mit Espera, Teixpac.<\/i>\t\t\t\t\t\t\t\t<\/div>\n\t\t\t\t<\/div>\n\t\t\t\t<div class=\"elementor-element elementor-element-54e452b elementor-widget elementor-widget-text-editor\" data-id=\"54e452b\" data-element_type=\"widget\" data-e-type=\"widget\" data-widget_type=\"text-editor.default\">\n\t\t\t\t<div class=\"elementor-widget-container\">\n\t\t\t\t\t\t\t\t\t<h3><span style=\"color: #076633;\">WP8: Marketing und Verbreitung<\/span><\/h3>\nVon Juli 2019 bis Dezember 2021 wird sich das Konsortium im Rahmen dieses Arbeitspakets um die Markenregistrierung und alle Marketingaktivit\u00e4ten k\u00fcmmern, die sich an Einzelh\u00e4ndler und Lebensmittelverarbeiter richten, die nachhaltige Lebensmittelverpackungen einf\u00fchren wollen, um ihre Endverbraucherbed\u00fcrfnisse zu befriedigen (Messen, Konferenzen, Seminare und andere Veranstaltungen, Pressemitteilungen, White Papers, Videos, digitales und gedrucktes Material&#8230;), Schulung der Vertriebsteams der H\u00e4ndler, abschlie\u00dfende \u00dcberpr\u00fcfung der Gesamtleistung des Systems Nature Fresh. Die anderen Partner Espera, Teixpac, CTME werden parallele Aktionen mit ihrem eigenen Kundenportfolio durchf\u00fchren.\n\n<i>Verantwortlicher Partner: Fabbri Group, in Zusammenarbeit mit Espera, Teixpac, CTME.<\/i>\t\t\t\t\t\t\t\t<\/div>\n\t\t\t\t<\/div>\n\t\t\t\t<div class=\"elementor-element elementor-element-8533ae1 elementor-widget elementor-widget-text-editor\" data-id=\"8533ae1\" data-element_type=\"widget\" data-e-type=\"widget\" data-widget_type=\"text-editor.default\">\n\t\t\t\t<div class=\"elementor-widget-container\">\n\t\t\t\t\t\t\t\t\t<h3><span style=\"color: #076633;\">WP9: Projektleitung<\/span><\/h3>\nVon Juli 2019 bis Dezember 2021 wird das Konsortium im Rahmen dieses Arbeitspakets regelm\u00e4\u00dfige Sitzungen zur \u00dcberpr\u00fcfung des Projektfortschritts abhalten, um sicherzustellen, dass alle Abweichungen vom Plan und die erforderlichen Korrekturma\u00dfnahmen aufgezeichnet und umgesetzt werden, das Projekt \u00fcberpr\u00fcfen, alle Risiken melden und \u00fcberwachen, regelm\u00e4\u00dfig mit dem \u00dcberwachungsbeauftragten der Europ\u00e4ischen Kommission \u00fcber Projektaktualisierungen kommunizieren und Berichte f\u00fcr die EASME gem\u00e4\u00df den Anforderungen der Europ\u00e4ischen Kommission erstellen und einreichen.\n\n<i>Verantwortlicher Partner: Fabbri Group, in Zusammenarbeit mit Espera, Teixpac, CTME.<\/i>\t\t\t\t\t\t\t\t<\/div>\n\t\t\t\t<\/div>\n\t\t\t\t<div class=\"elementor-element elementor-element-bb7cad3 elementor-widget elementor-widget-text-editor\" data-id=\"bb7cad3\" data-element_type=\"widget\" data-e-type=\"widget\" data-widget_type=\"text-editor.default\">\n\t\t\t\t<div class=\"elementor-widget-container\">\n\t\t\t\t\t\t\t\t\t<h3><span style=\"color: #076633;\">WP10: Ethische Anforderungen<\/span><\/h3>\nVon Juli 2019 bis Dezember 2021 zielt das Konsortium mit diesem Arbeitspaket darauf ab, die ethischen Anforderungen festzulegen, die das Projekt erf\u00fcllen muss (GDPR, Sicherheit usw.).\n\n<i>Verantwortlicher Partner: Fabbri Group.<\/i>\t\t\t\t\t\t\t\t<\/div>\n\t\t\t\t<\/div>\n\t\t\t\t<div class=\"elementor-element elementor-element-8f2e712 elementor-widget elementor-widget-image\" data-id=\"8f2e712\" data-element_type=\"widget\" data-e-type=\"widget\" data-widget_type=\"image.default\">\n\t\t\t\t<div class=\"elementor-widget-container\">\n\t\t\t\t\t\t\t\t\t\t\t\t\t\t\t<img decoding=\"async\" width=\"788\" height=\"507\" src=\"https:\/\/www.naturefresh.eu\/wp-content\/uploads\/2021\/12\/Project-3.png\" class=\"attachment-large size-large wp-image-512\" alt=\"\" srcset=\"https:\/\/www.naturefresh.eu\/wp-content\/uploads\/2021\/12\/Project-3.png 788w, https:\/\/www.naturefresh.eu\/wp-content\/uploads\/2021\/12\/Project-3-300x193.png 300w, https:\/\/www.naturefresh.eu\/wp-content\/uploads\/2021\/12\/Project-3-768x494.png 768w\" sizes=\"(max-width: 788px) 100vw, 788px\" \/>\t\t\t\t\t\t\t\t\t\t\t\t\t\t\t<\/div>\n\t\t\t\t<\/div>\n\t\t\t\t\t<\/div>\n\t\t<\/div>\n\t\t\t\t\t<\/div>\n\t\t<\/section>\n\t\t\t\t<\/div>\n\t\t","protected":false},"excerpt":{"rendered":"<p>Work Packages Das Projekt Nature Fresh umfasst verschiedene Arbeitspakete, die das Konsortium innerhalb einer angemessenen Zeitspanne umsetzen will und \u00fcber die in einer Reihe von Deliverables und Abschlussberichten (Zwischen- und Endbericht) berichtet werden soll: WP1: Optimierung kompostierbarer Folien Von Juli 2019 bis Dezember 2021 will das Konsortium im Rahmen dieses Arbeitspakets die Zielleistung der Folie&hellip;&nbsp;<a href=\"https:\/\/www.naturefresh.eu\/de\/arbeitspakete\/\" rel=\"bookmark\">Weiterlesen &raquo;<span class=\"screen-reader-text\">Arbeitspakete<\/span><\/a><\/p>\n","protected":false},"author":1,"featured_media":0,"parent":0,"menu_order":0,"comment_status":"closed","ping_status":"closed","template":"elementor_header_footer","meta":{"neve_meta_sidebar":"full-width","neve_meta_container":"","neve_meta_enable_content_width":"on","neve_meta_content_width":100,"neve_meta_title_alignment":"","neve_meta_author_avatar":"","neve_post_elements_order":"","neve_meta_disable_header":"","neve_meta_disable_footer":"","neve_meta_disable_title":"","footnotes":""},"class_list":["post-1586","page","type-page","status-publish","hentry"],"_links":{"self":[{"href":"https:\/\/www.naturefresh.eu\/de\/wp-json\/wp\/v2\/pages\/1586","targetHints":{"allow":["GET"]}}],"collection":[{"href":"https:\/\/www.naturefresh.eu\/de\/wp-json\/wp\/v2\/pages"}],"about":[{"href":"https:\/\/www.naturefresh.eu\/de\/wp-json\/wp\/v2\/types\/page"}],"author":[{"embeddable":true,"href":"https:\/\/www.naturefresh.eu\/de\/wp-json\/wp\/v2\/users\/1"}],"replies":[{"embeddable":true,"href":"https:\/\/www.naturefresh.eu\/de\/wp-json\/wp\/v2\/comments?post=1586"}],"version-history":[{"count":7,"href":"https:\/\/www.naturefresh.eu\/de\/wp-json\/wp\/v2\/pages\/1586\/revisions"}],"predecessor-version":[{"id":1593,"href":"https:\/\/www.naturefresh.eu\/de\/wp-json\/wp\/v2\/pages\/1586\/revisions\/1593"}],"wp:attachment":[{"href":"https:\/\/www.naturefresh.eu\/de\/wp-json\/wp\/v2\/media?parent=1586"}],"curies":[{"name":"wp","href":"https:\/\/api.w.org\/{rel}","templated":true}]}}