{"id":1554,"date":"2021-12-22T16:29:26","date_gmt":"2021-12-22T16:29:26","guid":{"rendered":"https:\/\/www.naturefresh.eu\/das-projekt\/espera-labeller\/"},"modified":"2022-02-05T15:46:47","modified_gmt":"2022-02-05T15:46:47","slug":"espera-etikettiermaschine","status":"publish","type":"page","link":"https:\/\/www.naturefresh.eu\/de\/das-projekt\/espera-etikettiermaschine\/","title":{"rendered":"ESPERA ETIKETTIERMASCHINE"},"content":{"rendered":"\t\t<div data-elementor-type=\"wp-page\" data-elementor-id=\"1554\" class=\"elementor elementor-1554 elementor-1446\" data-elementor-post-type=\"page\">\n\t\t\t\t\t\t<section class=\"elementor-section elementor-top-section elementor-element elementor-element-dea8705 elementor-section-content-middle elementor-section-boxed elementor-section-height-default elementor-section-height-default\" data-id=\"dea8705\" data-element_type=\"section\" data-e-type=\"section\">\n\t\t\t\t\t\t<div class=\"elementor-container elementor-column-gap-default\">\n\t\t\t\t\t<div class=\"elementor-column elementor-col-50 elementor-top-column elementor-element elementor-element-0d8e2a8\" data-id=\"0d8e2a8\" data-element_type=\"column\" data-e-type=\"column\">\n\t\t\t<div class=\"elementor-widget-wrap elementor-element-populated\">\n\t\t\t\t\t\t<div class=\"elementor-element elementor-element-2f54f51 elementor-widget elementor-widget-heading\" data-id=\"2f54f51\" data-element_type=\"widget\" data-e-type=\"widget\" data-widget_type=\"heading.default\">\n\t\t\t\t<div class=\"elementor-widget-container\">\n\t\t\t\t\t<h1 class=\"elementor-heading-title elementor-size-default\">ESPERA ETIKETTIERMASCHINE<\/h1>\t\t\t\t<\/div>\n\t\t\t\t<\/div>\n\t\t\t\t\t<\/div>\n\t\t<\/div>\n\t\t\t\t<div class=\"elementor-column elementor-col-50 elementor-top-column elementor-element elementor-element-0f1471b\" data-id=\"0f1471b\" data-element_type=\"column\" data-e-type=\"column\">\n\t\t\t<div class=\"elementor-widget-wrap elementor-element-populated\">\n\t\t\t\t\t\t<div class=\"elementor-element elementor-element-24db75a elementor-widget elementor-widget-image\" data-id=\"24db75a\" data-element_type=\"widget\" data-e-type=\"widget\" data-widget_type=\"image.default\">\n\t\t\t\t<div class=\"elementor-widget-container\">\n\t\t\t\t\t\t\t\t\t\t\t\t\t\t\t<img fetchpriority=\"high\" decoding=\"async\" width=\"768\" height=\"432\" src=\"https:\/\/www.naturefresh.eu\/wp-content\/uploads\/2021\/12\/Espera-1-768x432.jpg\" class=\"attachment-medium_large size-medium_large wp-image-1087\" alt=\"Espera Labeller\" srcset=\"https:\/\/www.naturefresh.eu\/wp-content\/uploads\/2021\/12\/Espera-1-768x432.jpg 768w, https:\/\/www.naturefresh.eu\/wp-content\/uploads\/2021\/12\/Espera-1-300x169.jpg 300w, https:\/\/www.naturefresh.eu\/wp-content\/uploads\/2021\/12\/Espera-1-1024x576.jpg 1024w, https:\/\/www.naturefresh.eu\/wp-content\/uploads\/2021\/12\/Espera-1.jpg 1280w\" sizes=\"(max-width: 768px) 100vw, 768px\" \/>\t\t\t\t\t\t\t\t\t\t\t\t\t\t\t<\/div>\n\t\t\t\t<\/div>\n\t\t\t\t\t<\/div>\n\t\t<\/div>\n\t\t\t\t\t<\/div>\n\t\t<\/section>\n\t\t\t\t<section class=\"elementor-section elementor-top-section elementor-element elementor-element-4f15389 elementor-section-boxed elementor-section-height-default elementor-section-height-default\" data-id=\"4f15389\" data-element_type=\"section\" data-e-type=\"section\">\n\t\t\t\t\t\t<div class=\"elementor-container elementor-column-gap-default\">\n\t\t\t\t\t<div class=\"elementor-column elementor-col-100 elementor-top-column elementor-element elementor-element-5d1fa23\" data-id=\"5d1fa23\" data-element_type=\"column\" data-e-type=\"column\">\n\t\t\t<div class=\"elementor-widget-wrap elementor-element-populated\">\n\t\t\t\t\t\t<div class=\"elementor-element elementor-element-783c1eb elementor-widget elementor-widget-text-editor\" data-id=\"783c1eb\" data-element_type=\"widget\" data-e-type=\"widget\" data-widget_type=\"text-editor.default\">\n\t\t\t\t<div class=\"elementor-widget-container\">\n\t\t\t\t\t\t\t\t\t<p>Kompostierbare Folienl\u00f6sungen erfordern neue Anpassungen der <strong>Etikettiersysteme<\/strong>. Aufgrund des unterschiedlichen Verhaltens von kompostierbarer Folie im Vergleich zu nicht kompostierbarer Folie, wie z.B. Reibung, Haftung und Temperaturbest\u00e4ndigkeit, wurden <strong>Etikettier- und Applikationssysteme f\u00fcr automatisierte Prozesse in Kombination mit der Folie Nature Fresh<\/strong> angepasst und modifiziert. Diese Anpassungen garantieren eine perfekte Handhabung und Transportf\u00e4higkeit von Verpackungen, die in der neuen Folie Nature Fresh verpackt sind sowie die M\u00f6glichkeit, Etiketten anzubringen, die perfekt auf die Folie passen und an ihr haften. Die neue integrierte Wiege-, Etikettier- und Verpackungsmaschine kombiniert einen vollst\u00e4ndig kompostierbaren Ansatz mit einer Hochgeschwindigkeits-Anbringungs- und Etikettiereinheit, die kompostierbares Folienmaterial optimal verarbeiten kann. Dar\u00fcber hinaus k\u00f6nnen mit diesem kombinierten System auch <strong>kompostierbare Etiketten<\/strong> (Norm EN 13432) ohne Einschr\u00e4nkungen verwendet werden. Entweder wenn die Etiketten gef\u00e4rbt oder beschichtet sind. Die biologische Abbaubarkeit wurde f\u00fcr alle Arten von Etiketten ber\u00fccksichtigt. Kompostierbare Etiketten er\u00f6ffnen neue Horizonte in Bezug auf die biologische Abbaubarkeit, da eine komplette Verpackung, von der Schale \u00fcber die Folie bis hin zum Etikett, das darauf geklebt wird, in einem St\u00fcck zusammengestellt werden kann und somit eine einzigartige L\u00f6sung auf dem Markt f\u00fcr frische Lebensmittel darstellt.<\/p>\t\t\t\t\t\t\t\t<\/div>\n\t\t\t\t<\/div>\n\t\t\t\t\t<\/div>\n\t\t<\/div>\n\t\t\t\t\t<\/div>\n\t\t<\/section>\n\t\t\t\t<\/div>\n\t\t","protected":false},"excerpt":{"rendered":"<p>ESPERA ETIKETTIERMASCHINE Kompostierbare Folienl\u00f6sungen erfordern neue Anpassungen der Etikettiersysteme. Aufgrund des unterschiedlichen Verhaltens von kompostierbarer Folie im Vergleich zu nicht kompostierbarer Folie, wie z.B. Reibung, Haftung und Temperaturbest\u00e4ndigkeit, wurden Etikettier- und Applikationssysteme f\u00fcr automatisierte Prozesse in Kombination mit der Folie Nature Fresh angepasst und modifiziert. Diese Anpassungen garantieren eine perfekte Handhabung und Transportf\u00e4higkeit von Verpackungen,&hellip;&nbsp;<a href=\"https:\/\/www.naturefresh.eu\/de\/das-projekt\/espera-etikettiermaschine\/\" rel=\"bookmark\">Weiterlesen &raquo;<span class=\"screen-reader-text\">ESPERA ETIKETTIERMASCHINE<\/span><\/a><\/p>\n","protected":false},"author":1,"featured_media":0,"parent":1544,"menu_order":0,"comment_status":"closed","ping_status":"closed","template":"page-templates\/template-pagebuilder-full-width.php","meta":{"neve_meta_sidebar":"","neve_meta_container":"","neve_meta_enable_content_width":"","neve_meta_content_width":0,"neve_meta_title_alignment":"","neve_meta_author_avatar":"","neve_post_elements_order":"","neve_meta_disable_header":"","neve_meta_disable_footer":"","neve_meta_disable_title":"","footnotes":""},"class_list":["post-1554","page","type-page","status-publish","hentry"],"_links":{"self":[{"href":"https:\/\/www.naturefresh.eu\/de\/wp-json\/wp\/v2\/pages\/1554","targetHints":{"allow":["GET"]}}],"collection":[{"href":"https:\/\/www.naturefresh.eu\/de\/wp-json\/wp\/v2\/pages"}],"about":[{"href":"https:\/\/www.naturefresh.eu\/de\/wp-json\/wp\/v2\/types\/page"}],"author":[{"embeddable":true,"href":"https:\/\/www.naturefresh.eu\/de\/wp-json\/wp\/v2\/users\/1"}],"replies":[{"embeddable":true,"href":"https:\/\/www.naturefresh.eu\/de\/wp-json\/wp\/v2\/comments?post=1554"}],"version-history":[{"count":4,"href":"https:\/\/www.naturefresh.eu\/de\/wp-json\/wp\/v2\/pages\/1554\/revisions"}],"predecessor-version":[{"id":1570,"href":"https:\/\/www.naturefresh.eu\/de\/wp-json\/wp\/v2\/pages\/1554\/revisions\/1570"}],"up":[{"embeddable":true,"href":"https:\/\/www.naturefresh.eu\/de\/wp-json\/wp\/v2\/pages\/1544"}],"wp:attachment":[{"href":"https:\/\/www.naturefresh.eu\/de\/wp-json\/wp\/v2\/media?parent=1554"}],"curies":[{"name":"wp","href":"https:\/\/api.w.org\/{rel}","templated":true}]}}