{"id":1552,"date":"2021-12-21T10:18:22","date_gmt":"2021-12-21T10:18:22","guid":{"rendered":"https:\/\/www.naturefresh.eu\/das-projekt\/arya\/"},"modified":"2022-02-05T15:47:34","modified_gmt":"2022-02-05T15:47:34","slug":"arya-integrierte-stretchwickelmaschine","status":"publish","type":"page","link":"https:\/\/www.naturefresh.eu\/de\/das-projekt\/arya-integrierte-stretchwickelmaschine\/","title":{"rendered":"ARYA INTEGRIERTE STRETCHWICKELMASCHINE"},"content":{"rendered":"\t\t<div data-elementor-type=\"wp-page\" data-elementor-id=\"1552\" class=\"elementor elementor-1552 elementor-1444\" data-elementor-post-type=\"page\">\n\t\t\t\t\t\t<section class=\"elementor-section elementor-top-section elementor-element elementor-element-0ea3939 elementor-section-content-middle elementor-section-boxed elementor-section-height-default elementor-section-height-default\" data-id=\"0ea3939\" data-element_type=\"section\" data-e-type=\"section\">\n\t\t\t\t\t\t<div class=\"elementor-container elementor-column-gap-default\">\n\t\t\t\t\t<div class=\"elementor-column elementor-col-50 elementor-top-column elementor-element elementor-element-a7582c9\" data-id=\"a7582c9\" data-element_type=\"column\" data-e-type=\"column\">\n\t\t\t<div class=\"elementor-widget-wrap elementor-element-populated\">\n\t\t\t\t\t\t<div class=\"elementor-element elementor-element-066be17 elementor-widget elementor-widget-heading\" data-id=\"066be17\" data-element_type=\"widget\" data-e-type=\"widget\" data-widget_type=\"heading.default\">\n\t\t\t\t<div class=\"elementor-widget-container\">\n\t\t\t\t\t<h1 class=\"elementor-heading-title elementor-size-default\">ARYA INTEGRIERTE STRETCHWICKELMASCHINE<\/h1>\t\t\t\t<\/div>\n\t\t\t\t<\/div>\n\t\t\t\t\t<\/div>\n\t\t<\/div>\n\t\t\t\t<div class=\"elementor-column elementor-col-50 elementor-top-column elementor-element elementor-element-bb7457c\" data-id=\"bb7457c\" data-element_type=\"column\" data-e-type=\"column\">\n\t\t\t<div class=\"elementor-widget-wrap elementor-element-populated\">\n\t\t\t\t\t\t<div class=\"elementor-element elementor-element-3cd2706 elementor-widget elementor-widget-image\" data-id=\"3cd2706\" data-element_type=\"widget\" data-e-type=\"widget\" data-widget_type=\"image.default\">\n\t\t\t\t<div class=\"elementor-widget-container\">\n\t\t\t\t\t\t\t\t\t\t\t\t\t\t\t<img decoding=\"async\" src=\"https:\/\/www.naturefresh.eu\/wp-content\/uploads\/elementor\/thumbs\/Arya-scaled-qnewt5j8ajajtl5dmuywoqrclfc0wqz90vp86xy7g6.jpg\" title=\"converted PNM file\" alt=\"converted PNM file\" loading=\"lazy\" \/>\t\t\t\t\t\t\t\t\t\t\t\t\t\t\t<\/div>\n\t\t\t\t<\/div>\n\t\t\t\t\t<\/div>\n\t\t<\/div>\n\t\t\t\t\t<\/div>\n\t\t<\/section>\n\t\t\t\t<section class=\"elementor-section elementor-top-section elementor-element elementor-element-3272faa elementor-section-boxed elementor-section-height-default elementor-section-height-default\" data-id=\"3272faa\" data-element_type=\"section\" data-e-type=\"section\">\n\t\t\t\t\t\t<div class=\"elementor-container elementor-column-gap-default\">\n\t\t\t\t\t<div class=\"elementor-column elementor-col-100 elementor-top-column elementor-element elementor-element-fb89839\" data-id=\"fb89839\" data-element_type=\"column\" data-e-type=\"column\">\n\t\t\t<div class=\"elementor-widget-wrap elementor-element-populated\">\n\t\t\t\t\t\t<div class=\"elementor-element elementor-element-abd2913 elementor-widget elementor-widget-text-editor\" data-id=\"abd2913\" data-element_type=\"widget\" data-e-type=\"widget\" data-widget_type=\"text-editor.default\">\n\t\t\t\t<div class=\"elementor-widget-container\">\n\t\t\t\t\t\t\t\t\t<p>Neue <strong>integrierte Verpackungsmaschine<\/strong>, die von der Fabbri Group in Zusammenarbeit mit ESPERA entwickelt wurde.<\/p><p class=\"p1\">Arya ist eine vollautomatische <strong>Verpackungs-, Wiege- und Etikettiermaschine<\/strong>, die in Kombination mit der von der Fabbri Group entwickelten kompostierbaren Frischhaltefolie mit <strong>Nature Fresh<\/strong>-Zertifikat (Norm EN 13432) und mit <strong>kompostierbaren<\/strong> <strong>Etiketten<\/strong> betrieben wird, die von Espera im Vergleich zu herk\u00f6mmlichen nicht kompostierbaren Etiketten gekennzeichnet und getestet wurden. Diese Maschine bietet eine <strong>vollst\u00e4ndig kompostierbare Verpackungsl\u00f6sung<\/strong>.<\/p>\t\t\t\t\t\t\t\t<\/div>\n\t\t\t\t<\/div>\n\t\t\t\t\t<\/div>\n\t\t<\/div>\n\t\t\t\t\t<\/div>\n\t\t<\/section>\n\t\t\t\t<\/div>\n\t\t","protected":false},"excerpt":{"rendered":"<p>ARYA INTEGRIERTE STRETCHWICKELMASCHINE Neue integrierte Verpackungsmaschine, die von der Fabbri Group in Zusammenarbeit mit ESPERA entwickelt wurde. Arya ist eine vollautomatische Verpackungs-, Wiege- und Etikettiermaschine, die in Kombination mit der von der Fabbri Group entwickelten kompostierbaren Frischhaltefolie mit Nature Fresh-Zertifikat (Norm EN 13432) und mit kompostierbaren Etiketten betrieben wird, die von Espera im Vergleich zu&hellip;&nbsp;<a href=\"https:\/\/www.naturefresh.eu\/de\/das-projekt\/arya-integrierte-stretchwickelmaschine\/\" rel=\"bookmark\">Weiterlesen &raquo;<span class=\"screen-reader-text\">ARYA INTEGRIERTE STRETCHWICKELMASCHINE<\/span><\/a><\/p>\n","protected":false},"author":1,"featured_media":0,"parent":1544,"menu_order":0,"comment_status":"closed","ping_status":"closed","template":"page-templates\/template-pagebuilder-full-width.php","meta":{"neve_meta_sidebar":"","neve_meta_container":"","neve_meta_enable_content_width":"","neve_meta_content_width":0,"neve_meta_title_alignment":"","neve_meta_author_avatar":"","neve_post_elements_order":"","neve_meta_disable_header":"","neve_meta_disable_footer":"","neve_meta_disable_title":"","footnotes":""},"class_list":["post-1552","page","type-page","status-publish","hentry"],"_links":{"self":[{"href":"https:\/\/www.naturefresh.eu\/de\/wp-json\/wp\/v2\/pages\/1552","targetHints":{"allow":["GET"]}}],"collection":[{"href":"https:\/\/www.naturefresh.eu\/de\/wp-json\/wp\/v2\/pages"}],"about":[{"href":"https:\/\/www.naturefresh.eu\/de\/wp-json\/wp\/v2\/types\/page"}],"author":[{"embeddable":true,"href":"https:\/\/www.naturefresh.eu\/de\/wp-json\/wp\/v2\/users\/1"}],"replies":[{"embeddable":true,"href":"https:\/\/www.naturefresh.eu\/de\/wp-json\/wp\/v2\/comments?post=1552"}],"version-history":[{"count":10,"href":"https:\/\/www.naturefresh.eu\/de\/wp-json\/wp\/v2\/pages\/1552\/revisions"}],"predecessor-version":[{"id":1576,"href":"https:\/\/www.naturefresh.eu\/de\/wp-json\/wp\/v2\/pages\/1552\/revisions\/1576"}],"up":[{"embeddable":true,"href":"https:\/\/www.naturefresh.eu\/de\/wp-json\/wp\/v2\/pages\/1544"}],"wp:attachment":[{"href":"https:\/\/www.naturefresh.eu\/de\/wp-json\/wp\/v2\/media?parent=1552"}],"curies":[{"name":"wp","href":"https:\/\/api.w.org\/{rel}","templated":true}]}}