{"id":1544,"date":"2021-12-17T15:26:04","date_gmt":"2021-12-17T15:26:04","guid":{"rendered":"https:\/\/www.naturefresh.eu\/the-project\/"},"modified":"2022-02-05T15:49:01","modified_gmt":"2022-02-05T15:49:01","slug":"das-projekt","status":"publish","type":"page","link":"https:\/\/www.naturefresh.eu\/de\/das-projekt\/","title":{"rendered":"Das Projekt"},"content":{"rendered":"\t\t<div data-elementor-type=\"wp-page\" data-elementor-id=\"1544\" class=\"elementor elementor-1544 elementor-28\" data-elementor-post-type=\"page\">\n\t\t\t\t\t\t<section class=\"elementor-section elementor-top-section elementor-element elementor-element-d58ea62 elementor-section-content-middle elementor-section-full_width elementor-section-height-min-height elementor-section-height-default elementor-section-items-middle\" data-id=\"d58ea62\" data-element_type=\"section\" data-e-type=\"section\" data-settings=\"{&quot;background_background&quot;:&quot;classic&quot;}\">\n\t\t\t\t\t\t<div class=\"elementor-container elementor-column-gap-default\">\n\t\t\t\t\t<div class=\"elementor-column elementor-col-100 elementor-top-column elementor-element elementor-element-978314f\" data-id=\"978314f\" data-element_type=\"column\" data-e-type=\"column\">\n\t\t\t<div class=\"elementor-widget-wrap elementor-element-populated\">\n\t\t\t\t\t\t<div class=\"elementor-element elementor-element-fe4411c titlePage elementor-widget elementor-widget-heading\" data-id=\"fe4411c\" data-element_type=\"widget\" data-e-type=\"widget\" data-widget_type=\"heading.default\">\n\t\t\t\t<div class=\"elementor-widget-container\">\n\t\t\t\t\t<h1 class=\"elementor-heading-title elementor-size-default\">Das Projekt<\/h1>\t\t\t\t<\/div>\n\t\t\t\t<\/div>\n\t\t\t\t\t<\/div>\n\t\t<\/div>\n\t\t\t\t\t<\/div>\n\t\t<\/section>\n\t\t\t\t<section class=\"elementor-section elementor-top-section elementor-element elementor-element-4289a2a elementor-section-content-middle elementor-section-boxed elementor-section-height-default elementor-section-height-default\" data-id=\"4289a2a\" data-element_type=\"section\" data-e-type=\"section\" data-settings=\"{&quot;background_background&quot;:&quot;classic&quot;}\">\n\t\t\t\t\t\t<div class=\"elementor-container elementor-column-gap-default\">\n\t\t\t\t\t<div class=\"elementor-column elementor-col-100 elementor-top-column elementor-element elementor-element-b10cbf9\" data-id=\"b10cbf9\" data-element_type=\"column\" data-e-type=\"column\">\n\t\t\t<div class=\"elementor-widget-wrap elementor-element-populated\">\n\t\t\t\t\t\t<div class=\"elementor-element elementor-element-5e04df4 elementor-widget elementor-widget-text-editor\" data-id=\"5e04df4\" data-element_type=\"widget\" data-e-type=\"widget\" data-widget_type=\"text-editor.default\">\n\t\t\t\t<div class=\"elementor-widget-container\">\n\t\t\t\t\t\t\t\t\t<p>Vor dem Hintergrund des k\u00fcrzlich ver\u00f6ffentlichten Dokuments \u201c<u>A European Strategy for Plastics in a Circular Economy<\/u>\u201d bem\u00fchen sich alle am Lebenszyklus von Kunststoffverpackungen beteiligten Akteure um eine L\u00f6sung, die eine m\u00f6gliche Verschmutzung durch Kunststoffe vermeiden k\u00f6nnte.<\/p><p>Jede Marktforschung zu diesem Thema zeigt, dass sowohl die Verbraucher als auch die Einzelh\u00e4ndler die Hersteller auffordern, die Verwendung von Kunststoffen in Verpackungen zu reduzieren.<\/p><p><img fetchpriority=\"high\" decoding=\"async\" class=\"size-full wp-image-868 aligncenter\" src=\"https:\/\/www.naturefresh.eu\/wp-content\/uploads\/2021\/12\/Packaging-and-Sustainability-in-Europe-1.jpg\" alt=\"\" width=\"1209\" height=\"654\" srcset=\"https:\/\/www.naturefresh.eu\/wp-content\/uploads\/2021\/12\/Packaging-and-Sustainability-in-Europe-1.jpg 1209w, https:\/\/www.naturefresh.eu\/wp-content\/uploads\/2021\/12\/Packaging-and-Sustainability-in-Europe-1-300x162.jpg 300w, https:\/\/www.naturefresh.eu\/wp-content\/uploads\/2021\/12\/Packaging-and-Sustainability-in-Europe-1-1024x554.jpg 1024w, https:\/\/www.naturefresh.eu\/wp-content\/uploads\/2021\/12\/Packaging-and-Sustainability-in-Europe-1-768x415.jpg 768w\" sizes=\"(max-width: 1209px) 100vw, 1209px\" \/><\/p>\t\t\t\t\t\t\t\t<\/div>\n\t\t\t\t<\/div>\n\t\t\t\t\t<\/div>\n\t\t<\/div>\n\t\t\t\t\t<\/div>\n\t\t<\/section>\n\t\t\t\t<section class=\"elementor-section elementor-top-section elementor-element elementor-element-3ba47cd elementor-section-content-middle elementor-section-boxed elementor-section-height-default elementor-section-height-default\" data-id=\"3ba47cd\" data-element_type=\"section\" data-e-type=\"section\" data-settings=\"{&quot;background_background&quot;:&quot;classic&quot;}\">\n\t\t\t\t\t\t<div class=\"elementor-container elementor-column-gap-default\">\n\t\t\t\t\t<div class=\"elementor-column elementor-col-100 elementor-top-column elementor-element elementor-element-1d6aef9\" data-id=\"1d6aef9\" data-element_type=\"column\" data-e-type=\"column\">\n\t\t\t<div class=\"elementor-widget-wrap elementor-element-populated\">\n\t\t\t\t\t\t<div class=\"elementor-element elementor-element-5a86f5a elementor-widget elementor-widget-text-editor\" data-id=\"5a86f5a\" data-element_type=\"widget\" data-e-type=\"widget\" data-widget_type=\"text-editor.default\">\n\t\t\t\t<div class=\"elementor-widget-container\">\n\t\t\t\t\t\t\t\t\t<p>Ein betr\u00e4chtlicher Prozentsatz der europ\u00e4ischen Verbraucher best\u00e4tigt, dass sie bereit sind, mehr Geld auszugeben, um eine Verpackungsfolie zu erhalten, die zu 100 % recycelt oder vollst\u00e4ndig biologisch abgebaut werden kann.<\/p><p>Im Einzelnen fordern Einzelh\u00e4ndler und die Verpackungsindustrie eine vollst\u00e4ndig kompostierbare, aber dennoch leistungsf\u00e4hige Verpackungsl\u00f6sung zusammen mit einfach zu bedienenden und kosteng\u00fcnstigen Verpackungsmaschinen.<\/p><p class=\"p1\" style=\"padding-bottom: 0px; margin-bottom: 0px;\">Die wichtigsten Schlagworte, auf die sich jede Innovation im Bereich der Lebensmittelverpackung st\u00fctzt, sind heute:<\/p><ul class=\"ul1\" style=\"margin-left: 30px; margin-bottom: 15px;\"><li class=\"li1\" style=\"list-style-type: circle;\">Kompostierbare Verpackungen<\/li><li class=\"li1\" style=\"list-style-type: circle;\">Kreislaufwirtschaft<\/li><li class=\"li1\" style=\"list-style-type: circle;\">Erneuerbare Ressourcen<\/li><li class=\"li1\" style=\"list-style-type: circle;\">Ressourceneffizienz<\/li><li class=\"li1\" style=\"list-style-type: circle;\">Wiederverwertbarkeit<\/li><\/ul><p>Das von der <u>Fabbri Group<\/u> geleitete Nature Fresh-<u>Konsortium<\/u> geht von der \u00dcberlegung aus, dass kompostierbare Kunststoffe die F\u00e4higkeit besitzen, sich auf biologischem Wege sicher und relativ schnell in die Rohstoffe der Natur aufzul\u00f6sen und der Umwelt (dem Boden) als Kompostanreicherung n\u00fctzlich zu sein.<\/p><p><img decoding=\"async\" class=\"size-full wp-image-596 aligncenter\" src=\"https:\/\/www.naturefresh.eu\/wp-content\/uploads\/2021\/12\/Circoli-organic-recycling-bis-Progetto-Europeo.jpg\" alt=\"\" width=\"688\" height=\"384\" srcset=\"https:\/\/www.naturefresh.eu\/wp-content\/uploads\/2021\/12\/Circoli-organic-recycling-bis-Progetto-Europeo.jpg 688w, https:\/\/www.naturefresh.eu\/wp-content\/uploads\/2021\/12\/Circoli-organic-recycling-bis-Progetto-Europeo-300x167.jpg 300w\" sizes=\"(max-width: 688px) 100vw, 688px\" \/><\/p>\t\t\t\t\t\t\t\t<\/div>\n\t\t\t\t<\/div>\n\t\t\t\t\t<\/div>\n\t\t<\/div>\n\t\t\t\t\t<\/div>\n\t\t<\/section>\n\t\t\t\t<section class=\"elementor-section elementor-top-section elementor-element elementor-element-f99658b elementor-section-boxed elementor-section-height-default elementor-section-height-default\" data-id=\"f99658b\" data-element_type=\"section\" data-e-type=\"section\">\n\t\t\t\t\t\t<div class=\"elementor-container elementor-column-gap-default\">\n\t\t\t\t\t<div class=\"elementor-column elementor-col-100 elementor-top-column elementor-element elementor-element-687f561\" data-id=\"687f561\" data-element_type=\"column\" data-e-type=\"column\">\n\t\t\t<div class=\"elementor-widget-wrap elementor-element-populated\">\n\t\t\t\t\t\t<div class=\"elementor-element elementor-element-9cb46fc elementor-widget elementor-widget-text-editor\" data-id=\"9cb46fc\" data-element_type=\"widget\" data-e-type=\"widget\" data-widget_type=\"text-editor.default\">\n\t\t\t\t<div class=\"elementor-widget-container\">\n\t\t\t\t\t\t\t\t\t<p style=\"padding-bottom: 0px; margin-bottom: 0px;\">Innerhalb eines Zeitraums von 30 Monaten (von Juli 2019 bis Dezember 2021) entwickelt das Konsortium eine neue Plattformtechnologie auf der Grundlage von:<\/p><ul style=\"margin-left: 30px; margin-bottom: 15px;\"><li style=\"list-style-type: circle;\">Einer <u>zertifizierten kompostierbaren Frischhaltefolie<\/u>.<\/li><li style=\"list-style-type: circle;\">Einer <u>industriellen Verpackungsmaschine<\/u>, die mit kompostierbarer Folie, Schalen, Etiketten und deren Etikettierern kompatibel ist.<\/li><li style=\"list-style-type: circle;\">Eine <u>integrierte Verpackungsmaschine<\/u> f\u00fcr den Einzelhandel, die ebenfalls mit den oben genannten Komponenten kompatibel ist.<\/li><\/ul><p>Das Projekt Nature Fresh richtet sich speziell an den gesamten Verpackungsmarkt f\u00fcr frische Lebensmittel (wei\u00dfes und rotes Fleisch, Fisch, Molkereiprodukte, Obst, Gem\u00fcse, alternative Proteine, Fertiggerichte&#8230;).<\/p>\t\t\t\t\t\t\t\t<\/div>\n\t\t\t\t<\/div>\n\t\t\t\t<div class=\"elementor-element elementor-element-d60957b elementor-widget elementor-widget-image\" data-id=\"d60957b\" data-element_type=\"widget\" data-e-type=\"widget\" data-widget_type=\"image.default\">\n\t\t\t\t<div class=\"elementor-widget-container\">\n\t\t\t\t\t\t\t\t\t\t\t\t<figure class=\"wp-caption\">\n\t\t\t\t\t\t\t\t\t\t<img decoding=\"async\" src=\"https:\/\/www.naturefresh.eu\/wp-content\/uploads\/elementor\/thumbs\/Nature_Fresh_ProdottiEtichettati-qnewt6h3p83palxgk7k8u7j5uaytibbinbg1snv25c.png\" title=\"Nature_Fresh_ProdottiEtichettati\" alt=\"Nature_Fresh_ProdottiEtichettati\" loading=\"lazy\" \/>\t\t\t\t\t\t\t\t\t\t\t<figcaption class=\"widget-image-caption wp-caption-text\"><\/figcaption>\n\t\t\t\t\t\t\t\t\t\t<\/figure>\n\t\t\t\t\t\t\t\t\t<\/div>\n\t\t\t\t<\/div>\n\t\t\t\t\t<\/div>\n\t\t<\/div>\n\t\t\t\t\t<\/div>\n\t\t<\/section>\n\t\t\t\t<section class=\"elementor-section elementor-top-section elementor-element elementor-element-834445e elementor-section-boxed elementor-section-height-default elementor-section-height-default\" data-id=\"834445e\" data-element_type=\"section\" data-e-type=\"section\" data-settings=\"{&quot;background_background&quot;:&quot;classic&quot;}\">\n\t\t\t\t\t\t<div class=\"elementor-container elementor-column-gap-default\">\n\t\t\t\t\t<div class=\"elementor-column elementor-col-100 elementor-top-column elementor-element elementor-element-fc1d2b8\" data-id=\"fc1d2b8\" data-element_type=\"column\" data-e-type=\"column\">\n\t\t\t<div class=\"elementor-widget-wrap elementor-element-populated\">\n\t\t\t\t\t\t<div class=\"elementor-element elementor-element-a409329 elementor-arrows-position-outside elementor-pagination-position-outside elementor-widget elementor-widget-image-carousel\" data-id=\"a409329\" data-element_type=\"widget\" data-e-type=\"widget\" data-settings=\"{&quot;navigation&quot;:&quot;both&quot;,&quot;autoplay&quot;:&quot;yes&quot;,&quot;pause_on_hover&quot;:&quot;yes&quot;,&quot;pause_on_interaction&quot;:&quot;yes&quot;,&quot;autoplay_speed&quot;:5000,&quot;infinite&quot;:&quot;yes&quot;,&quot;speed&quot;:500,&quot;image_spacing_custom&quot;:{&quot;unit&quot;:&quot;px&quot;,&quot;size&quot;:20,&quot;sizes&quot;:[]},&quot;image_spacing_custom_tablet&quot;:{&quot;unit&quot;:&quot;px&quot;,&quot;size&quot;:&quot;&quot;,&quot;sizes&quot;:[]},&quot;image_spacing_custom_mobile&quot;:{&quot;unit&quot;:&quot;px&quot;,&quot;size&quot;:&quot;&quot;,&quot;sizes&quot;:[]}}\" data-widget_type=\"image-carousel.default\">\n\t\t\t\t<div class=\"elementor-widget-container\">\n\t\t\t\t\t\t\t<div class=\"elementor-image-carousel-wrapper swiper\" role=\"region\" aria-roledescription=\"carousel\" aria-label=\"Bild Karussell\" dir=\"ltr\">\n\t\t\t<div class=\"elementor-image-carousel swiper-wrapper\" aria-live=\"off\">\n\t\t\t\t\t\t\t\t<div class=\"swiper-slide\" role=\"group\" aria-roledescription=\"slide\" aria-label=\"1 von 6\"><figure class=\"swiper-slide-inner\"><img decoding=\"async\" class=\"swiper-slide-image\" src=\"https:\/\/www.naturefresh.eu\/wp-content\/uploads\/2021\/12\/MeleGialle_NF_etichetta.png\" alt=\"MeleGialle_NF_etichetta\" \/><\/figure><\/div><div class=\"swiper-slide\" role=\"group\" aria-roledescription=\"slide\" aria-label=\"2 von 6\"><figure class=\"swiper-slide-inner\"><img decoding=\"async\" class=\"swiper-slide-image\" src=\"https:\/\/www.naturefresh.eu\/wp-content\/uploads\/2021\/12\/Carote_NF_etichetta.png\" alt=\"Carote_NF_etichetta\" \/><\/figure><\/div><div class=\"swiper-slide\" role=\"group\" aria-roledescription=\"slide\" aria-label=\"3 von 6\"><figure class=\"swiper-slide-inner\"><img decoding=\"async\" class=\"swiper-slide-image\" src=\"https:\/\/www.naturefresh.eu\/wp-content\/uploads\/2021\/12\/Hamburger_NF_etichetta.png\" alt=\"Hamburger_NF_etichetta\" \/><\/figure><\/div><div class=\"swiper-slide\" role=\"group\" aria-roledescription=\"slide\" aria-label=\"4 von 6\"><figure class=\"swiper-slide-inner\"><img decoding=\"async\" class=\"swiper-slide-image\" src=\"https:\/\/www.naturefresh.eu\/wp-content\/uploads\/2021\/12\/Pollo_NF_etichetta.png\" alt=\"Pollo_NF_etichetta\" \/><\/figure><\/div><div class=\"swiper-slide\" role=\"group\" aria-roledescription=\"slide\" aria-label=\"5 von 6\"><figure class=\"swiper-slide-inner\"><img decoding=\"async\" class=\"swiper-slide-image\" src=\"https:\/\/www.naturefresh.eu\/wp-content\/uploads\/2021\/12\/Pesce_NF_etichetta.png\" alt=\"Pesce_NF_etichetta\" \/><\/figure><\/div><div class=\"swiper-slide\" role=\"group\" aria-roledescription=\"slide\" aria-label=\"6 von 6\"><figure class=\"swiper-slide-inner\"><img decoding=\"async\" class=\"swiper-slide-image\" src=\"https:\/\/www.naturefresh.eu\/wp-content\/uploads\/2021\/12\/Formaggio_NF_etichetta.png\" alt=\"Formaggio_NF_etichetta\" \/><\/figure><\/div>\t\t\t<\/div>\n\t\t\t\t\t\t\t\t\t\t\t\t<div class=\"elementor-swiper-button elementor-swiper-button-prev\" role=\"button\" tabindex=\"0\">\n\t\t\t\t\t\t<i aria-hidden=\"true\" class=\"eicon-chevron-left\"><\/i>\t\t\t\t\t<\/div>\n\t\t\t\t\t<div class=\"elementor-swiper-button elementor-swiper-button-next\" role=\"button\" tabindex=\"0\">\n\t\t\t\t\t\t<i aria-hidden=\"true\" class=\"eicon-chevron-right\"><\/i>\t\t\t\t\t<\/div>\n\t\t\t\t\n\t\t\t\t\t\t\t\t\t<div class=\"swiper-pagination\"><\/div>\n\t\t\t\t\t\t\t\t\t<\/div>\n\t\t\t\t\t\t<\/div>\n\t\t\t\t<\/div>\n\t\t\t\t\t<\/div>\n\t\t<\/div>\n\t\t\t\t\t<\/div>\n\t\t<\/section>\n\t\t\t\t<section class=\"elementor-section elementor-top-section elementor-element elementor-element-2d66745 elementor-section-content-middle elementor-section-boxed elementor-section-height-default elementor-section-height-default\" data-id=\"2d66745\" data-element_type=\"section\" data-e-type=\"section\" data-settings=\"{&quot;background_background&quot;:&quot;classic&quot;}\">\n\t\t\t\t\t\t<div class=\"elementor-container elementor-column-gap-default\">\n\t\t\t\t\t<div class=\"elementor-column elementor-col-100 elementor-top-column elementor-element elementor-element-f9a72fe\" data-id=\"f9a72fe\" data-element_type=\"column\" data-e-type=\"column\">\n\t\t\t<div class=\"elementor-widget-wrap elementor-element-populated\">\n\t\t\t\t\t\t<div class=\"elementor-element elementor-element-68374ff elementor-widget elementor-widget-text-editor\" data-id=\"68374ff\" data-element_type=\"widget\" data-e-type=\"widget\" data-widget_type=\"text-editor.default\">\n\t\t\t\t<div class=\"elementor-widget-container\">\n\t\t\t\t\t\t\t\t\t<p class=\"p2\">Im Rahmen dieses FTI-Projekts wird das Konsortium alle relevanten Aktivit\u00e4ten durchf\u00fchren, um die Nature Fresh-L\u00f6sung zu entwickeln und zu vermarkten, wie z. B. die <strong>kommerzielle Herstellung der kompostierbaren Folie, das Design und die Entwicklung der automatischen Verpackungsmaschinen, das Design und die Entwicklung des kompostierbaren Etikettenapplikators, die Erlangung der beh\u00f6rdlichen Genehmigungen und die Durchf\u00fchrung von Endnutzertests<\/strong>, um die Marktakzeptanz und <strong>einen raschen Markteintritt bis zum zweiten Quartal 2022 zu erreichen<\/strong>.<\/p>\t\t\t\t\t\t\t\t<\/div>\n\t\t\t\t<\/div>\n\t\t\t\t<div class=\"elementor-element elementor-element-ecc7d56 elementor-widget elementor-widget-image\" data-id=\"ecc7d56\" data-element_type=\"widget\" data-e-type=\"widget\" data-widget_type=\"image.default\">\n\t\t\t\t<div class=\"elementor-widget-container\">\n\t\t\t\t\t\t\t\t\t\t\t\t\t\t\t<img decoding=\"async\" width=\"1010\" height=\"585\" src=\"https:\/\/www.naturefresh.eu\/wp-content\/uploads\/2021\/12\/Nature-Fresh.png\" class=\"attachment-large size-large wp-image-492\" alt=\"\" srcset=\"https:\/\/www.naturefresh.eu\/wp-content\/uploads\/2021\/12\/Nature-Fresh.png 1010w, https:\/\/www.naturefresh.eu\/wp-content\/uploads\/2021\/12\/Nature-Fresh-300x174.png 300w, https:\/\/www.naturefresh.eu\/wp-content\/uploads\/2021\/12\/Nature-Fresh-768x445.png 768w\" sizes=\"(max-width: 1010px) 100vw, 1010px\" \/>\t\t\t\t\t\t\t\t\t\t\t\t\t\t\t<\/div>\n\t\t\t\t<\/div>\n\t\t\t\t<div class=\"elementor-element elementor-element-edbb0cf elementor-widget elementor-widget-text-editor\" data-id=\"edbb0cf\" data-element_type=\"widget\" data-e-type=\"widget\" data-widget_type=\"text-editor.default\">\n\t\t\t\t<div class=\"elementor-widget-container\">\n\t\t\t\t\t\t\t\t\t<p>Zwei Jahre nach ihrer offiziellen Markteinf\u00fchrung hat die von Nature Fresh zertifizierte kompostierbare Frischhaltefolie der Fabbri Group auf europ\u00e4ischer Ebene gute bis sehr gute Leistungen in Bezug auf Festigkeit, Transparenz, Durchl\u00e4ssigkeit, Dehnbarkeit und Verkauf bewiesen und dient auch dem Zweck, die Lebensmittelverschwendung zu begrenzen.<\/p><p>Das Projekt Nature Fresh bietet somit Einzelh\u00e4ndlern, Lebensmittelverarbeitern und der Allgemeinheit direkte \u00f6kologische und humanit\u00e4re Vorteile und schafft die M\u00f6glichkeit, die Verwendung von Plastik zu reduzieren.<\/p><p>Gleichzeitig wird die neue L\u00f6sung die Kundenunternehmen bei der Erf\u00fcllung von Nachhaltigkeitsinitiativen und -berichten unterst\u00fctzen.<\/p><ul style=\"margin-top: 20px; margin-left: 30px; margin-bottom: 15px;\"><li style=\"list-style-type: circle;\"><b><a href=\"\/de\/das-projekt\/nature-fresh-zertifizierte-kompostierbare-frischhaltefolie\/\"><strong>NATURE FRESH ZERTIFIZIERTE KOMPOSTIERBARE FRISCHHALTEFOLIE<\/strong> &gt;&gt;<\/a><\/b><\/li><li class=\"li1\" style=\"list-style-type: circle;\"><b><a href=\"\/de\/das-projekt\/automac-dual-automac-industrial-maschinen\/\"><strong>AUTOMAC DUAL &amp; AUTOMAC INDUSTRIAL MASCHINEN<\/strong> &gt;&gt;<\/a><\/b><\/li><li class=\"li1\" style=\"list-style-type: circle;\"><b><a href=\"\/de\/das-projekt\/arya-integrierte-stretchwickelmaschine\/\"><strong>ARYA INTEGRIERTE STRETCHWICKELMASCHINE<\/strong> &gt;&gt;<\/a><\/b><\/li><li class=\"li1\" style=\"list-style-type: circle;\"><b><a href=\"\/de\/das-projekt\/espera-etikettiermaschine\/\"><strong>ESPERA ETIKETTIERMASCHINE<\/strong> &gt;&gt;<\/a><\/b><\/li><\/ul>\t\t\t\t\t\t\t\t<\/div>\n\t\t\t\t<\/div>\n\t\t\t\t<div class=\"elementor-element elementor-element-b063457 elementor-widget elementor-widget-image\" data-id=\"b063457\" data-element_type=\"widget\" data-e-type=\"widget\" data-widget_type=\"image.default\">\n\t\t\t\t<div class=\"elementor-widget-container\">\n\t\t\t\t\t\t\t\t\t\t\t\t\t\t\t<img loading=\"lazy\" decoding=\"async\" width=\"1024\" height=\"427\" src=\"https:\/\/www.naturefresh.eu\/wp-content\/uploads\/2021\/12\/Composting-Nature_Fresh-1024x427.jpg\" class=\"attachment-large size-large wp-image-444\" alt=\"\" srcset=\"https:\/\/www.naturefresh.eu\/wp-content\/uploads\/2021\/12\/Composting-Nature_Fresh-1024x427.jpg 1024w, https:\/\/www.naturefresh.eu\/wp-content\/uploads\/2021\/12\/Composting-Nature_Fresh-300x125.jpg 300w, https:\/\/www.naturefresh.eu\/wp-content\/uploads\/2021\/12\/Composting-Nature_Fresh-768x320.jpg 768w, https:\/\/www.naturefresh.eu\/wp-content\/uploads\/2021\/12\/Composting-Nature_Fresh-1536x640.jpg 1536w, https:\/\/www.naturefresh.eu\/wp-content\/uploads\/2021\/12\/Composting-Nature_Fresh.jpg 1656w\" sizes=\"(max-width: 1024px) 100vw, 1024px\" \/>\t\t\t\t\t\t\t\t\t\t\t\t\t\t\t<\/div>\n\t\t\t\t<\/div>\n\t\t\t\t\t<\/div>\n\t\t<\/div>\n\t\t\t\t\t<\/div>\n\t\t<\/section>\n\t\t\t\t<\/div>\n\t\t","protected":false},"excerpt":{"rendered":"<p>Das Projekt Vor dem Hintergrund des k\u00fcrzlich ver\u00f6ffentlichten Dokuments \u201cA European Strategy for Plastics in a Circular Economy\u201d bem\u00fchen sich alle am Lebenszyklus von Kunststoffverpackungen beteiligten Akteure um eine L\u00f6sung, die eine m\u00f6gliche Verschmutzung durch Kunststoffe vermeiden k\u00f6nnte. Jede Marktforschung zu diesem Thema zeigt, dass sowohl die Verbraucher als auch die Einzelh\u00e4ndler die Hersteller auffordern,&hellip;&nbsp;<a href=\"https:\/\/www.naturefresh.eu\/de\/das-projekt\/\" rel=\"bookmark\">Weiterlesen &raquo;<span class=\"screen-reader-text\">Das Projekt<\/span><\/a><\/p>\n","protected":false},"author":1,"featured_media":0,"parent":0,"menu_order":0,"comment_status":"closed","ping_status":"closed","template":"elementor_header_footer","meta":{"neve_meta_sidebar":"full-width","neve_meta_container":"","neve_meta_enable_content_width":"on","neve_meta_content_width":100,"neve_meta_title_alignment":"","neve_meta_author_avatar":"","neve_post_elements_order":"","neve_meta_disable_header":"","neve_meta_disable_footer":"","neve_meta_disable_title":"","footnotes":""},"class_list":["post-1544","page","type-page","status-publish","hentry"],"_links":{"self":[{"href":"https:\/\/www.naturefresh.eu\/de\/wp-json\/wp\/v2\/pages\/1544","targetHints":{"allow":["GET"]}}],"collection":[{"href":"https:\/\/www.naturefresh.eu\/de\/wp-json\/wp\/v2\/pages"}],"about":[{"href":"https:\/\/www.naturefresh.eu\/de\/wp-json\/wp\/v2\/types\/page"}],"author":[{"embeddable":true,"href":"https:\/\/www.naturefresh.eu\/de\/wp-json\/wp\/v2\/users\/1"}],"replies":[{"embeddable":true,"href":"https:\/\/www.naturefresh.eu\/de\/wp-json\/wp\/v2\/comments?post=1544"}],"version-history":[{"count":7,"href":"https:\/\/www.naturefresh.eu\/de\/wp-json\/wp\/v2\/pages\/1544\/revisions"}],"predecessor-version":[{"id":1579,"href":"https:\/\/www.naturefresh.eu\/de\/wp-json\/wp\/v2\/pages\/1544\/revisions\/1579"}],"wp:attachment":[{"href":"https:\/\/www.naturefresh.eu\/de\/wp-json\/wp\/v2\/media?parent=1544"}],"curies":[{"name":"wp","href":"https:\/\/api.w.org\/{rel}","templated":true}]}}