{"id":1539,"date":"2020-01-13T11:08:58","date_gmt":"2020-01-13T11:08:58","guid":{"rendered":"https:\/\/www.naturefresh.eu\/home\/"},"modified":"2022-02-05T16:08:22","modified_gmt":"2022-02-05T16:08:22","slug":"startseite","status":"publish","type":"page","link":"https:\/\/www.naturefresh.eu\/de\/","title":{"rendered":"STARTSEITE"},"content":{"rendered":"\t\t<div data-elementor-type=\"wp-page\" data-elementor-id=\"1539\" class=\"elementor elementor-1539 elementor-1362\" data-elementor-post-type=\"page\">\n\t\t\t\t\t\t<section class=\"elementor-section elementor-top-section elementor-element elementor-element-6e785a1 elementor-section-height-min-height elementor-section-boxed elementor-section-height-default elementor-section-items-middle\" data-id=\"6e785a1\" data-element_type=\"section\" data-e-type=\"section\" data-settings=\"{&quot;background_background&quot;:&quot;classic&quot;}\">\n\t\t\t\t\t\t<div class=\"elementor-container elementor-column-gap-default\">\n\t\t\t\t\t<div class=\"elementor-column elementor-col-100 elementor-top-column elementor-element elementor-element-93529e5\" data-id=\"93529e5\" data-element_type=\"column\" data-e-type=\"column\">\n\t\t\t<div class=\"elementor-widget-wrap elementor-element-populated\">\n\t\t\t\t\t\t<div class=\"elementor-element elementor-element-34de459 elementor-widget elementor-widget-heading\" data-id=\"34de459\" data-element_type=\"widget\" data-e-type=\"widget\" data-widget_type=\"heading.default\">\n\t\t\t\t<div class=\"elementor-widget-container\">\n\t\t\t\t\t<h1 class=\"elementor-heading-title elementor-size-default\">Nature Fresh<\/h1>\t\t\t\t<\/div>\n\t\t\t\t<\/div>\n\t\t\t\t<div class=\"elementor-element elementor-element-aa41038 elementor-widget elementor-widget-text-editor\" data-id=\"aa41038\" data-element_type=\"widget\" data-e-type=\"widget\" data-widget_type=\"text-editor.default\">\n\t\t\t\t<div class=\"elementor-widget-container\">\n\t\t\t\t\t\t\t\t\t<p class=\"topImage\">Entwicklung und Kommerzialisierung<br \/>eines kompletten kompostierbaren<br \/>Folienverpackungssystems<\/p>\t\t\t\t\t\t\t\t<\/div>\n\t\t\t\t<\/div>\n\t\t\t\t<section class=\"elementor-section elementor-inner-section elementor-element elementor-element-e265486 elementor-section-boxed elementor-section-height-default elementor-section-height-default\" data-id=\"e265486\" data-element_type=\"section\" data-e-type=\"section\">\n\t\t\t\t\t\t<div class=\"elementor-container elementor-column-gap-default\">\n\t\t\t\t\t<div class=\"elementor-column elementor-col-50 elementor-inner-column elementor-element elementor-element-e4dd889\" data-id=\"e4dd889\" data-element_type=\"column\" data-e-type=\"column\">\n\t\t\t<div class=\"elementor-widget-wrap elementor-element-populated\">\n\t\t\t\t\t\t<div class=\"elementor-element elementor-element-9a32c0d elementor-align-right elementor-mobile-align-justify elementor-widget elementor-widget-button\" data-id=\"9a32c0d\" data-element_type=\"widget\" data-e-type=\"widget\" data-widget_type=\"button.default\">\n\t\t\t\t<div class=\"elementor-widget-container\">\n\t\t\t\t\t\t\t\t\t<div class=\"elementor-button-wrapper\">\n\t\t\t\t\t<a class=\"elementor-button elementor-button-link elementor-size-lg\" href=\"\/de\/das-projekt\/\">\n\t\t\t\t\t\t<span class=\"elementor-button-content-wrapper\">\n\t\t\t\t\t\t\t\t\t<span class=\"elementor-button-text\">THE PROJECT<\/span>\n\t\t\t\t\t<\/span>\n\t\t\t\t\t<\/a>\n\t\t\t\t<\/div>\n\t\t\t\t\t\t\t\t<\/div>\n\t\t\t\t<\/div>\n\t\t\t\t\t<\/div>\n\t\t<\/div>\n\t\t\t\t<div class=\"elementor-column elementor-col-50 elementor-inner-column elementor-element elementor-element-1597b42\" data-id=\"1597b42\" data-element_type=\"column\" data-e-type=\"column\">\n\t\t\t<div class=\"elementor-widget-wrap elementor-element-populated\">\n\t\t\t\t\t\t<div class=\"elementor-element elementor-element-29cc637 elementor-mobile-align-justify elementor-widget elementor-widget-button\" data-id=\"29cc637\" data-element_type=\"widget\" data-e-type=\"widget\" data-widget_type=\"button.default\">\n\t\t\t\t<div class=\"elementor-widget-container\">\n\t\t\t\t\t\t\t\t\t<div class=\"elementor-button-wrapper\">\n\t\t\t\t\t<a class=\"elementor-button elementor-button-link elementor-size-lg\" href=\"\/de\/arbeitspakete\/\">\n\t\t\t\t\t\t<span class=\"elementor-button-content-wrapper\">\n\t\t\t\t\t\t\t\t\t<span class=\"elementor-button-text\">WORK PACKAGES<\/span>\n\t\t\t\t\t<\/span>\n\t\t\t\t\t<\/a>\n\t\t\t\t<\/div>\n\t\t\t\t\t\t\t\t<\/div>\n\t\t\t\t<\/div>\n\t\t\t\t\t<\/div>\n\t\t<\/div>\n\t\t\t\t\t<\/div>\n\t\t<\/section>\n\t\t\t\t\t<\/div>\n\t\t<\/div>\n\t\t\t\t\t<\/div>\n\t\t<\/section>\n\t\t\t\t<section class=\"elementor-section elementor-top-section elementor-element elementor-element-d527a63 elementor-section-boxed elementor-section-height-default elementor-section-height-default\" data-id=\"d527a63\" data-element_type=\"section\" data-e-type=\"section\">\n\t\t\t\t\t\t<div class=\"elementor-container elementor-column-gap-default\">\n\t\t\t\t\t<div class=\"elementor-column elementor-col-100 elementor-top-column elementor-element elementor-element-10d97d8\" data-id=\"10d97d8\" data-element_type=\"column\" data-e-type=\"column\">\n\t\t\t<div class=\"elementor-widget-wrap elementor-element-populated\">\n\t\t\t\t\t\t<section class=\"elementor-section elementor-inner-section elementor-element elementor-element-cd9a50f elementor-section-boxed elementor-section-height-default elementor-section-height-default\" data-id=\"cd9a50f\" data-element_type=\"section\" data-e-type=\"section\">\n\t\t\t\t\t\t<div class=\"elementor-container elementor-column-gap-default\">\n\t\t\t\t\t<div class=\"elementor-column elementor-col-100 elementor-inner-column elementor-element elementor-element-bfaeb50\" data-id=\"bfaeb50\" data-element_type=\"column\" data-e-type=\"column\">\n\t\t\t<div class=\"elementor-widget-wrap elementor-element-populated\">\n\t\t\t\t\t\t<div class=\"elementor-element elementor-element-de04e50 elementor-widget elementor-widget-text-editor\" data-id=\"de04e50\" data-element_type=\"widget\" data-e-type=\"widget\" data-widget_type=\"text-editor.default\">\n\t\t\t\t<div class=\"elementor-widget-container\">\n\t\t\t\t\t\t\t\t\t<p>Nur 14 % der j\u00e4hrlich produzierten 78 Mio. Tonnen Kunststoffe werden recycelt, der restliche Teil geht ins Abwasser (32 %), wird deponiert (40 %) oder verbrannt\/energisch verwertet (14 %).<\/p><p>Aus diesem Grund ist die Kunststoffverschmutzung ein wachsendes Problem, dem sich die Menschheit stellen muss.Ist es m\u00f6glich, die Kunststoffverschmutzung in den Griff zu bekommen und gleichzeitig ein gleichwertiges Leistungsniveau f\u00fcr Frischhaltefolien beizubehalten?<\/p><p style=\"font-size: 24px;\">Die Antwort lautet:<b> JA<\/b><\/p>\t\t\t\t\t\t\t\t<\/div>\n\t\t\t\t<\/div>\n\t\t\t\t\t<\/div>\n\t\t<\/div>\n\t\t\t\t\t<\/div>\n\t\t<\/section>\n\t\t\t\t\t<\/div>\n\t\t<\/div>\n\t\t\t\t\t<\/div>\n\t\t<\/section>\n\t\t\t\t<section class=\"elementor-section elementor-top-section elementor-element elementor-element-41b08ec elementor-section-boxed elementor-section-height-default elementor-section-height-default\" data-id=\"41b08ec\" data-element_type=\"section\" data-e-type=\"section\" data-settings=\"{&quot;background_background&quot;:&quot;gradient&quot;,&quot;background_motion_fx_motion_fx_scrolling&quot;:&quot;yes&quot;,&quot;background_motion_fx_range&quot;:&quot;page&quot;,&quot;background_motion_fx_devices&quot;:[&quot;desktop&quot;,&quot;tablet&quot;,&quot;mobile&quot;]}\">\n\t\t\t\t\t\t<div class=\"elementor-container elementor-column-gap-default\">\n\t\t\t\t\t<div class=\"elementor-column elementor-col-100 elementor-top-column elementor-element elementor-element-852c516\" data-id=\"852c516\" data-element_type=\"column\" data-e-type=\"column\">\n\t\t\t<div class=\"elementor-widget-wrap elementor-element-populated\">\n\t\t\t\t\t\t<section class=\"elementor-section elementor-inner-section elementor-element elementor-element-0a330f9 elementor-section-boxed elementor-section-height-default elementor-section-height-default\" data-id=\"0a330f9\" data-element_type=\"section\" data-e-type=\"section\">\n\t\t\t\t\t\t<div class=\"elementor-container elementor-column-gap-default\">\n\t\t\t\t\t<div class=\"elementor-column elementor-col-100 elementor-inner-column elementor-element elementor-element-91f9703\" data-id=\"91f9703\" data-element_type=\"column\" data-e-type=\"column\">\n\t\t\t<div class=\"elementor-widget-wrap elementor-element-populated\">\n\t\t\t\t\t\t<div class=\"elementor-element elementor-element-18781f0 elementor-widget elementor-widget-text-editor\" data-id=\"18781f0\" data-element_type=\"widget\" data-e-type=\"widget\" data-widget_type=\"text-editor.default\">\n\t\t\t\t<div class=\"elementor-widget-container\">\n\t\t\t\t\t\t\t\t\t<p>Zusammen mit einer Verbesserung unserer Recyclingkette und -systeme sind kompostierbare Kunststoffe eine n\u00fctzliche umweltfreundliche Strategie, um dieses Problem zu l\u00f6sen. Im Rahmen des Forschungs- und Innovationsprogramms Horizont 2020 bietet das von der EU finanzierte Projekt \u201cNature Fresh\u201c eine pr\u00e4zise und wettbewerbsf\u00e4hige Antwort auf diesen Bedarf.<\/p><p>Der weltweit f\u00fchrende Anbieter von Verpackungsl\u00f6sungen f\u00fcr frische Lebensmittel, die Fabbri Group, hat dieses Projekt zusammen mit den drei europ\u00e4ischen Partnern Espera, Teixpac und CTME durchgef\u00fchrt, um eine komplette kompostierbare Verpackungsl\u00f6sung f\u00fcr den Markt f\u00fcr frische Lebensmittel (Fleisch, Fisch, Milchprodukte, Obst und Gem\u00fcse) zu entwickeln.<\/p><p><img fetchpriority=\"high\" decoding=\"async\" class=\"size-full wp-image-284 aligncenter\" src=\"https:\/\/www.naturefresh.eu\/wp-content\/uploads\/2021\/12\/Project.png\" alt=\"\" width=\"983\" height=\"440\" srcset=\"https:\/\/www.naturefresh.eu\/wp-content\/uploads\/2021\/12\/Project.png 983w, https:\/\/www.naturefresh.eu\/wp-content\/uploads\/2021\/12\/Project-300x134.png 300w, https:\/\/www.naturefresh.eu\/wp-content\/uploads\/2021\/12\/Project-768x344.png 768w\" sizes=\"(max-width: 983px) 100vw, 983px\" \/><\/p><p>Das Projekt, das sich an Einzelh\u00e4ndler und Lebensmittelverarbeiter richtet, zielt darauf ab, bis Mitte 2022 eine neue nachhaltige automatische Verpackungsl\u00f6sung zu entwickeln und zu vermarkten, die Folgendes umfasst: Eine zu 100 % kompostierbare Lebensmittelverpackungsfolie mit den erforderlichen mechanischen, optischen und durchl\u00e4ssigen Eigenschaften f\u00fcr automatische Anwendungen, zwei automatische Verpackungsmaschinen (von denen eine in einer industriellen Umgebung von Lebensmittelverarbeitern und die andere in Einzelhandelsgesch\u00e4ften betrieben werden soll), ein zu 100 % kompostierbares Etikett sowie den Klebstoff und das System\/die Maschine zum Aufbringen des Etiketts, die alle mit kompostierbaren Schalen arbeiten k\u00f6nnen.<\/p><p>St\u00f6bern Sie auf dieser Website und entdecken Sie Hintergr\u00fcnde, Inhalte und Entwickler, die das innovative <strong>Verpackungssystem Nature Fresh<\/strong> charakterisieren.<\/p>\t\t\t\t\t\t\t\t<\/div>\n\t\t\t\t<\/div>\n\t\t\t\t\t<\/div>\n\t\t<\/div>\n\t\t\t\t\t<\/div>\n\t\t<\/section>\n\t\t\t\t\t<\/div>\n\t\t<\/div>\n\t\t\t\t\t<\/div>\n\t\t<\/section>\n\t\t\t\t<section class=\"elementor-section elementor-top-section elementor-element elementor-element-8fb335b elementor-section-boxed elementor-section-height-default elementor-section-height-default\" data-id=\"8fb335b\" data-element_type=\"section\" data-e-type=\"section\">\n\t\t\t\t\t\t<div class=\"elementor-container elementor-column-gap-default\">\n\t\t\t\t\t<div class=\"elementor-column elementor-col-100 elementor-top-column elementor-element elementor-element-9f8b0c5\" data-id=\"9f8b0c5\" data-element_type=\"column\" data-e-type=\"column\">\n\t\t\t<div class=\"elementor-widget-wrap elementor-element-populated\">\n\t\t\t\t\t\t<div class=\"elementor-element elementor-element-f497d62 elementor-widget elementor-widget-text-editor\" data-id=\"f497d62\" data-element_type=\"widget\" data-e-type=\"widget\" data-widget_type=\"text-editor.default\">\n\t\t\t\t<div class=\"elementor-widget-container\">\n\t\t\t\t\t\t\t\t\t<h2 style=\"color: #076633; margin: 0px; padding-top: 4%; font-size: 30px;\">THE CONSORTIUM<\/h2>\n<p class=\"p1\" style=\"font-size: 14px; margin: 10px 0px 0px 0px;\">Leiter des Projekts Nature Fresh ist die Fabbri Group, die die neue Verpackungsl\u00f6sung in Zusammenarbeit mit 3 weiteren europ\u00e4ischen Partnern entwickelt und f\u00f6rdert:<\/p>\t\t\t\t\t\t\t\t<\/div>\n\t\t\t\t<\/div>\n\t\t\t\t\t<\/div>\n\t\t<\/div>\n\t\t\t\t\t<\/div>\n\t\t<\/section>\n\t\t\t\t<section class=\"elementor-section elementor-top-section elementor-element elementor-element-c81eec6 elementor-section-height-min-height elementor-section-boxed elementor-section-height-default elementor-section-items-middle\" data-id=\"c81eec6\" data-element_type=\"section\" data-e-type=\"section\">\n\t\t\t\t\t\t<div class=\"elementor-container elementor-column-gap-default\">\n\t\t\t\t\t<div class=\"elementor-column elementor-col-25 elementor-top-column elementor-element elementor-element-d3fa1f8\" data-id=\"d3fa1f8\" data-element_type=\"column\" data-e-type=\"column\">\n\t\t\t<div class=\"elementor-widget-wrap elementor-element-populated\">\n\t\t\t\t\t\t<div class=\"elementor-element elementor-element-1af9d0f elementor-widget elementor-widget-image\" data-id=\"1af9d0f\" data-element_type=\"widget\" data-e-type=\"widget\" data-widget_type=\"image.default\">\n\t\t\t\t<div class=\"elementor-widget-container\">\n\t\t\t\t\t\t\t\t\t\t\t\t\t\t\t<img decoding=\"async\" width=\"981\" height=\"167\" src=\"https:\/\/www.naturefresh.eu\/wp-content\/uploads\/2021\/12\/Logo_FabbriGroup.png\" class=\"attachment-full size-full wp-image-452\" alt=\"\" srcset=\"https:\/\/www.naturefresh.eu\/wp-content\/uploads\/2021\/12\/Logo_FabbriGroup.png 981w, https:\/\/www.naturefresh.eu\/wp-content\/uploads\/2021\/12\/Logo_FabbriGroup-300x51.png 300w, https:\/\/www.naturefresh.eu\/wp-content\/uploads\/2021\/12\/Logo_FabbriGroup-768x131.png 768w\" sizes=\"(max-width: 981px) 100vw, 981px\" \/>\t\t\t\t\t\t\t\t\t\t\t\t\t\t\t<\/div>\n\t\t\t\t<\/div>\n\t\t\t\t\t<\/div>\n\t\t<\/div>\n\t\t\t\t<div class=\"elementor-column elementor-col-25 elementor-top-column elementor-element elementor-element-f603e3d\" data-id=\"f603e3d\" data-element_type=\"column\" data-e-type=\"column\">\n\t\t\t<div class=\"elementor-widget-wrap elementor-element-populated\">\n\t\t\t\t\t\t<div class=\"elementor-element elementor-element-b303ecb elementor-widget elementor-widget-image\" data-id=\"b303ecb\" data-element_type=\"widget\" data-e-type=\"widget\" data-widget_type=\"image.default\">\n\t\t\t\t<div class=\"elementor-widget-container\">\n\t\t\t\t\t\t\t\t\t\t\t\t\t\t\t<img decoding=\"async\" width=\"680\" height=\"104\" src=\"https:\/\/www.naturefresh.eu\/wp-content\/uploads\/2021\/12\/espera-logo.jpg\" class=\"attachment-large size-large wp-image-464\" alt=\"\" srcset=\"https:\/\/www.naturefresh.eu\/wp-content\/uploads\/2021\/12\/espera-logo.jpg 680w, https:\/\/www.naturefresh.eu\/wp-content\/uploads\/2021\/12\/espera-logo-300x46.jpg 300w\" sizes=\"(max-width: 680px) 100vw, 680px\" \/>\t\t\t\t\t\t\t\t\t\t\t\t\t\t\t<\/div>\n\t\t\t\t<\/div>\n\t\t\t\t\t<\/div>\n\t\t<\/div>\n\t\t\t\t<div class=\"elementor-column elementor-col-25 elementor-top-column elementor-element elementor-element-93271f6\" data-id=\"93271f6\" data-element_type=\"column\" data-e-type=\"column\">\n\t\t\t<div class=\"elementor-widget-wrap elementor-element-populated\">\n\t\t\t\t\t\t<div class=\"elementor-element elementor-element-80dd396 elementor-widget elementor-widget-image\" data-id=\"80dd396\" data-element_type=\"widget\" data-e-type=\"widget\" data-widget_type=\"image.default\">\n\t\t\t\t<div class=\"elementor-widget-container\">\n\t\t\t\t\t\t\t\t\t\t\t\t\t\t\t<img loading=\"lazy\" decoding=\"async\" width=\"1024\" height=\"362\" src=\"https:\/\/www.naturefresh.eu\/wp-content\/uploads\/2021\/12\/teixpac_logo-1024x362.jpg\" class=\"attachment-large size-large wp-image-952\" alt=\"\" srcset=\"https:\/\/www.naturefresh.eu\/wp-content\/uploads\/2021\/12\/teixpac_logo-1024x362.jpg 1024w, https:\/\/www.naturefresh.eu\/wp-content\/uploads\/2021\/12\/teixpac_logo-300x106.jpg 300w, https:\/\/www.naturefresh.eu\/wp-content\/uploads\/2021\/12\/teixpac_logo-768x271.jpg 768w, https:\/\/www.naturefresh.eu\/wp-content\/uploads\/2021\/12\/teixpac_logo.jpg 1528w\" sizes=\"(max-width: 1024px) 100vw, 1024px\" \/>\t\t\t\t\t\t\t\t\t\t\t\t\t\t\t<\/div>\n\t\t\t\t<\/div>\n\t\t\t\t\t<\/div>\n\t\t<\/div>\n\t\t\t\t<div class=\"elementor-column elementor-col-25 elementor-top-column elementor-element elementor-element-897481d\" data-id=\"897481d\" data-element_type=\"column\" data-e-type=\"column\">\n\t\t\t<div class=\"elementor-widget-wrap elementor-element-populated\">\n\t\t\t\t\t\t<div class=\"elementor-element elementor-element-a4670c9 elementor-widget elementor-widget-image\" data-id=\"a4670c9\" data-element_type=\"widget\" data-e-type=\"widget\" data-widget_type=\"image.default\">\n\t\t\t\t<div class=\"elementor-widget-container\">\n\t\t\t\t\t\t\t\t\t\t\t\t\t\t\t<img loading=\"lazy\" decoding=\"async\" width=\"565\" height=\"89\" src=\"https:\/\/www.naturefresh.eu\/wp-content\/uploads\/2021\/12\/CTME.jpeg\" class=\"attachment-large size-large wp-image-456\" alt=\"\" srcset=\"https:\/\/www.naturefresh.eu\/wp-content\/uploads\/2021\/12\/CTME.jpeg 565w, https:\/\/www.naturefresh.eu\/wp-content\/uploads\/2021\/12\/CTME-300x47.jpeg 300w\" sizes=\"(max-width: 565px) 100vw, 565px\" \/>\t\t\t\t\t\t\t\t\t\t\t\t\t\t\t<\/div>\n\t\t\t\t<\/div>\n\t\t\t\t\t<\/div>\n\t\t<\/div>\n\t\t\t\t\t<\/div>\n\t\t<\/section>\n\t\t\t\t<section class=\"elementor-section elementor-top-section elementor-element elementor-element-d4fa199 elementor-section-content-middle buttonmore elementor-section-boxed elementor-section-height-default elementor-section-height-default\" data-id=\"d4fa199\" data-element_type=\"section\" data-e-type=\"section\">\n\t\t\t\t\t\t<div class=\"elementor-container elementor-column-gap-default\">\n\t\t\t\t\t<div class=\"elementor-column elementor-col-100 elementor-top-column elementor-element elementor-element-6604e9b\" data-id=\"6604e9b\" data-element_type=\"column\" data-e-type=\"column\">\n\t\t\t<div class=\"elementor-widget-wrap elementor-element-populated\">\n\t\t\t\t\t\t<div class=\"elementor-element elementor-element-1d8653a e-transform e-transform elementor-widget elementor-widget-button\" data-id=\"1d8653a\" data-element_type=\"widget\" data-e-type=\"widget\" data-settings=\"{&quot;_transform_skewX_effect_hover&quot;:{&quot;unit&quot;:&quot;px&quot;,&quot;size&quot;:-6,&quot;sizes&quot;:[]},&quot;_transform_skewY_effect_hover&quot;:{&quot;unit&quot;:&quot;px&quot;,&quot;size&quot;:0,&quot;sizes&quot;:[]},&quot;_transform_rotateZ_effect&quot;:{&quot;unit&quot;:&quot;px&quot;,&quot;size&quot;:&quot;&quot;,&quot;sizes&quot;:[]},&quot;_transform_rotateZ_effect_tablet&quot;:{&quot;unit&quot;:&quot;deg&quot;,&quot;size&quot;:&quot;&quot;,&quot;sizes&quot;:[]},&quot;_transform_rotateZ_effect_mobile&quot;:{&quot;unit&quot;:&quot;deg&quot;,&quot;size&quot;:&quot;&quot;,&quot;sizes&quot;:[]},&quot;_transform_skewX_effect_hover_tablet&quot;:{&quot;unit&quot;:&quot;deg&quot;,&quot;size&quot;:&quot;&quot;,&quot;sizes&quot;:[]},&quot;_transform_skewX_effect_hover_mobile&quot;:{&quot;unit&quot;:&quot;deg&quot;,&quot;size&quot;:&quot;&quot;,&quot;sizes&quot;:[]},&quot;_transform_skewY_effect_hover_tablet&quot;:{&quot;unit&quot;:&quot;deg&quot;,&quot;size&quot;:&quot;&quot;,&quot;sizes&quot;:[]},&quot;_transform_skewY_effect_hover_mobile&quot;:{&quot;unit&quot;:&quot;deg&quot;,&quot;size&quot;:&quot;&quot;,&quot;sizes&quot;:[]}}\" data-widget_type=\"button.default\">\n\t\t\t\t<div class=\"elementor-widget-container\">\n\t\t\t\t\t\t\t\t\t<div class=\"elementor-button-wrapper\">\n\t\t\t\t\t<a class=\"elementor-button elementor-button-link elementor-size-md\" href=\"\/de\/das-konsortium\/\">\n\t\t\t\t\t\t<span class=\"elementor-button-content-wrapper\">\n\t\t\t\t\t\t<span class=\"elementor-button-icon\">\n\t\t\t\t<i aria-hidden=\"true\" class=\"far fa-arrow-alt-circle-right\"><\/i>\t\t\t<\/span>\n\t\t\t\t\t\t\t\t\t<span class=\"elementor-button-text\">ERFHAREN SIE MEHR DAR\u00dcBER<\/span>\n\t\t\t\t\t<\/span>\n\t\t\t\t\t<\/a>\n\t\t\t\t<\/div>\n\t\t\t\t\t\t\t\t<\/div>\n\t\t\t\t<\/div>\n\t\t\t\t\t<\/div>\n\t\t<\/div>\n\t\t\t\t\t<\/div>\n\t\t<\/section>\n\t\t\t\t<\/div>\n\t\t","protected":false},"excerpt":{"rendered":"<p>Nature Fresh Entwicklung und Kommerzialisierungeines kompletten kompostierbarenFolienverpackungssystems THE PROJECT WORK PACKAGES Nur 14 % der j\u00e4hrlich produzierten 78 Mio. Tonnen Kunststoffe werden recycelt, der restliche Teil geht ins Abwasser (32 %), wird deponiert (40 %) oder verbrannt\/energisch verwertet (14 %). Aus diesem Grund ist die Kunststoffverschmutzung ein wachsendes Problem, dem sich die Menschheit stellen muss.Ist&hellip;&nbsp;<a href=\"https:\/\/www.naturefresh.eu\/de\/\" rel=\"bookmark\">Weiterlesen &raquo;<span class=\"screen-reader-text\">STARTSEITE<\/span><\/a><\/p>\n","protected":false},"author":1,"featured_media":0,"parent":0,"menu_order":0,"comment_status":"closed","ping_status":"closed","template":"page-templates\/template-pagebuilder-full-width.php","meta":{"neve_meta_sidebar":"full-width","neve_meta_container":"","neve_meta_enable_content_width":"on","neve_meta_content_width":100,"neve_meta_title_alignment":"","neve_meta_author_avatar":"","neve_post_elements_order":"","neve_meta_disable_header":"","neve_meta_disable_footer":"","neve_meta_disable_title":"","footnotes":""},"class_list":["post-1539","page","type-page","status-publish","hentry"],"_links":{"self":[{"href":"https:\/\/www.naturefresh.eu\/de\/wp-json\/wp\/v2\/pages\/1539","targetHints":{"allow":["GET"]}}],"collection":[{"href":"https:\/\/www.naturefresh.eu\/de\/wp-json\/wp\/v2\/pages"}],"about":[{"href":"https:\/\/www.naturefresh.eu\/de\/wp-json\/wp\/v2\/types\/page"}],"author":[{"embeddable":true,"href":"https:\/\/www.naturefresh.eu\/de\/wp-json\/wp\/v2\/users\/1"}],"replies":[{"embeddable":true,"href":"https:\/\/www.naturefresh.eu\/de\/wp-json\/wp\/v2\/comments?post=1539"}],"version-history":[{"count":7,"href":"https:\/\/www.naturefresh.eu\/de\/wp-json\/wp\/v2\/pages\/1539\/revisions"}],"predecessor-version":[{"id":1609,"href":"https:\/\/www.naturefresh.eu\/de\/wp-json\/wp\/v2\/pages\/1539\/revisions\/1609"}],"wp:attachment":[{"href":"https:\/\/www.naturefresh.eu\/de\/wp-json\/wp\/v2\/media?parent=1539"}],"curies":[{"name":"wp","href":"https:\/\/api.w.org\/{rel}","templated":true}]}}